{"id":10014,"date":"2023-01-05T08:59:15","date_gmt":"2023-01-05T07:59:15","guid":{"rendered":"http:\/\/217.182.142.226\/?page_id=10014"},"modified":"2023-01-05T16:06:11","modified_gmt":"2023-01-05T15:06:11","slug":"ma-commune","status":"publish","type":"page","link":"https:\/\/www.modave.be\/index.php\/ma-commune\/","title":{"rendered":"Ma commune"},"content":{"rendered":"\t\t<div data-elementor-type=\"wp-page\" data-elementor-id=\"10014\" class=\"elementor elementor-10014\" wpc-filter-elementor-widget=\"1\" data-elementor-post-type=\"page\">\n\t\t\t\t\t\t<section class=\"elementor-section elementor-top-section elementor-element elementor-element-efcc8e1 elementor-section-boxed elementor-section-height-default elementor-section-height-default\" data-id=\"efcc8e1\" data-element_type=\"section\" data-e-type=\"section\">\n\t\t\t\t\t\t<div class=\"elementor-container elementor-column-gap-default\">\n\t\t\t\t\t<div class=\"elementor-column elementor-col-50 elementor-top-column elementor-element elementor-element-009f87c\" data-id=\"009f87c\" data-element_type=\"column\" data-e-type=\"column\">\n\t\t\t<div class=\"elementor-widget-wrap elementor-element-populated\">\n\t\t\t\t\t\t<div class=\"elementor-element elementor-element-dbaa6e9 elementor-drop-cap-yes elementor-drop-cap-view-default elementor-widget elementor-widget-text-editor\" data-id=\"dbaa6e9\" data-element_type=\"widget\" data-e-type=\"widget\" data-settings=\"{&quot;drop_cap&quot;:&quot;yes&quot;}\" data-widget_type=\"text-editor.default\">\n\t\t\t\t<div class=\"elementor-widget-container\">\n\t\t\t\t\t\t\t\t\t<p>Situ\u00e9e en province de Li\u00e8ge, \u00e0 deux pas de la province de Namur, Modave est une commune accueillante o\u00f9 il fait bon vivre. Ancr\u00e9e au coeur du Condroz li\u00e8geois, elle est travers\u00e9e par la pittoresque vall\u00e9e du Hoyoux et ses petits affluents. Bien qu&rsquo;elle se situe en zone rurale, elle est proche de pus grands centres urbains tels :<\/p><ul><li>La ville de Huy \u00e0 10 km<\/li><li>La ville de Marche-en-Famenne \u00e0 25 km<\/li><li>La ville de Li\u00e8ge \u00e0 30 km<\/li><\/ul><p>Son territoire consiste en une succession de vall\u00e9es et de cr\u00eates (les tiges) dans un paysage arbor\u00e9 parsem\u00e9 de ch\u00e2teaux et de fermes remarquables : le ch\u00e2teau des Comtes de Marchin \u00e0 Modave, le ch\u00e2teau de Vierset, le ch\u00e2teau de Str\u00e9e, les manoirs de Royseux et de Facqueval, les fermes de Linchet, Survillers, Thibi\u00e9mont, de Barse,&#8230;<\/p><p>De tradition rurale, dans le condroz Hutois, elle est aussi en pleine mutation et r\u00e9solument tourn\u00e9e vers l&rsquo;avenir.<\/p>\t\t\t\t\t\t\t\t<\/div>\n\t\t\t\t<\/div>\n\t\t\t\t\t<\/div>\n\t\t<\/div>\n\t\t\t\t<div class=\"elementor-column elementor-col-50 elementor-top-column elementor-element elementor-element-79ddd86\" data-id=\"79ddd86\" data-element_type=\"column\" data-e-type=\"column\">\n\t\t\t<div class=\"elementor-widget-wrap elementor-element-populated\">\n\t\t\t\t\t\t<div class=\"elementor-element elementor-element-e7f7d1d elementor-widget elementor-widget-image\" data-id=\"e7f7d1d\" data-element_type=\"widget\" data-e-type=\"widget\" data-widget_type=\"image.default\">\n\t\t\t\t<div class=\"elementor-widget-container\">\n\t\t\t\t\t\t\t\t\t\t\t\t\t\t\t<img fetchpriority=\"high\" decoding=\"async\" width=\"1024\" height=\"768\" src=\"https:\/\/www.modave.be\/wp-content\/uploads\/2023\/01\/Modave_JPG01_LICENCE-1024x768.jpg\" class=\"attachment-large size-large wp-image-10024\" alt=\"\" srcset=\"https:\/\/www.modave.be\/wp-content\/uploads\/2023\/01\/Modave_JPG01_LICENCE-1024x768.jpg 1024w, https:\/\/www.modave.be\/wp-content\/uploads\/2023\/01\/Modave_JPG01_LICENCE-300x225.jpg 300w, https:\/\/www.modave.be\/wp-content\/uploads\/2023\/01\/Modave_JPG01_LICENCE-768x576.jpg 768w, https:\/\/www.modave.be\/wp-content\/uploads\/2023\/01\/Modave_JPG01_LICENCE-1536x1152.jpg 1536w, https:\/\/www.modave.be\/wp-content\/uploads\/2023\/01\/Modave_JPG01_LICENCE-2048x1536.jpg 2048w\" sizes=\"(max-width: 1024px) 100vw, 1024px\" \/>\t\t\t\t\t\t\t\t\t\t\t\t\t\t\t<\/div>\n\t\t\t\t<\/div>\n\t\t\t\t\t<\/div>\n\t\t<\/div>\n\t\t\t\t\t<\/div>\n\t\t<\/section>\n\t\t\t\t<section class=\"elementor-section elementor-top-section elementor-element elementor-element-a9b3163 elementor-section-boxed elementor-section-height-default elementor-section-height-default\" data-id=\"a9b3163\" data-element_type=\"section\" data-e-type=\"section\">\n\t\t\t\t\t\t<div class=\"elementor-container elementor-column-gap-default\">\n\t\t\t\t\t<div class=\"elementor-column elementor-col-100 elementor-top-column elementor-element elementor-element-92cbeb1\" data-id=\"92cbeb1\" data-element_type=\"column\" data-e-type=\"column\">\n\t\t\t<div class=\"elementor-widget-wrap elementor-element-populated\">\n\t\t\t\t\t\t<div class=\"elementor-element elementor-element-3fad3e4 widget-divider-yes dt-nav-menu_align-center dt-sub-menu_align-center elementor-widget elementor-widget-the7_nav-menu\" data-id=\"3fad3e4\" data-element_type=\"widget\" data-e-type=\"widget\" data-settings=\"{&quot;submenu_display&quot;:&quot;on_click&quot;}\" data-widget_type=\"the7_nav-menu.default\">\n\t\t\t\t<div class=\"elementor-widget-container\">\n\t\t\t\t\t<nav class=\"dt-nav-menu--main dt-nav-menu__container dt-sub-menu-display-on_click dt-icon-align-with_text dt-icon-position-right dt-sub-icon-position-right dt-sub-icon-align-with_text\"><ul class=\"dt-nav-menu\"><li class=\"menu-item menu-item-type-post_type menu-item-object-page menu-item-10048 first depth-0\"><a href='https:\/\/www.modave.be\/index.php\/acces-situation\/' data-level='1'><span class=\"item-content\"><span class=\"menu-item-text\"><span class=\"menu-text\">Acc\u00e8s &#8211; Situation<\/span><\/span><\/span><span class=\"right next-level-button\" data-icon = \"fas fa-caret-down\"><i aria-hidden=\"true\" class=\"open-button fas fa-caret-right\"><\/i> <i aria-hidden=\"true\" class=\"icon-active fas fa-caret-down\"><\/i><\/span><\/a><\/li> <li class=\"menu-item menu-item-type-post_type menu-item-object-page menu-item-10049 depth-0\"><a href='https:\/\/www.modave.be\/index.php\/historique\/' data-level='1'><span class=\"item-content\"><span class=\"menu-item-text\"><span class=\"menu-text\">Historique<\/span><\/span><\/span><span class=\"right next-level-button\" data-icon = \"fas fa-caret-down\"><i aria-hidden=\"true\" class=\"open-button fas fa-caret-right\"><\/i> <i aria-hidden=\"true\" class=\"icon-active fas fa-caret-down\"><\/i><\/span><\/a><\/li> <li class=\"menu-item menu-item-type-post_type menu-item-object-page menu-item-11998 depth-0\"><a href='https:\/\/www.modave.be\/index.php\/services-communaux\/' data-level='1'><span class=\"item-content\"><span class=\"menu-item-text\"><span class=\"menu-text\">Services Communaux<\/span><\/span><\/span><span class=\"right next-level-button\" data-icon = \"fas fa-caret-down\"><i aria-hidden=\"true\" class=\"open-button fas fa-caret-right\"><\/i> <i aria-hidden=\"true\" class=\"icon-active fas fa-caret-down\"><\/i><\/span><\/a><\/li> <li class=\"menu-item menu-item-type-post_type menu-item-object-page menu-item-11999 depth-0\"><a href='https:\/\/www.modave.be\/index.php\/zone-de-police-du-condroz\/' data-level='1'><span class=\"item-content\"><span class=\"menu-item-text\"><span class=\"menu-text\">Zone de police du Condroz<\/span><\/span><\/span><span class=\"right next-level-button\" data-icon = \"fas fa-caret-down\"><i aria-hidden=\"true\" class=\"open-button fas fa-caret-right\"><\/i> <i aria-hidden=\"true\" class=\"icon-active fas fa-caret-down\"><\/i><\/span><\/a><\/li> <li class=\"menu-item menu-item-type-post_type menu-item-object-page menu-item-12000 depth-0\"><a href='https:\/\/www.modave.be\/index.php\/politique\/' data-level='1'><span class=\"item-content\"><span class=\"menu-item-text\"><span class=\"menu-text\">Politique<\/span><\/span><\/span><span class=\"right next-level-button\" data-icon = \"fas fa-caret-down\"><i aria-hidden=\"true\" class=\"open-button fas fa-caret-right\"><\/i> <i aria-hidden=\"true\" class=\"icon-active fas fa-caret-down\"><\/i><\/span><\/a><\/li> <li class=\"menu-item menu-item-type-post_type menu-item-object-page menu-item-12001 depth-0\"><a href='https:\/\/www.modave.be\/index.php\/accueil-de-0-a-3-ans\/' data-level='1'><span class=\"item-content\"><span class=\"menu-item-text\"><span class=\"menu-text\">Accueil de 0 \u00e0 3 ans<\/span><\/span><\/span><span class=\"right next-level-button\" data-icon = \"fas fa-caret-down\"><i aria-hidden=\"true\" class=\"open-button fas fa-caret-right\"><\/i> <i aria-hidden=\"true\" class=\"icon-active fas fa-caret-down\"><\/i><\/span><\/a><\/li> <li class=\"menu-item menu-item-type-post_type menu-item-object-page menu-item-12002 depth-0\"><a href='https:\/\/www.modave.be\/index.php\/enseignement\/' data-level='1'><span class=\"item-content\"><span class=\"menu-item-text\"><span class=\"menu-text\">Enseignement<\/span><\/span><\/span><span class=\"right next-level-button\" data-icon = \"fas fa-caret-down\"><i aria-hidden=\"true\" class=\"open-button fas fa-caret-right\"><\/i> <i aria-hidden=\"true\" class=\"icon-active fas fa-caret-down\"><\/i><\/span><\/a><\/li> <li class=\"menu-item menu-item-type-post_type menu-item-object-page menu-item-12003 depth-0\"><a href='https:\/\/www.modave.be\/index.php\/salles-communales\/' data-level='1'><span class=\"item-content\"><span class=\"menu-item-text\"><span class=\"menu-text\">Salles communales<\/span><\/span><\/span><span class=\"right next-level-button\" data-icon = \"fas fa-caret-down\"><i aria-hidden=\"true\" class=\"open-button fas fa-caret-right\"><\/i> <i aria-hidden=\"true\" class=\"icon-active fas fa-caret-down\"><\/i><\/span><\/a><\/li> <li class=\"menu-item menu-item-type-post_type menu-item-object-page menu-item-12004 depth-0\"><a href='https:\/\/www.modave.be\/index.php\/agence-locale-pour-lemploi\/' data-level='1'><span class=\"item-content\"><span class=\"menu-item-text\"><span class=\"menu-text\">Agence locale pour l&#8217;emploi<\/span><\/span><\/span><span class=\"right next-level-button\" data-icon = \"fas fa-caret-down\"><i aria-hidden=\"true\" class=\"open-button fas fa-caret-right\"><\/i> <i aria-hidden=\"true\" class=\"icon-active fas fa-caret-down\"><\/i><\/span><\/a><\/li> <li class=\"menu-item menu-item-type-post_type menu-item-object-page menu-item-12005 depth-0\"><a href='https:\/\/www.modave.be\/index.php\/bibliotheque\/' data-level='1'><span class=\"item-content\"><span class=\"menu-item-text\"><span class=\"menu-text\">Biblioth\u00e8que<\/span><\/span><\/span><span class=\"right next-level-button\" data-icon = \"fas fa-caret-down\"><i aria-hidden=\"true\" class=\"open-button fas fa-caret-right\"><\/i> <i aria-hidden=\"true\" class=\"icon-active fas fa-caret-down\"><\/i><\/span><\/a><\/li> <li class=\"menu-item menu-item-type-post_type menu-item-object-page menu-item-12006 depth-0\"><a href='https:\/\/www.modave.be\/index.php\/publications\/' data-level='1'><span class=\"item-content\"><span class=\"menu-item-text\"><span class=\"menu-text\">Publications<\/span><\/span><\/span><span class=\"right next-level-button\" data-icon = \"fas fa-caret-down\"><i aria-hidden=\"true\" class=\"open-button fas fa-caret-right\"><\/i> <i aria-hidden=\"true\" class=\"icon-active fas fa-caret-down\"><\/i><\/span><\/a><\/li> <li class=\"menu-item menu-item-type-post_type menu-item-object-page menu-item-12007 last depth-0\"><a href='https:\/\/www.modave.be\/index.php\/gestionnaires-de-reseaux\/' data-level='1'><span class=\"item-content\"><span class=\"menu-item-text\"><span class=\"menu-text\">Gestionnaires de r\u00e9seaux<\/span><\/span><\/span><span class=\"right next-level-button\" data-icon = \"fas fa-caret-down\"><i aria-hidden=\"true\" class=\"open-button fas fa-caret-right\"><\/i> <i aria-hidden=\"true\" class=\"icon-active fas fa-caret-down\"><\/i><\/span><\/a><\/li> <\/ul><\/nav>\t\t\t\t<\/div>\n\t\t\t\t<\/div>\n\t\t\t\t\t<\/div>\n\t\t<\/div>\n\t\t\t\t\t<\/div>\n\t\t<\/section>\n\t\t\t\t<\/div>\n\t\t","protected":false},"excerpt":{"rendered":"<p>Situ\u00e9e en province de Li\u00e8ge, \u00e0 deux pas de la province de Namur, Modave est une commune accueillante o\u00f9 il fait bon vivre. Ancr\u00e9e au coeur du Condroz li\u00e8geois, elle est travers\u00e9e par la pittoresque vall\u00e9e du Hoyoux et ses petits affluents. Bien qu&rsquo;elle se situe en zone rurale, elle est proche de pus grands&hellip;<\/p>\n","protected":false},"author":1,"featured_media":10003,"parent":0,"menu_order":0,"comment_status":"closed","ping_status":"closed","template":"","meta":{"footnotes":""},"class_list":["post-10014","page","type-page","status-publish","has-post-thumbnail","hentry"],"yoast_head":"<!-- This site is optimized with the Yoast SEO plugin v27.5 - https:\/\/yoast.com\/product\/yoast-seo-wordpress\/ -->\n<title>Ma commune - Commune de Modave<\/title>\n<meta name=\"robots\" content=\"index, follow, max-snippet:-1, max-image-preview:large, max-video-preview:-1\" \/>\n<link rel=\"canonical\" href=\"https:\/\/www.modave.be\/index.php\/ma-commune\/\" \/>\n<meta property=\"og:locale\" content=\"fr_FR\" \/>\n<meta property=\"og:type\" content=\"article\" \/>\n<meta property=\"og:title\" content=\"Ma commune - Commune de Modave\" \/>\n<meta property=\"og:description\" content=\"Situ\u00e9e en province de Li\u00e8ge, \u00e0 deux pas de la province de Namur, Modave est une commune accueillante o\u00f9 il fait bon vivre. Ancr\u00e9e au coeur du Condroz li\u00e8geois, elle est travers\u00e9e par la pittoresque vall\u00e9e du Hoyoux et ses petits affluents. Bien qu&rsquo;elle se situe en zone rurale, elle est proche de pus grands&hellip;\" \/>\n<meta property=\"og:url\" content=\"https:\/\/www.modave.be\/index.php\/ma-commune\/\" \/>\n<meta property=\"og:site_name\" content=\"Commune de Modave\" \/>\n<meta property=\"article:modified_time\" content=\"2023-01-05T15:06:11+00:00\" \/>\n<meta property=\"og:image\" content=\"https:\/\/www.modave.be\/wp-content\/uploads\/2023\/01\/Slider3.jpg\" \/>\n\t<meta property=\"og:image:width\" content=\"1280\" \/>\n\t<meta property=\"og:image:height\" content=\"852\" \/>\n\t<meta property=\"og:image:type\" content=\"image\/jpeg\" \/>\n<meta name=\"twitter:card\" content=\"summary_large_image\" \/>\n<meta name=\"twitter:label1\" content=\"Dur\u00e9e de lecture estim\u00e9e\" \/>\n\t<meta name=\"twitter:data1\" content=\"1 minute\" \/>\n<script type=\"application\/ld+json\" class=\"yoast-schema-graph\">{\"@context\":\"https:\\\/\\\/schema.org\",\"@graph\":[{\"@type\":\"WebPage\",\"@id\":\"https:\\\/\\\/www.modave.be\\\/index.php\\\/ma-commune\\\/\",\"url\":\"https:\\\/\\\/www.modave.be\\\/index.php\\\/ma-commune\\\/\",\"name\":\"Ma commune - Commune de Modave\",\"isPartOf\":{\"@id\":\"https:\\\/\\\/www.modave.be\\\/#website\"},\"primaryImageOfPage\":{\"@id\":\"https:\\\/\\\/www.modave.be\\\/index.php\\\/ma-commune\\\/#primaryimage\"},\"image\":{\"@id\":\"https:\\\/\\\/www.modave.be\\\/index.php\\\/ma-commune\\\/#primaryimage\"},\"thumbnailUrl\":\"https:\\\/\\\/www.modave.be\\\/wp-content\\\/uploads\\\/2023\\\/01\\\/Slider3.jpg\",\"datePublished\":\"2023-01-05T07:59:15+00:00\",\"dateModified\":\"2023-01-05T15:06:11+00:00\",\"breadcrumb\":{\"@id\":\"https:\\\/\\\/www.modave.be\\\/index.php\\\/ma-commune\\\/#breadcrumb\"},\"inLanguage\":\"fr-FR\",\"potentialAction\":[{\"@type\":\"ReadAction\",\"target\":[\"https:\\\/\\\/www.modave.be\\\/index.php\\\/ma-commune\\\/\"]}]},{\"@type\":\"ImageObject\",\"inLanguage\":\"fr-FR\",\"@id\":\"https:\\\/\\\/www.modave.be\\\/index.php\\\/ma-commune\\\/#primaryimage\",\"url\":\"https:\\\/\\\/www.modave.be\\\/wp-content\\\/uploads\\\/2023\\\/01\\\/Slider3.jpg\",\"contentUrl\":\"https:\\\/\\\/www.modave.be\\\/wp-content\\\/uploads\\\/2023\\\/01\\\/Slider3.jpg\",\"width\":1280,\"height\":852},{\"@type\":\"BreadcrumbList\",\"@id\":\"https:\\\/\\\/www.modave.be\\\/index.php\\\/ma-commune\\\/#breadcrumb\",\"itemListElement\":[{\"@type\":\"ListItem\",\"position\":1,\"name\":\"Accueil\",\"item\":\"https:\\\/\\\/www.modave.be\\\/\"},{\"@type\":\"ListItem\",\"position\":2,\"name\":\"Ma commune\"}]},{\"@type\":\"WebSite\",\"@id\":\"https:\\\/\\\/www.modave.be\\\/#website\",\"url\":\"https:\\\/\\\/www.modave.be\\\/\",\"name\":\"Commune de Modave\",\"description\":\"Commune de Modave\",\"publisher\":{\"@id\":\"https:\\\/\\\/www.modave.be\\\/#organization\"},\"potentialAction\":[{\"@type\":\"SearchAction\",\"target\":{\"@type\":\"EntryPoint\",\"urlTemplate\":\"https:\\\/\\\/www.modave.be\\\/?s={search_term_string}\"},\"query-input\":{\"@type\":\"PropertyValueSpecification\",\"valueRequired\":true,\"valueName\":\"search_term_string\"}}],\"inLanguage\":\"fr-FR\"},{\"@type\":\"Organization\",\"@id\":\"https:\\\/\\\/www.modave.be\\\/#organization\",\"name\":\"Commune de Modave\",\"url\":\"https:\\\/\\\/www.modave.be\\\/\",\"logo\":{\"@type\":\"ImageObject\",\"inLanguage\":\"fr-FR\",\"@id\":\"https:\\\/\\\/www.modave.be\\\/#\\\/schema\\\/logo\\\/image\\\/\",\"url\":\"https:\\\/\\\/www.modave.be\\\/wp-content\\\/uploads\\\/2021\\\/12\\\/MODAVE_LOGO_HORIZONTAL_QUADRI_RVB.png\",\"contentUrl\":\"https:\\\/\\\/www.modave.be\\\/wp-content\\\/uploads\\\/2021\\\/12\\\/MODAVE_LOGO_HORIZONTAL_QUADRI_RVB.png\",\"width\":1200,\"height\":501,\"caption\":\"Commune de Modave\"},\"image\":{\"@id\":\"https:\\\/\\\/www.modave.be\\\/#\\\/schema\\\/logo\\\/image\\\/\"}}]}<\/script>\n<!-- \/ Yoast SEO plugin. -->","yoast_head_json":{"title":"Ma commune - Commune de Modave","robots":{"index":"index","follow":"follow","max-snippet":"max-snippet:-1","max-image-preview":"max-image-preview:large","max-video-preview":"max-video-preview:-1"},"canonical":"https:\/\/www.modave.be\/index.php\/ma-commune\/","og_locale":"fr_FR","og_type":"article","og_title":"Ma commune - Commune de Modave","og_description":"Situ\u00e9e en province de Li\u00e8ge, \u00e0 deux pas de la province de Namur, Modave est une commune accueillante o\u00f9 il fait bon vivre. Ancr\u00e9e au coeur du Condroz li\u00e8geois, elle est travers\u00e9e par la pittoresque vall\u00e9e du Hoyoux et ses petits affluents. Bien qu&rsquo;elle se situe en zone rurale, elle est proche de pus grands&hellip;","og_url":"https:\/\/www.modave.be\/index.php\/ma-commune\/","og_site_name":"Commune de Modave","article_modified_time":"2023-01-05T15:06:11+00:00","og_image":[{"width":1280,"height":852,"url":"https:\/\/www.modave.be\/wp-content\/uploads\/2023\/01\/Slider3.jpg","type":"image\/jpeg"}],"twitter_card":"summary_large_image","twitter_misc":{"Dur\u00e9e de lecture estim\u00e9e":"1 minute"},"schema":{"@context":"https:\/\/schema.org","@graph":[{"@type":"WebPage","@id":"https:\/\/www.modave.be\/index.php\/ma-commune\/","url":"https:\/\/www.modave.be\/index.php\/ma-commune\/","name":"Ma commune - Commune de Modave","isPartOf":{"@id":"https:\/\/www.modave.be\/#website"},"primaryImageOfPage":{"@id":"https:\/\/www.modave.be\/index.php\/ma-commune\/#primaryimage"},"image":{"@id":"https:\/\/www.modave.be\/index.php\/ma-commune\/#primaryimage"},"thumbnailUrl":"https:\/\/www.modave.be\/wp-content\/uploads\/2023\/01\/Slider3.jpg","datePublished":"2023-01-05T07:59:15+00:00","dateModified":"2023-01-05T15:06:11+00:00","breadcrumb":{"@id":"https:\/\/www.modave.be\/index.php\/ma-commune\/#breadcrumb"},"inLanguage":"fr-FR","potentialAction":[{"@type":"ReadAction","target":["https:\/\/www.modave.be\/index.php\/ma-commune\/"]}]},{"@type":"ImageObject","inLanguage":"fr-FR","@id":"https:\/\/www.modave.be\/index.php\/ma-commune\/#primaryimage","url":"https:\/\/www.modave.be\/wp-content\/uploads\/2023\/01\/Slider3.jpg","contentUrl":"https:\/\/www.modave.be\/wp-content\/uploads\/2023\/01\/Slider3.jpg","width":1280,"height":852},{"@type":"BreadcrumbList","@id":"https:\/\/www.modave.be\/index.php\/ma-commune\/#breadcrumb","itemListElement":[{"@type":"ListItem","position":1,"name":"Accueil","item":"https:\/\/www.modave.be\/"},{"@type":"ListItem","position":2,"name":"Ma commune"}]},{"@type":"WebSite","@id":"https:\/\/www.modave.be\/#website","url":"https:\/\/www.modave.be\/","name":"Commune de Modave","description":"Commune de Modave","publisher":{"@id":"https:\/\/www.modave.be\/#organization"},"potentialAction":[{"@type":"SearchAction","target":{"@type":"EntryPoint","urlTemplate":"https:\/\/www.modave.be\/?s={search_term_string}"},"query-input":{"@type":"PropertyValueSpecification","valueRequired":true,"valueName":"search_term_string"}}],"inLanguage":"fr-FR"},{"@type":"Organization","@id":"https:\/\/www.modave.be\/#organization","name":"Commune de Modave","url":"https:\/\/www.modave.be\/","logo":{"@type":"ImageObject","inLanguage":"fr-FR","@id":"https:\/\/www.modave.be\/#\/schema\/logo\/image\/","url":"https:\/\/www.modave.be\/wp-content\/uploads\/2021\/12\/MODAVE_LOGO_HORIZONTAL_QUADRI_RVB.png","contentUrl":"https:\/\/www.modave.be\/wp-content\/uploads\/2021\/12\/MODAVE_LOGO_HORIZONTAL_QUADRI_RVB.png","width":1200,"height":501,"caption":"Commune de Modave"},"image":{"@id":"https:\/\/www.modave.be\/#\/schema\/logo\/image\/"}}]}},"_links":{"self":[{"href":"https:\/\/www.modave.be\/index.php\/wp-json\/wp\/v2\/pages\/10014","targetHints":{"allow":["GET"]}}],"collection":[{"href":"https:\/\/www.modave.be\/index.php\/wp-json\/wp\/v2\/pages"}],"about":[{"href":"https:\/\/www.modave.be\/index.php\/wp-json\/wp\/v2\/types\/page"}],"author":[{"embeddable":true,"href":"https:\/\/www.modave.be\/index.php\/wp-json\/wp\/v2\/users\/1"}],"replies":[{"embeddable":true,"href":"https:\/\/www.modave.be\/index.php\/wp-json\/wp\/v2\/comments?post=10014"}],"version-history":[{"count":0,"href":"https:\/\/www.modave.be\/index.php\/wp-json\/wp\/v2\/pages\/10014\/revisions"}],"wp:featuredmedia":[{"embeddable":true,"href":"https:\/\/www.modave.be\/index.php\/wp-json\/wp\/v2\/media\/10003"}],"wp:attachment":[{"href":"https:\/\/www.modave.be\/index.php\/wp-json\/wp\/v2\/media?parent=10014"}],"curies":[{"name":"wp","href":"https:\/\/api.w.org\/{rel}","templated":true}]}}