{"id":10040,"date":"2023-01-05T15:38:45","date_gmt":"2023-01-05T14:38:45","guid":{"rendered":"http:\/\/217.182.142.226\/?page_id=10040"},"modified":"2023-01-05T16:01:21","modified_gmt":"2023-01-05T15:01:21","slug":"historique","status":"publish","type":"page","link":"https:\/\/www.modave.be\/index.php\/historique\/","title":{"rendered":"Historique"},"content":{"rendered":"\t\t<div data-elementor-type=\"wp-page\" data-elementor-id=\"10040\" class=\"elementor elementor-10040\" wpc-filter-elementor-widget=\"1\" data-elementor-post-type=\"page\">\n\t\t\t\t\t\t<section class=\"elementor-section elementor-top-section elementor-element elementor-element-437eb6c elementor-section-boxed elementor-section-height-default elementor-section-height-default\" data-id=\"437eb6c\" data-element_type=\"section\" data-e-type=\"section\">\n\t\t\t\t\t\t<div class=\"elementor-container elementor-column-gap-default\">\n\t\t\t\t\t<div class=\"elementor-column elementor-col-100 elementor-top-column elementor-element elementor-element-4c4d26b\" data-id=\"4c4d26b\" data-element_type=\"column\" data-e-type=\"column\">\n\t\t\t<div class=\"elementor-widget-wrap elementor-element-populated\">\n\t\t\t\t\t\t<section class=\"elementor-section elementor-inner-section elementor-element elementor-element-9d57845 elementor-section-boxed elementor-section-height-default elementor-section-height-default\" data-id=\"9d57845\" data-element_type=\"section\" data-e-type=\"section\">\n\t\t\t\t\t\t<div class=\"elementor-container elementor-column-gap-default\">\n\t\t\t\t\t<div class=\"elementor-column elementor-col-50 elementor-inner-column elementor-element elementor-element-0172ee3\" data-id=\"0172ee3\" data-element_type=\"column\" data-e-type=\"column\">\n\t\t\t<div class=\"elementor-widget-wrap elementor-element-populated\">\n\t\t\t\t\t\t<div class=\"elementor-element elementor-element-51cc539 elementor-widget elementor-widget-heading\" data-id=\"51cc539\" data-element_type=\"widget\" data-e-type=\"widget\" data-widget_type=\"heading.default\">\n\t\t\t\t<div class=\"elementor-widget-container\">\n\t\t\t\t\t<h3 class=\"elementor-heading-title elementor-size-default\">Histoire de nos villages :<\/h3>\t\t\t\t<\/div>\n\t\t\t\t<\/div>\n\t\t\t\t\t<\/div>\n\t\t<\/div>\n\t\t\t\t<div class=\"elementor-column elementor-col-50 elementor-inner-column elementor-element elementor-element-cbe68a4\" data-id=\"cbe68a4\" data-element_type=\"column\" data-e-type=\"column\">\n\t\t\t<div class=\"elementor-widget-wrap\">\n\t\t\t\t\t\t\t<\/div>\n\t\t<\/div>\n\t\t\t\t\t<\/div>\n\t\t<\/section>\n\t\t\t\t<section class=\"elementor-section elementor-inner-section elementor-element elementor-element-78fd6a9 elementor-section-boxed elementor-section-height-default elementor-section-height-default\" data-id=\"78fd6a9\" data-element_type=\"section\" data-e-type=\"section\">\n\t\t\t\t\t\t<div class=\"elementor-container elementor-column-gap-default\">\n\t\t\t\t\t<div class=\"elementor-column elementor-col-100 elementor-inner-column elementor-element elementor-element-e718d86\" data-id=\"e718d86\" data-element_type=\"column\" data-e-type=\"column\">\n\t\t\t<div class=\"elementor-widget-wrap elementor-element-populated\">\n\t\t\t\t\t\t<div class=\"elementor-element elementor-element-554fe02 elementor-widget elementor-widget-heading\" data-id=\"554fe02\" data-element_type=\"widget\" data-e-type=\"widget\" data-widget_type=\"heading.default\">\n\t\t\t\t<div class=\"elementor-widget-container\">\n\t\t\t\t\t<h5 class=\"elementor-heading-title elementor-size-default\">Source : HISTRADI<\/h5>\t\t\t\t<\/div>\n\t\t\t\t<\/div>\n\t\t\t\t\t<\/div>\n\t\t<\/div>\n\t\t\t\t\t<\/div>\n\t\t<\/section>\n\t\t\t\t<section class=\"elementor-section elementor-inner-section elementor-element elementor-element-9bb88ae elementor-section-boxed elementor-section-height-default elementor-section-height-default\" data-id=\"9bb88ae\" data-element_type=\"section\" data-e-type=\"section\">\n\t\t\t\t\t\t<div class=\"elementor-container elementor-column-gap-default\">\n\t\t\t\t\t<div class=\"elementor-column elementor-col-100 elementor-inner-column elementor-element elementor-element-81e6dd3\" data-id=\"81e6dd3\" data-element_type=\"column\" data-e-type=\"column\">\n\t\t\t<div class=\"elementor-widget-wrap elementor-element-populated\">\n\t\t\t\t\t\t<div class=\"elementor-element elementor-element-38438d8 elementor-widget elementor-widget-text-editor\" data-id=\"38438d8\" data-element_type=\"widget\" data-e-type=\"widget\" data-widget_type=\"text-editor.default\">\n\t\t\t\t<div class=\"elementor-widget-container\">\n\t\t\t\t\t\t\t\t\t<p>Les diff\u00e9rents villages de l\u2019entit\u00e9 de Modave ont tous livr\u00e9 des vestiges pr\u00e9historiques, en particulier le Trou al Wesse \u00e0 Petit-Modave et le Grand Bois de Barse.<\/p><p>Pour les Romains, nous faisons partie de la tribu des Condruzes cit\u00e9e par C\u00e9sar.\u00a0 La d\u00e9esse gauloise Viradechtis est honor\u00e9e \u00e0 l\u2019endroit m\u00eame o\u00f9 coule aujourd\u2019hui la fontaine Ste-Genevi\u00e8ve.<\/p><p>Les lieux-dits Survillers (villa), Camp Romain, Voie des Romains, tout autant que notre langue wallonne, attestent la romanisation profonde de notre r\u00e9gion.\u00a0 Str\u00e9e doit son nom \u00e0 la chauss\u00e9e romaine (strata) qui reliait Tongres \u00e0 Arlon et passait la Meuse \u00e0 Ombret-Rausa.<\/p><p>Ensuite les M\u00e9rovingiens s\u2019installent \u00e0 Modave et Vierset.\u00a0 Du Moyen-Age datent la plupart des hameaux actuels.\u00a0 C\u2019est ainsi qu\u2019on d\u00e9nombre les Seigneuries de Linchet, Grand-Modave, Petit-Modave, Barse, Vierset, Str\u00e9e\u2026 Outrelouxhe fait partie de la Seigneurie d\u2019Ab\u00e9e et Rausa d\u00e9pend du Chapitre coll\u00e9gial d\u2019Amay.<\/p><p>Des ch\u00e2teaux-forts dominent fi\u00e8rement les \u00e9perons rocheux qui surplombent la vall\u00e9e du Hoyoux\u00a0:\u00a0 ainsi le ch\u00e2teau de Barse au 11<sup>e<\/sup>\u00a0s. (d\u00e9truit par les bourgeois de Huy en 1314), le ch\u00e2teau de Vierset incendi\u00e9 en 1267, le ch\u00e2teau de Str\u00e9e , le donjon carr\u00e9 de Roiseux et le donjon du ch\u00e2teau de Modave.\u00a0 Aux 12<sup>e<\/sup>\u00a0et 13<sup>e<\/sup>\u00a0s. sont construites les \u00e9glises et chapelles romanes qu\u2019on peut encore admirer aujourd\u2019hui\u00a0:\u00a0 Modave, Limet, Str\u00e9e.<\/p><p>Jusqu\u2019\u00e0 la R\u00e9volution fran\u00e7aise, les Seigneuries passent de main en main, se vendent, s\u2019ach\u00e8tent, sont conquises par les armes.\u00a0 Eglises et ch\u00e2teaux sont modifi\u00e9s, agrandis au cours des si\u00e8cles.<\/p><p>Incendi\u00e9 par les troupes de Lorraine au milieu du 17<sup>e<\/sup>\u00a0s., le ch\u00e2teau de Modave est reconstruit et prend la forme que nous lui connaissons aujourd&rsquo;hui.\u00a0 www.modave-castle.be<\/p><p>A la m\u00eame \u00e9poque se multiplient les ch\u00e2teaux-fermes et les fermes carr\u00e9es typiques du Condroz o\u00f9 l\u2019\u00e9conomie est et reste essentiellement agricole.\u00a0 Le ch\u00e2teau de Vierset ainsi que celui de Str\u00e9e\u00a0 datent du 18<sup>e<\/sup>\u00a0si\u00e8cle.<\/p><p>Apr\u00e8s la cr\u00e9ation de la Belgique, les villages sont dot\u00e9s de b\u00e2timents officiels.\u00a0 La 2<sup>e<\/sup>\u00a0moiti\u00e9 du 19<sup>e<\/sup>\u00a0s. voit la construction d\u2019\u00e9coles dans lesquelles est r\u00e9serv\u00e9 un local pour l\u2019administration communale.\u00a0 De nouvelles \u00e9glises plus spacieuses remplacent les anciennes chapelles de Vierset et de Rausa .\u00a0 Vierset se dote d\u2019une gendarmerie et d\u2019une maison du peuple qui abrite \u00e9galement la coop\u00e9rative. Ces b\u00e2timents n\u2019existent plus dans ces fonctions. Le b\u00e2timent de l\u2019ancienne gendarmerie abrite actuellement la police locale . La coop\u00e9rative, elle, n\u2019existe plus.<\/p><p>Car parall\u00e8lement \u00e0 l\u2019\u00e9levage et \u00e0 l\u2019agriculture, notre r\u00e9gion a connu un d\u00e9veloppement industriel. L\u2019exploitation houill\u00e8re et les mines de fer ont \u00e9t\u00e9 supplant\u00e9es au 19<sup>e<\/sup>\u00a0par des carri\u00e8res, avec leurs industries annexes (fours \u00e0 chaux \u00e0 Str\u00e9e et Outrelouxhe, scieries de marbre \u00e0 Vierset-Barse, fabrication de produits r\u00e9fractaires \u00e0 Modave).\u00a0 Sur d\u00e9cision du roi L\u00e9opold II, des captages assurent pour Bruxelles une eau particuli\u00e8rement saine et pure, au prix de la disparition de Petit-Modave constitu\u00e9 en r\u00e9serve naturelle\u00a0 www.cibe.be.\u00a0 Une ligne de chemin de fer parall\u00e8le au Hoyoux permet le transport des voyageurs, parmi lesquels les touristes qui fr\u00e9quentent le Pont-de-Bonne.<\/p><p>La vall\u00e9e du Hoyoux conna\u00eet une grande prosp\u00e9rit\u00e9 due principalement \u00e0 la rivi\u00e8re\u00a0:\u00a0 source des eaux de Modave : moulins, laminoirs \u00e0 t\u00f4les, papeteries, scieries.\u00a0 Les coop\u00e9ratives tant agricoles qu\u2019ouvri\u00e8res se d\u00e9veloppent ainsi que le syndicalisme.\u00a0 Son plus illustre repr\u00e9sentant fut Georges Hubin, tailleur de pierre devenu ministre d\u2019Etat.<\/p>\t\t\t\t\t\t\t\t<\/div>\n\t\t\t\t<\/div>\n\t\t\t\t\t<\/div>\n\t\t<\/div>\n\t\t\t\t\t<\/div>\n\t\t<\/section>\n\t\t\t\t\t<\/div>\n\t\t<\/div>\n\t\t\t\t\t<\/div>\n\t\t<\/section>\n\t\t\t\t<\/div>\n\t\t","protected":false},"excerpt":{"rendered":"<p>Histoire de nos villages : Source : HISTRADI Les diff\u00e9rents villages de l\u2019entit\u00e9 de Modave ont tous livr\u00e9 des vestiges pr\u00e9historiques, en particulier le Trou al Wesse \u00e0 Petit-Modave et le Grand Bois de Barse. Pour les Romains, nous faisons partie de la tribu des Condruzes cit\u00e9e par C\u00e9sar.\u00a0 La d\u00e9esse gauloise Viradechtis est honor\u00e9e&hellip;<\/p>\n","protected":false},"author":1,"featured_media":9949,"parent":0,"menu_order":0,"comment_status":"closed","ping_status":"closed","template":"","meta":{"footnotes":""},"class_list":["post-10040","page","type-page","status-publish","has-post-thumbnail","hentry"],"yoast_head":"<!-- This site is optimized with the Yoast SEO plugin v27.5 - https:\/\/yoast.com\/product\/yoast-seo-wordpress\/ -->\n<title>Historique - Commune de Modave<\/title>\n<meta name=\"robots\" content=\"index, follow, max-snippet:-1, max-image-preview:large, max-video-preview:-1\" \/>\n<link rel=\"canonical\" href=\"https:\/\/www.modave.be\/index.php\/historique\/\" \/>\n<meta property=\"og:locale\" content=\"fr_FR\" \/>\n<meta property=\"og:type\" content=\"article\" \/>\n<meta property=\"og:title\" content=\"Historique - Commune de Modave\" \/>\n<meta property=\"og:description\" content=\"Histoire de nos villages : Source : HISTRADI Les diff\u00e9rents villages de l\u2019entit\u00e9 de Modave ont tous livr\u00e9 des vestiges pr\u00e9historiques, en particulier le Trou al Wesse \u00e0 Petit-Modave et le Grand Bois de Barse. Pour les Romains, nous faisons partie de la tribu des Condruzes cit\u00e9e par C\u00e9sar.\u00a0 La d\u00e9esse gauloise Viradechtis est honor\u00e9e&hellip;\" \/>\n<meta property=\"og:url\" content=\"https:\/\/www.modave.be\/index.php\/historique\/\" \/>\n<meta property=\"og:site_name\" content=\"Commune de Modave\" \/>\n<meta property=\"article:modified_time\" content=\"2023-01-05T15:01:21+00:00\" \/>\n<meta property=\"og:image\" content=\"https:\/\/www.modave.be\/wp-content\/uploads\/2022\/12\/Slider2-1.jpg\" \/>\n\t<meta property=\"og:image:width\" content=\"1600\" \/>\n\t<meta property=\"og:image:height\" content=\"1067\" \/>\n\t<meta property=\"og:image:type\" content=\"image\/jpeg\" \/>\n<meta name=\"twitter:card\" content=\"summary_large_image\" \/>\n<meta name=\"twitter:label1\" content=\"Dur\u00e9e de lecture estim\u00e9e\" \/>\n\t<meta name=\"twitter:data1\" content=\"3 minutes\" \/>\n<script type=\"application\/ld+json\" class=\"yoast-schema-graph\">{\"@context\":\"https:\\\/\\\/schema.org\",\"@graph\":[{\"@type\":\"WebPage\",\"@id\":\"https:\\\/\\\/www.modave.be\\\/index.php\\\/historique\\\/\",\"url\":\"https:\\\/\\\/www.modave.be\\\/index.php\\\/historique\\\/\",\"name\":\"Historique - Commune de Modave\",\"isPartOf\":{\"@id\":\"https:\\\/\\\/www.modave.be\\\/#website\"},\"primaryImageOfPage\":{\"@id\":\"https:\\\/\\\/www.modave.be\\\/index.php\\\/historique\\\/#primaryimage\"},\"image\":{\"@id\":\"https:\\\/\\\/www.modave.be\\\/index.php\\\/historique\\\/#primaryimage\"},\"thumbnailUrl\":\"https:\\\/\\\/www.modave.be\\\/wp-content\\\/uploads\\\/2022\\\/12\\\/Slider2-1.jpg\",\"datePublished\":\"2023-01-05T14:38:45+00:00\",\"dateModified\":\"2023-01-05T15:01:21+00:00\",\"breadcrumb\":{\"@id\":\"https:\\\/\\\/www.modave.be\\\/index.php\\\/historique\\\/#breadcrumb\"},\"inLanguage\":\"fr-FR\",\"potentialAction\":[{\"@type\":\"ReadAction\",\"target\":[\"https:\\\/\\\/www.modave.be\\\/index.php\\\/historique\\\/\"]}]},{\"@type\":\"ImageObject\",\"inLanguage\":\"fr-FR\",\"@id\":\"https:\\\/\\\/www.modave.be\\\/index.php\\\/historique\\\/#primaryimage\",\"url\":\"https:\\\/\\\/www.modave.be\\\/wp-content\\\/uploads\\\/2022\\\/12\\\/Slider2-1.jpg\",\"contentUrl\":\"https:\\\/\\\/www.modave.be\\\/wp-content\\\/uploads\\\/2022\\\/12\\\/Slider2-1.jpg\",\"width\":1600,\"height\":1067},{\"@type\":\"BreadcrumbList\",\"@id\":\"https:\\\/\\\/www.modave.be\\\/index.php\\\/historique\\\/#breadcrumb\",\"itemListElement\":[{\"@type\":\"ListItem\",\"position\":1,\"name\":\"Accueil\",\"item\":\"https:\\\/\\\/www.modave.be\\\/\"},{\"@type\":\"ListItem\",\"position\":2,\"name\":\"Historique\"}]},{\"@type\":\"WebSite\",\"@id\":\"https:\\\/\\\/www.modave.be\\\/#website\",\"url\":\"https:\\\/\\\/www.modave.be\\\/\",\"name\":\"Commune de Modave\",\"description\":\"Commune de Modave\",\"publisher\":{\"@id\":\"https:\\\/\\\/www.modave.be\\\/#organization\"},\"potentialAction\":[{\"@type\":\"SearchAction\",\"target\":{\"@type\":\"EntryPoint\",\"urlTemplate\":\"https:\\\/\\\/www.modave.be\\\/?s={search_term_string}\"},\"query-input\":{\"@type\":\"PropertyValueSpecification\",\"valueRequired\":true,\"valueName\":\"search_term_string\"}}],\"inLanguage\":\"fr-FR\"},{\"@type\":\"Organization\",\"@id\":\"https:\\\/\\\/www.modave.be\\\/#organization\",\"name\":\"Commune de Modave\",\"url\":\"https:\\\/\\\/www.modave.be\\\/\",\"logo\":{\"@type\":\"ImageObject\",\"inLanguage\":\"fr-FR\",\"@id\":\"https:\\\/\\\/www.modave.be\\\/#\\\/schema\\\/logo\\\/image\\\/\",\"url\":\"https:\\\/\\\/www.modave.be\\\/wp-content\\\/uploads\\\/2021\\\/12\\\/MODAVE_LOGO_HORIZONTAL_QUADRI_RVB.png\",\"contentUrl\":\"https:\\\/\\\/www.modave.be\\\/wp-content\\\/uploads\\\/2021\\\/12\\\/MODAVE_LOGO_HORIZONTAL_QUADRI_RVB.png\",\"width\":1200,\"height\":501,\"caption\":\"Commune de Modave\"},\"image\":{\"@id\":\"https:\\\/\\\/www.modave.be\\\/#\\\/schema\\\/logo\\\/image\\\/\"}}]}<\/script>\n<!-- \/ Yoast SEO plugin. -->","yoast_head_json":{"title":"Historique - Commune de Modave","robots":{"index":"index","follow":"follow","max-snippet":"max-snippet:-1","max-image-preview":"max-image-preview:large","max-video-preview":"max-video-preview:-1"},"canonical":"https:\/\/www.modave.be\/index.php\/historique\/","og_locale":"fr_FR","og_type":"article","og_title":"Historique - Commune de Modave","og_description":"Histoire de nos villages : Source : HISTRADI Les diff\u00e9rents villages de l\u2019entit\u00e9 de Modave ont tous livr\u00e9 des vestiges pr\u00e9historiques, en particulier le Trou al Wesse \u00e0 Petit-Modave et le Grand Bois de Barse. Pour les Romains, nous faisons partie de la tribu des Condruzes cit\u00e9e par C\u00e9sar.\u00a0 La d\u00e9esse gauloise Viradechtis est honor\u00e9e&hellip;","og_url":"https:\/\/www.modave.be\/index.php\/historique\/","og_site_name":"Commune de Modave","article_modified_time":"2023-01-05T15:01:21+00:00","og_image":[{"width":1600,"height":1067,"url":"https:\/\/www.modave.be\/wp-content\/uploads\/2022\/12\/Slider2-1.jpg","type":"image\/jpeg"}],"twitter_card":"summary_large_image","twitter_misc":{"Dur\u00e9e de lecture estim\u00e9e":"3 minutes"},"schema":{"@context":"https:\/\/schema.org","@graph":[{"@type":"WebPage","@id":"https:\/\/www.modave.be\/index.php\/historique\/","url":"https:\/\/www.modave.be\/index.php\/historique\/","name":"Historique - Commune de Modave","isPartOf":{"@id":"https:\/\/www.modave.be\/#website"},"primaryImageOfPage":{"@id":"https:\/\/www.modave.be\/index.php\/historique\/#primaryimage"},"image":{"@id":"https:\/\/www.modave.be\/index.php\/historique\/#primaryimage"},"thumbnailUrl":"https:\/\/www.modave.be\/wp-content\/uploads\/2022\/12\/Slider2-1.jpg","datePublished":"2023-01-05T14:38:45+00:00","dateModified":"2023-01-05T15:01:21+00:00","breadcrumb":{"@id":"https:\/\/www.modave.be\/index.php\/historique\/#breadcrumb"},"inLanguage":"fr-FR","potentialAction":[{"@type":"ReadAction","target":["https:\/\/www.modave.be\/index.php\/historique\/"]}]},{"@type":"ImageObject","inLanguage":"fr-FR","@id":"https:\/\/www.modave.be\/index.php\/historique\/#primaryimage","url":"https:\/\/www.modave.be\/wp-content\/uploads\/2022\/12\/Slider2-1.jpg","contentUrl":"https:\/\/www.modave.be\/wp-content\/uploads\/2022\/12\/Slider2-1.jpg","width":1600,"height":1067},{"@type":"BreadcrumbList","@id":"https:\/\/www.modave.be\/index.php\/historique\/#breadcrumb","itemListElement":[{"@type":"ListItem","position":1,"name":"Accueil","item":"https:\/\/www.modave.be\/"},{"@type":"ListItem","position":2,"name":"Historique"}]},{"@type":"WebSite","@id":"https:\/\/www.modave.be\/#website","url":"https:\/\/www.modave.be\/","name":"Commune de Modave","description":"Commune de Modave","publisher":{"@id":"https:\/\/www.modave.be\/#organization"},"potentialAction":[{"@type":"SearchAction","target":{"@type":"EntryPoint","urlTemplate":"https:\/\/www.modave.be\/?s={search_term_string}"},"query-input":{"@type":"PropertyValueSpecification","valueRequired":true,"valueName":"search_term_string"}}],"inLanguage":"fr-FR"},{"@type":"Organization","@id":"https:\/\/www.modave.be\/#organization","name":"Commune de Modave","url":"https:\/\/www.modave.be\/","logo":{"@type":"ImageObject","inLanguage":"fr-FR","@id":"https:\/\/www.modave.be\/#\/schema\/logo\/image\/","url":"https:\/\/www.modave.be\/wp-content\/uploads\/2021\/12\/MODAVE_LOGO_HORIZONTAL_QUADRI_RVB.png","contentUrl":"https:\/\/www.modave.be\/wp-content\/uploads\/2021\/12\/MODAVE_LOGO_HORIZONTAL_QUADRI_RVB.png","width":1200,"height":501,"caption":"Commune de Modave"},"image":{"@id":"https:\/\/www.modave.be\/#\/schema\/logo\/image\/"}}]}},"_links":{"self":[{"href":"https:\/\/www.modave.be\/index.php\/wp-json\/wp\/v2\/pages\/10040","targetHints":{"allow":["GET"]}}],"collection":[{"href":"https:\/\/www.modave.be\/index.php\/wp-json\/wp\/v2\/pages"}],"about":[{"href":"https:\/\/www.modave.be\/index.php\/wp-json\/wp\/v2\/types\/page"}],"author":[{"embeddable":true,"href":"https:\/\/www.modave.be\/index.php\/wp-json\/wp\/v2\/users\/1"}],"replies":[{"embeddable":true,"href":"https:\/\/www.modave.be\/index.php\/wp-json\/wp\/v2\/comments?post=10040"}],"version-history":[{"count":0,"href":"https:\/\/www.modave.be\/index.php\/wp-json\/wp\/v2\/pages\/10040\/revisions"}],"wp:featuredmedia":[{"embeddable":true,"href":"https:\/\/www.modave.be\/index.php\/wp-json\/wp\/v2\/media\/9949"}],"wp:attachment":[{"href":"https:\/\/www.modave.be\/index.php\/wp-json\/wp\/v2\/media?parent=10040"}],"curies":[{"name":"wp","href":"https:\/\/api.w.org\/{rel}","templated":true}]}}