{"id":10254,"date":"2023-01-13T14:20:38","date_gmt":"2023-01-13T13:20:38","guid":{"rendered":"http:\/\/217.182.142.226\/?page_id=10254"},"modified":"2026-02-20T11:00:09","modified_gmt":"2026-02-20T10:00:09","slug":"salles-communales","status":"publish","type":"page","link":"https:\/\/www.modave.be\/index.php\/salles-communales\/","title":{"rendered":"Salles communales"},"content":{"rendered":"\t\t<div data-elementor-type=\"wp-page\" data-elementor-id=\"10254\" class=\"elementor elementor-10254\" wpc-filter-elementor-widget=\"1\" data-elementor-post-type=\"page\">\n\t\t\t\t\t\t<section class=\"elementor-section elementor-top-section elementor-element elementor-element-4b087ac elementor-section-boxed elementor-section-height-default elementor-section-height-default\" data-id=\"4b087ac\" data-element_type=\"section\" data-e-type=\"section\">\n\t\t\t\t\t\t<div class=\"elementor-container elementor-column-gap-default\">\n\t\t\t\t\t<div class=\"elementor-column elementor-col-33 elementor-top-column elementor-element elementor-element-67f66da\" data-id=\"67f66da\" data-element_type=\"column\" data-e-type=\"column\">\n\t\t\t<div class=\"elementor-widget-wrap elementor-element-populated\">\n\t\t\t\t\t\t<div class=\"elementor-element elementor-element-56374a6 elementor-widget elementor-widget-image\" data-id=\"56374a6\" data-element_type=\"widget\" data-e-type=\"widget\" data-widget_type=\"image.default\">\n\t\t\t\t<div class=\"elementor-widget-container\">\n\t\t\t\t\t\t\t\t\t\t\t\t\t\t\t<img decoding=\"async\" src=\"https:\/\/www.modave.be\/wp-content\/uploads\/elementor\/thumbs\/MODAVE_LOGO_VERTICAL_QUADRI_RVB-1-q4lws9w9u128sxmv5e94qhtcu9b0stk6oxz2d103j0.png\" title=\"MODAVE_LOGO_VERTICAL_QUADRI_RVB\" alt=\"MODAVE_LOGO_VERTICAL_QUADRI_RVB\" loading=\"lazy\" \/>\t\t\t\t\t\t\t\t\t\t\t\t\t\t\t<\/div>\n\t\t\t\t<\/div>\n\t\t\t\t\t<\/div>\n\t\t<\/div>\n\t\t\t\t<div class=\"elementor-column elementor-col-33 elementor-top-column elementor-element elementor-element-d90da1d\" data-id=\"d90da1d\" data-element_type=\"column\" data-e-type=\"column\">\n\t\t\t<div class=\"elementor-widget-wrap elementor-element-populated\">\n\t\t\t\t\t\t<div class=\"elementor-element elementor-element-47fbd07 content-align-left icon-box-vertical-align-top icon-position-left icon-vertical-align-start elementor-widget elementor-widget-the7_icon_box_grid_widget\" data-id=\"47fbd07\" data-element_type=\"widget\" data-e-type=\"widget\" data-widget_type=\"the7_icon_box_grid_widget.default\">\n\t\t\t\t<div class=\"elementor-widget-container\">\n\t\t\t\t\t<div class=\"the7-box-grid-wrapper the7-elementor-widget loading-effect-none the7_icon_box_grid_widget-47fbd07 widget-divider-on\"><h4 class=\"rp-heading\">Vinciane Douhard <\/h4>\t\t\t<div class=\"dt-css-grid\">\n\t\t\t\t\t\t\t\t\t<div class=\"wf-cell shown\">\n\t\t\t\t\t\t<div class=\"the7-icon-box-grid\">\t\t\t\t\t\t\t<div class=\"box-content-wrapper\">\n\t\t\t\t\t\t\t\t\t\t\t\t\t\t\t\t\t<a class=\"elementor-icon-div\" aria-label=\"T\u00e9l\u00e9phone\">\t\t\t\t\t\t\t\t\t\t<div class=\"elementor-icon\">\n\t\t\t\t\t\t\t\t\t\t\t<i aria-hidden=\"true\" class=\"fas fa-phone-alt\"><\/i>\t\t\t\t\t\t\t\t\t\t<\/div>\n\t\t\t\t\t\t\t\t\t<\/a>\t\t\t\t\t\t\t\t\t\t\t\t\t\t\t\t<div class=\"box-content\">\n\t\t\t\t\t\t\t\t\t\t\t\t\t\t\t\t\t\t\t\t\t\t\t\t\t\t\t\t\t<h5 class=\"box-heading\">\n\t\t\t\t\t\t\t\t\t\t\t<a aria-label=\"T\u00e9l\u00e9phone\">\t\t\t\t\t\t\t\t\t\t\t\tT\u00e9l\u00e9phone\t\t\t\t\t\t\t\t\t\t\t<\/a>\t\t\t\t\t\t\t\t\t\t<\/h5>\n\t\t\t\t\t\t\t\t\t\t\t\t\t\t\t\t\t\t\t\t\t\t\t\t\t\t\t\t<div class=\"box-description\">085\/41.02.20 Ext 5<\/div>\n\t\t\t\t\t\t\t\t\t\t\t\t\t\t\t\t\t\t\t\t\t\t\t\t\t\t<\/div>\n\t\t\t\t\t\t\t<\/div>\n\t\t\t\t\t\t<\/div>\t\t\t\t\t<\/div>\n\t\t\t\t\t\t\t\t\t<div class=\"wf-cell shown\">\n\t\t\t\t\t\t<div class=\"the7-icon-box-grid\">\t\t\t\t\t\t\t<div class=\"box-content-wrapper\">\n\t\t\t\t\t\t\t\t\t\t\t\t\t\t\t\t\t<a class=\"elementor-icon-div\" aria-label=\"Fax\">\t\t\t\t\t\t\t\t\t\t<div class=\"elementor-icon\">\n\t\t\t\t\t\t\t\t\t\t\t<i aria-hidden=\"true\" class=\"fas fa-fax\"><\/i>\t\t\t\t\t\t\t\t\t\t<\/div>\n\t\t\t\t\t\t\t\t\t<\/a>\t\t\t\t\t\t\t\t\t\t\t\t\t\t\t\t<div class=\"box-content\">\n\t\t\t\t\t\t\t\t\t\t\t\t\t\t\t\t\t\t\t\t\t\t\t\t\t\t\t\t\t<h5 class=\"box-heading\">\n\t\t\t\t\t\t\t\t\t\t\t<a aria-label=\"Fax\">\t\t\t\t\t\t\t\t\t\t\t\tFax\t\t\t\t\t\t\t\t\t\t\t<\/a>\t\t\t\t\t\t\t\t\t\t<\/h5>\n\t\t\t\t\t\t\t\t\t\t\t\t\t\t\t\t\t\t\t\t\t\t\t\t\t\t\t\t<div class=\"box-description\">085\/41.02.25<\/div>\n\t\t\t\t\t\t\t\t\t\t\t\t\t\t\t\t\t\t\t\t\t\t\t\t\t\t<\/div>\n\t\t\t\t\t\t\t<\/div>\n\t\t\t\t\t\t<\/div>\t\t\t\t\t<\/div>\n\t\t\t\t\t\t\t\t\t<div class=\"wf-cell shown\">\n\t\t\t\t\t\t<div class=\"the7-icon-box-grid\">\t\t\t\t\t\t\t<div class=\"box-content-wrapper\">\n\t\t\t\t\t\t\t\t\t\t\t\t\t\t\t\t\t<a class=\"elementor-icon-div\" aria-label=\"Email\">\t\t\t\t\t\t\t\t\t\t<div class=\"elementor-icon\">\n\t\t\t\t\t\t\t\t\t\t\t<i aria-hidden=\"true\" class=\"fas fa-envelope\"><\/i>\t\t\t\t\t\t\t\t\t\t<\/div>\n\t\t\t\t\t\t\t\t\t<\/a>\t\t\t\t\t\t\t\t\t\t\t\t\t\t\t\t<div class=\"box-content\">\n\t\t\t\t\t\t\t\t\t\t\t\t\t\t\t\t\t\t\t\t\t\t\t\t\t\t\t\t\t<h5 class=\"box-heading\">\n\t\t\t\t\t\t\t\t\t\t\t<a aria-label=\"Email\">\t\t\t\t\t\t\t\t\t\t\t\tEmail\t\t\t\t\t\t\t\t\t\t\t<\/a>\t\t\t\t\t\t\t\t\t\t<\/h5>\n\t\t\t\t\t\t\t\t\t\t\t\t\t\t\t\t\t\t\t\t\t\t\t\t\t\t\t\t<div class=\"box-description\">sportsloisirs@modave.be<\/div>\n\t\t\t\t\t\t\t\t\t\t\t\t\t\t\t\t\t\t\t\t\t\t\t\t\t\t<\/div>\n\t\t\t\t\t\t\t<\/div>\n\t\t\t\t\t\t<\/div>\t\t\t\t\t<\/div>\n\t\t\t\t\t\t\t\t\t<div class=\"wf-cell shown\">\n\t\t\t\t\t\t<div class=\"the7-icon-box-grid\">\t\t\t\t\t\t\t<div class=\"box-content-wrapper\">\n\t\t\t\t\t\t\t\t\t\t\t\t\t\t\t\t\t<a class=\"elementor-icon-div\" aria-label=\"Adresse\">\t\t\t\t\t\t\t\t\t\t<div class=\"elementor-icon\">\n\t\t\t\t\t\t\t\t\t\t\t<i aria-hidden=\"true\" class=\"fas fa-map-signs\"><\/i>\t\t\t\t\t\t\t\t\t\t<\/div>\n\t\t\t\t\t\t\t\t\t<\/a>\t\t\t\t\t\t\t\t\t\t\t\t\t\t\t\t<div class=\"box-content\">\n\t\t\t\t\t\t\t\t\t\t\t\t\t\t\t\t\t\t\t\t\t\t\t\t\t\t\t\t\t<h5 class=\"box-heading\">\n\t\t\t\t\t\t\t\t\t\t\t<a aria-label=\"Adresse\">\t\t\t\t\t\t\t\t\t\t\t\tAdresse\t\t\t\t\t\t\t\t\t\t\t<\/a>\t\t\t\t\t\t\t\t\t\t<\/h5>\n\t\t\t\t\t\t\t\t\t\t\t\t\t\t\t\t\t\t\t\t\t\t\t\t\t\t\t\t<div class=\"box-description\">Administration communale<br>\nPlace G. Hubin, 1-3 <br>\n4577 MODAVE<\/div>\n\t\t\t\t\t\t\t\t\t\t\t\t\t\t\t\t\t\t\t\t\t\t\t\t\t\t<\/div>\n\t\t\t\t\t\t\t<\/div>\n\t\t\t\t\t\t<\/div>\t\t\t\t\t<\/div>\n\t\t\t\t\t\t\t\t\t<div class=\"wf-cell shown\">\n\t\t\t\t\t\t<div class=\"the7-icon-box-grid\">\t\t\t\t\t\t\t<div class=\"box-content-wrapper\">\n\t\t\t\t\t\t\t\t\t\t\t\t\t\t\t\t\t<a class=\"elementor-icon-div\" href=\"https:\/\/www.modave.be\/wp-content\/uploads\/2024\/10\/RGP-Condroz_version-nettoyee_2022-.pdf\" aria-label=\"R\u00e8glement g\u00e9n\u00e9ral de Police\">\t\t\t\t\t\t\t\t\t\t<div class=\"elementor-icon\">\n\t\t\t\t\t\t\t\t\t\t\t<i aria-hidden=\"true\" class=\"far fa-check-circle\"><\/i>\t\t\t\t\t\t\t\t\t\t<\/div>\n\t\t\t\t\t\t\t\t\t<\/a>\t\t\t\t\t\t\t\t\t\t\t\t\t\t\t\t<div class=\"box-content\">\n\t\t\t\t\t\t\t\t\t\t\t\t\t\t\t\t\t\t\t\t\t\t\t\t\t\t\t\t\t<h5 class=\"box-heading\">\n\t\t\t\t\t\t\t\t\t\t\t<a href=\"https:\/\/www.modave.be\/wp-content\/uploads\/2024\/10\/RGP-Condroz_version-nettoyee_2022-.pdf\" aria-label=\"R\u00e8glement g\u00e9n\u00e9ral de Police\">\t\t\t\t\t\t\t\t\t\t\t\tR\u00e8glement g\u00e9n\u00e9ral de Police\t\t\t\t\t\t\t\t\t\t\t<\/a>\t\t\t\t\t\t\t\t\t\t<\/h5>\n\t\t\t\t\t\t\t\t\t\t\t\t\t\t\t\t\t\t\t\t\t\t\t\t\t\t\t<a href=\"https:\/\/www.modave.be\/wp-content\/uploads\/2024\/10\/RGP-Condroz_version-nettoyee_2022-.pdf\" aria-label=\"R\u00e8glement g\u00e9n\u00e9ral de Police\" class=\"box-button elementor-button elementor-size-xs\">T\u00e9l\u00e9charger<\/a>\t\t\t\t\t\t\t\t<\/div>\n\t\t\t\t\t\t\t<\/div>\n\t\t\t\t\t\t<\/div>\t\t\t\t\t<\/div>\n\t\t\t\t\t\t\t<\/div>\n\t\t<\/div>\t\t\t\t<\/div>\n\t\t\t\t<\/div>\n\t\t\t\t\t<\/div>\n\t\t<\/div>\n\t\t\t\t<div class=\"elementor-column elementor-col-33 elementor-top-column elementor-element elementor-element-3070867\" data-id=\"3070867\" data-element_type=\"column\" data-e-type=\"column\">\n\t\t\t<div class=\"elementor-widget-wrap elementor-element-populated\">\n\t\t\t\t\t\t<div class=\"elementor-element elementor-element-b474f1e elementor-widget elementor-widget-text-editor\" data-id=\"b474f1e\" data-element_type=\"widget\" data-e-type=\"widget\" data-widget_type=\"text-editor.default\">\n\t\t\t\t<div class=\"elementor-widget-container\">\n\t\t\t\t\t\t\t\t\t<p>Le service est accessible au public tous les jours sur rendez-vous uniquement<\/p>\t\t\t\t\t\t\t\t<\/div>\n\t\t\t\t<\/div>\n\t\t\t\t<div class=\"elementor-element elementor-element-487c8f4 elementor-widget elementor-widget-text-editor\" data-id=\"487c8f4\" data-element_type=\"widget\" data-e-type=\"widget\" data-widget_type=\"text-editor.default\">\n\t\t\t\t<div class=\"elementor-widget-container\">\n\t\t\t\t\t\t\t\t\t<ul><li><strong>Gestion des salles communales<br \/><\/strong>Vous pouvez\u00a0<strong>consulter<\/strong> les disponibilit\u00e9s des salles (Bois Rosine avec la petite ou la grande salle, Echos du Hoyoux ou Maison Rurale) via les agendas puis contacter le service Sports &amp; Loisirs (<a href=\"mailto:sportsloisirs@modave.be\">sportsloisirs@modave.be<\/a>) et formuler votre demande (salle, date, type d&rsquo;activit\u00e9, nombre de personnes,&#8230;). NB: la location ne sera effective qu&rsquo;apr\u00e8s accord \u00e9crit et paiement du montant d\u00fb.<\/li><\/ul><ul><li><strong>Gestion du Complexe sportif<\/strong><\/li><\/ul><ul><li><strong>Ev\u00e8nements culturels et sportifs<\/strong><\/li><\/ul>\t\t\t\t\t\t\t\t<\/div>\n\t\t\t\t<\/div>\n\t\t\t\t<div class=\"elementor-element elementor-element-56aef59 elementor--h-position-center elementor--v-position-middle elementor-arrows-position-inside elementor-pagination-position-inside elementor-widget elementor-widget-slides\" data-id=\"56aef59\" data-element_type=\"widget\" data-e-type=\"widget\" data-settings=\"{&quot;navigation&quot;:&quot;both&quot;,&quot;autoplay&quot;:&quot;yes&quot;,&quot;pause_on_hover&quot;:&quot;yes&quot;,&quot;pause_on_interaction&quot;:&quot;yes&quot;,&quot;autoplay_speed&quot;:5000,&quot;infinite&quot;:&quot;yes&quot;,&quot;transition&quot;:&quot;slide&quot;,&quot;transition_speed&quot;:500}\" data-widget_type=\"slides.default\">\n\t\t\t\t<div class=\"elementor-widget-container\">\n\t\t\t\t\t\t\t\t\t<div class=\"elementor-swiper\">\n\t\t\t\t\t<div class=\"elementor-slides-wrapper elementor-main-swiper swiper\" role=\"region\" aria-roledescription=\"carousel\" aria-label=\"Slides\" dir=\"ltr\" data-animation=\"fadeInUp\">\n\t\t\t\t<div class=\"swiper-wrapper elementor-slides\">\n\t\t\t\t\t\t\t\t\t\t<div class=\"elementor-repeater-item-b700c25 swiper-slide\" role=\"group\" aria-roledescription=\"slide\"><div class=\"swiper-slide-bg elementor-ken-burns elementor-ken-burns--in\" role=\"img\" aria-label=\"IMG_6104\"><\/div><div class=\"elementor-background-overlay\"><\/div><a class=\"swiper-slide-inner\" href=\"#elementor-action%3Aaction%3Dpopup%3Aopen%26settings%3DeyJpZCI6IjE4MjI1IiwidG9nZ2xlIjpmYWxzZX0%3D\"><div class=\"swiper-slide-contents\"><div class=\"elementor-slide-heading\">Maison Rurale<\/div><div class=\"elementor-slide-description\">La Maison rurale multi-services de Vierset-Barse est un espace communal mis \u00e0 disposition des citoyens, des associations et des partenaires locaux. Elle accueille des activit\u00e9s culturelles, sociale, \u00e9ducatives et associatives.<\/div><div  class=\"elementor-button elementor-slide-button elementor-size-lg\">R\u00e9server<\/div><\/div><\/a><\/div><div class=\"elementor-repeater-item-ff3ef48 swiper-slide\" role=\"group\" aria-roledescription=\"slide\"><div class=\"swiper-slide-bg elementor-ken-burns elementor-ken-burns--in\" role=\"img\" aria-label=\"Commune-2025--6\"><\/div><div class=\"elementor-background-overlay\"><\/div><a class=\"swiper-slide-inner\" href=\"#elementor-action%3Aaction%3Dpopup%3Aopen%26settings%3DeyJpZCI6IjE4MjYwIiwidG9nZ2xlIjpmYWxzZX0%3D\"><div class=\"swiper-slide-contents\"><div class=\"elementor-slide-heading\">Grande salle Bois Rosine<\/div><div class=\"elementor-slide-description\">La grande salle Bois Rosine est un espace convivial et polyvalent situ\u00e9 \u00e0 Str\u00e9e. Elle permet d\u2019accueillir des \u00e9v\u00e9nements associatifs, culturels ou priv\u00e9s dans un cadre fonctionnel et agr\u00e9able.<\/div><div  class=\"elementor-button elementor-slide-button elementor-size-lg\">R\u00e9server<\/div><\/div><\/a><\/div><div class=\"elementor-repeater-item-e82bbf2 swiper-slide\" role=\"group\" aria-roledescription=\"slide\"><div class=\"swiper-slide-bg elementor-ken-burns elementor-ken-burns--in\" role=\"img\" aria-label=\"Commune-2025--2\"><\/div><div class=\"elementor-background-overlay\"><\/div><a class=\"swiper-slide-inner\" href=\"#elementor-action%3Aaction%3Dpopup%3Aopen%26settings%3DeyJpZCI6IjE4MjY1IiwidG9nZ2xlIjpmYWxzZX0%3D\"><div class=\"swiper-slide-contents\"><div class=\"elementor-slide-heading\">Petite salle Bois Rosine<\/div><div class=\"elementor-slide-description\">La petite salle Bois Rosine est un espace chaleureux et adapt\u00e9 aux rencontres en petit comit\u00e9. Id\u00e9ale pour des r\u00e9unions, ateliers, formations ou \u00e9v\u00e9nements priv\u00e9s de taille plus r\u00e9duite, elle offre un cadre convivial et fonctionnel.<\/div><div  class=\"elementor-button elementor-slide-button elementor-size-lg\">R\u00e9server<\/div><\/div><\/a><\/div><div class=\"elementor-repeater-item-89944d6 swiper-slide\" role=\"group\" aria-roledescription=\"slide\"><div class=\"swiper-slide-bg elementor-ken-burns elementor-ken-burns--in\" role=\"img\" aria-label=\"Naissance-\"><\/div><div class=\"elementor-background-overlay\"><\/div><a class=\"swiper-slide-inner\" href=\"#elementor-action%3Aaction%3Dpopup%3Aopen%26settings%3DeyJpZCI6IjE4MjcyIiwidG9nZ2xlIjpmYWxzZX0%3D\"><div class=\"swiper-slide-contents\"><div class=\"elementor-slide-heading\">Les Echos du Hoyoux<\/div><div class=\"elementor-slide-description\">Situ\u00e9e au c\u0153ur du village de Modave, la salle des \u00c9chos du Hoyoux est un espace polyvalent pouvant accueillir divers \u00e9v\u00e9nements associatifs, culturels ou priv\u00e9s.<\/div><div  class=\"elementor-button elementor-slide-button elementor-size-lg\">R\u00e9server<\/div><\/div><\/a><\/div>\t\t\t\t<\/div>\n\t\t\t\t\t\t\t\t\t\t\t\t\t\t\t<div class=\"elementor-swiper-button elementor-swiper-button-prev\" role=\"button\" tabindex=\"0\" aria-label=\"Previous slide\">\n\t\t\t\t\t\t\t<i aria-hidden=\"true\" class=\"eicon-chevron-left\"><\/i>\t\t\t\t\t\t<\/div>\n\t\t\t\t\t\t<div class=\"elementor-swiper-button elementor-swiper-button-next\" role=\"button\" tabindex=\"0\" aria-label=\"Next slide\">\n\t\t\t\t\t\t\t<i aria-hidden=\"true\" class=\"eicon-chevron-right\"><\/i>\t\t\t\t\t\t<\/div>\n\t\t\t\t\t\t\t\t\t\t\t\t\t\t\t\t<div class=\"swiper-pagination\"><\/div>\n\t\t\t\t\t\t\t\t\t\t\t\t<\/div>\n\t\t\t\t<\/div>\n\t\t\t\t\t\t\t\t<\/div>\n\t\t\t\t<\/div>\n\t\t\t\t\t<\/div>\n\t\t<\/div>\n\t\t\t\t\t<\/div>\n\t\t<\/section>\n\t\t<div class=\"elementor-element elementor-element-0cde41e e-flex e-con-boxed e-con e-parent\" data-id=\"0cde41e\" data-element_type=\"container\" data-e-type=\"container\">\n\t\t\t\t\t<div class=\"e-con-inner\">\n\t\t\t\t\t<\/div>\n\t\t\t\t<\/div>\n\t\t\t\t<\/div>\n\t\t","protected":false},"excerpt":{"rendered":"<p>Vinciane Douhard T\u00e9l\u00e9phone 085\/41.02.20 Ext 5 Fax 085\/41.02.25 Email sportsloisirs@modave.be Adresse Administration communale Place G. Hubin, 1-3 4577 MODAVE R\u00e8glement g\u00e9n\u00e9ral de Police T\u00e9l\u00e9charger Le service est accessible au public tous les jours sur rendez-vous uniquement Gestion des salles communalesVous pouvez\u00a0consulter les disponibilit\u00e9s des salles (Bois Rosine avec la petite ou la grande salle, Echos&hellip;<\/p>\n","protected":false},"author":1,"featured_media":12640,"parent":0,"menu_order":0,"comment_status":"closed","ping_status":"closed","template":"","meta":{"footnotes":""},"class_list":["post-10254","page","type-page","status-publish","has-post-thumbnail","hentry"],"yoast_head":"<!-- This site is optimized with the Yoast SEO plugin v27.2 - https:\/\/yoast.com\/product\/yoast-seo-wordpress\/ -->\n<title>Salles communales - Commune de Modave<\/title>\n<meta name=\"robots\" content=\"index, follow, max-snippet:-1, max-image-preview:large, max-video-preview:-1\" \/>\n<link rel=\"canonical\" href=\"https:\/\/www.modave.be\/index.php\/salles-communales\/\" \/>\n<meta property=\"og:locale\" content=\"fr_FR\" \/>\n<meta property=\"og:type\" content=\"article\" \/>\n<meta property=\"og:title\" content=\"Salles communales - Commune de Modave\" \/>\n<meta property=\"og:description\" content=\"Vinciane Douhard T\u00e9l\u00e9phone 085\/41.02.20 Ext 5 Fax 085\/41.02.25 Email sportsloisirs@modave.be Adresse Administration communale Place G. Hubin, 1-3 4577 MODAVE R\u00e8glement g\u00e9n\u00e9ral de Police T\u00e9l\u00e9charger Le service est accessible au public tous les jours sur rendez-vous uniquement Gestion des salles communalesVous pouvez\u00a0consulter les disponibilit\u00e9s des salles (Bois Rosine avec la petite ou la grande salle, Echos&hellip;\" \/>\n<meta property=\"og:url\" content=\"https:\/\/www.modave.be\/index.php\/salles-communales\/\" \/>\n<meta property=\"og:site_name\" content=\"Commune de Modave\" \/>\n<meta property=\"article:modified_time\" content=\"2026-02-20T10:00:09+00:00\" \/>\n<meta property=\"og:image\" content=\"https:\/\/www.modave.be\/wp-content\/uploads\/2023\/09\/375538319_312634231445027_7883457217930346195_n.jpg\" \/>\n\t<meta property=\"og:image:width\" content=\"1988\" \/>\n\t<meta property=\"og:image:height\" content=\"1151\" \/>\n\t<meta property=\"og:image:type\" content=\"image\/jpeg\" \/>\n<meta name=\"twitter:card\" content=\"summary_large_image\" \/>\n<meta name=\"twitter:label1\" content=\"Dur\u00e9e de lecture estim\u00e9e\" \/>\n\t<meta name=\"twitter:data1\" content=\"3 minutes\" \/>\n<script type=\"application\/ld+json\" class=\"yoast-schema-graph\">{\"@context\":\"https:\/\/schema.org\",\"@graph\":[{\"@type\":\"WebPage\",\"@id\":\"https:\/\/www.modave.be\/index.php\/salles-communales\/\",\"url\":\"https:\/\/www.modave.be\/index.php\/salles-communales\/\",\"name\":\"Salles communales - Commune de Modave\",\"isPartOf\":{\"@id\":\"https:\/\/www.modave.be\/#website\"},\"primaryImageOfPage\":{\"@id\":\"https:\/\/www.modave.be\/index.php\/salles-communales\/#primaryimage\"},\"image\":{\"@id\":\"https:\/\/www.modave.be\/index.php\/salles-communales\/#primaryimage\"},\"thumbnailUrl\":\"https:\/\/www.modave.be\/wp-content\/uploads\/2023\/09\/375538319_312634231445027_7883457217930346195_n.jpg\",\"datePublished\":\"2023-01-13T13:20:38+00:00\",\"dateModified\":\"2026-02-20T10:00:09+00:00\",\"breadcrumb\":{\"@id\":\"https:\/\/www.modave.be\/index.php\/salles-communales\/#breadcrumb\"},\"inLanguage\":\"fr-FR\",\"potentialAction\":[{\"@type\":\"ReadAction\",\"target\":[\"https:\/\/www.modave.be\/index.php\/salles-communales\/\"]}]},{\"@type\":\"ImageObject\",\"inLanguage\":\"fr-FR\",\"@id\":\"https:\/\/www.modave.be\/index.php\/salles-communales\/#primaryimage\",\"url\":\"https:\/\/www.modave.be\/wp-content\/uploads\/2023\/09\/375538319_312634231445027_7883457217930346195_n.jpg\",\"contentUrl\":\"https:\/\/www.modave.be\/wp-content\/uploads\/2023\/09\/375538319_312634231445027_7883457217930346195_n.jpg\",\"width\":1988,\"height\":1151},{\"@type\":\"BreadcrumbList\",\"@id\":\"https:\/\/www.modave.be\/index.php\/salles-communales\/#breadcrumb\",\"itemListElement\":[{\"@type\":\"ListItem\",\"position\":1,\"name\":\"Accueil\",\"item\":\"https:\/\/www.modave.be\/\"},{\"@type\":\"ListItem\",\"position\":2,\"name\":\"Salles communales\"}]},{\"@type\":\"WebSite\",\"@id\":\"https:\/\/www.modave.be\/#website\",\"url\":\"https:\/\/www.modave.be\/\",\"name\":\"Commune de Modave\",\"description\":\"Commune de Modave\",\"publisher\":{\"@id\":\"https:\/\/www.modave.be\/#organization\"},\"potentialAction\":[{\"@type\":\"SearchAction\",\"target\":{\"@type\":\"EntryPoint\",\"urlTemplate\":\"https:\/\/www.modave.be\/?s={search_term_string}\"},\"query-input\":{\"@type\":\"PropertyValueSpecification\",\"valueRequired\":true,\"valueName\":\"search_term_string\"}}],\"inLanguage\":\"fr-FR\"},{\"@type\":\"Organization\",\"@id\":\"https:\/\/www.modave.be\/#organization\",\"name\":\"Commune de Modave\",\"url\":\"https:\/\/www.modave.be\/\",\"logo\":{\"@type\":\"ImageObject\",\"inLanguage\":\"fr-FR\",\"@id\":\"https:\/\/www.modave.be\/#\/schema\/logo\/image\/\",\"url\":\"https:\/\/www.modave.be\/wp-content\/uploads\/2021\/12\/MODAVE_LOGO_HORIZONTAL_QUADRI_RVB.png\",\"contentUrl\":\"https:\/\/www.modave.be\/wp-content\/uploads\/2021\/12\/MODAVE_LOGO_HORIZONTAL_QUADRI_RVB.png\",\"width\":1200,\"height\":501,\"caption\":\"Commune de Modave\"},\"image\":{\"@id\":\"https:\/\/www.modave.be\/#\/schema\/logo\/image\/\"}}]}<\/script>\n<!-- \/ Yoast SEO plugin. -->","yoast_head_json":{"title":"Salles communales - Commune de Modave","robots":{"index":"index","follow":"follow","max-snippet":"max-snippet:-1","max-image-preview":"max-image-preview:large","max-video-preview":"max-video-preview:-1"},"canonical":"https:\/\/www.modave.be\/index.php\/salles-communales\/","og_locale":"fr_FR","og_type":"article","og_title":"Salles communales - Commune de Modave","og_description":"Vinciane Douhard T\u00e9l\u00e9phone 085\/41.02.20 Ext 5 Fax 085\/41.02.25 Email sportsloisirs@modave.be Adresse Administration communale Place G. Hubin, 1-3 4577 MODAVE R\u00e8glement g\u00e9n\u00e9ral de Police T\u00e9l\u00e9charger Le service est accessible au public tous les jours sur rendez-vous uniquement Gestion des salles communalesVous pouvez\u00a0consulter les disponibilit\u00e9s des salles (Bois Rosine avec la petite ou la grande salle, Echos&hellip;","og_url":"https:\/\/www.modave.be\/index.php\/salles-communales\/","og_site_name":"Commune de Modave","article_modified_time":"2026-02-20T10:00:09+00:00","og_image":[{"width":1988,"height":1151,"url":"https:\/\/www.modave.be\/wp-content\/uploads\/2023\/09\/375538319_312634231445027_7883457217930346195_n.jpg","type":"image\/jpeg"}],"twitter_card":"summary_large_image","twitter_misc":{"Dur\u00e9e de lecture estim\u00e9e":"3 minutes"},"schema":{"@context":"https:\/\/schema.org","@graph":[{"@type":"WebPage","@id":"https:\/\/www.modave.be\/index.php\/salles-communales\/","url":"https:\/\/www.modave.be\/index.php\/salles-communales\/","name":"Salles communales - Commune de Modave","isPartOf":{"@id":"https:\/\/www.modave.be\/#website"},"primaryImageOfPage":{"@id":"https:\/\/www.modave.be\/index.php\/salles-communales\/#primaryimage"},"image":{"@id":"https:\/\/www.modave.be\/index.php\/salles-communales\/#primaryimage"},"thumbnailUrl":"https:\/\/www.modave.be\/wp-content\/uploads\/2023\/09\/375538319_312634231445027_7883457217930346195_n.jpg","datePublished":"2023-01-13T13:20:38+00:00","dateModified":"2026-02-20T10:00:09+00:00","breadcrumb":{"@id":"https:\/\/www.modave.be\/index.php\/salles-communales\/#breadcrumb"},"inLanguage":"fr-FR","potentialAction":[{"@type":"ReadAction","target":["https:\/\/www.modave.be\/index.php\/salles-communales\/"]}]},{"@type":"ImageObject","inLanguage":"fr-FR","@id":"https:\/\/www.modave.be\/index.php\/salles-communales\/#primaryimage","url":"https:\/\/www.modave.be\/wp-content\/uploads\/2023\/09\/375538319_312634231445027_7883457217930346195_n.jpg","contentUrl":"https:\/\/www.modave.be\/wp-content\/uploads\/2023\/09\/375538319_312634231445027_7883457217930346195_n.jpg","width":1988,"height":1151},{"@type":"BreadcrumbList","@id":"https:\/\/www.modave.be\/index.php\/salles-communales\/#breadcrumb","itemListElement":[{"@type":"ListItem","position":1,"name":"Accueil","item":"https:\/\/www.modave.be\/"},{"@type":"ListItem","position":2,"name":"Salles communales"}]},{"@type":"WebSite","@id":"https:\/\/www.modave.be\/#website","url":"https:\/\/www.modave.be\/","name":"Commune de Modave","description":"Commune de Modave","publisher":{"@id":"https:\/\/www.modave.be\/#organization"},"potentialAction":[{"@type":"SearchAction","target":{"@type":"EntryPoint","urlTemplate":"https:\/\/www.modave.be\/?s={search_term_string}"},"query-input":{"@type":"PropertyValueSpecification","valueRequired":true,"valueName":"search_term_string"}}],"inLanguage":"fr-FR"},{"@type":"Organization","@id":"https:\/\/www.modave.be\/#organization","name":"Commune de Modave","url":"https:\/\/www.modave.be\/","logo":{"@type":"ImageObject","inLanguage":"fr-FR","@id":"https:\/\/www.modave.be\/#\/schema\/logo\/image\/","url":"https:\/\/www.modave.be\/wp-content\/uploads\/2021\/12\/MODAVE_LOGO_HORIZONTAL_QUADRI_RVB.png","contentUrl":"https:\/\/www.modave.be\/wp-content\/uploads\/2021\/12\/MODAVE_LOGO_HORIZONTAL_QUADRI_RVB.png","width":1200,"height":501,"caption":"Commune de Modave"},"image":{"@id":"https:\/\/www.modave.be\/#\/schema\/logo\/image\/"}}]}},"_links":{"self":[{"href":"https:\/\/www.modave.be\/index.php\/wp-json\/wp\/v2\/pages\/10254","targetHints":{"allow":["GET"]}}],"collection":[{"href":"https:\/\/www.modave.be\/index.php\/wp-json\/wp\/v2\/pages"}],"about":[{"href":"https:\/\/www.modave.be\/index.php\/wp-json\/wp\/v2\/types\/page"}],"author":[{"embeddable":true,"href":"https:\/\/www.modave.be\/index.php\/wp-json\/wp\/v2\/users\/1"}],"replies":[{"embeddable":true,"href":"https:\/\/www.modave.be\/index.php\/wp-json\/wp\/v2\/comments?post=10254"}],"version-history":[{"count":45,"href":"https:\/\/www.modave.be\/index.php\/wp-json\/wp\/v2\/pages\/10254\/revisions"}],"predecessor-version":[{"id":18323,"href":"https:\/\/www.modave.be\/index.php\/wp-json\/wp\/v2\/pages\/10254\/revisions\/18323"}],"wp:featuredmedia":[{"embeddable":true,"href":"https:\/\/www.modave.be\/index.php\/wp-json\/wp\/v2\/media\/12640"}],"wp:attachment":[{"href":"https:\/\/www.modave.be\/index.php\/wp-json\/wp\/v2\/media?parent=10254"}],"curies":[{"name":"wp","href":"https:\/\/api.w.org\/{rel}","templated":true}]}}