{"id":10888,"date":"2023-02-17T15:38:33","date_gmt":"2023-02-17T14:38:33","guid":{"rendered":"http:\/\/217.182.142.226\/?page_id=10888"},"modified":"2025-03-19T15:02:31","modified_gmt":"2025-03-19T14:02:31","slug":"collecte-des-dechets","status":"publish","type":"page","link":"https:\/\/www.modave.be\/index.php\/services-communaux\/collecte-des-dechets\/","title":{"rendered":"Collecte des d\u00e9chets"},"content":{"rendered":"\t\t<div data-elementor-type=\"wp-page\" data-elementor-id=\"10888\" class=\"elementor elementor-10888\" wpc-filter-elementor-widget=\"1\" data-elementor-post-type=\"page\">\n\t\t\t\t\t\t<section class=\"elementor-section elementor-top-section elementor-element elementor-element-2d3e851 elementor-section-boxed elementor-section-height-default elementor-section-height-default\" data-id=\"2d3e851\" data-element_type=\"section\" data-e-type=\"section\">\n\t\t\t\t\t\t<div class=\"elementor-container elementor-column-gap-default\">\n\t\t\t\t\t<div class=\"elementor-column elementor-col-100 elementor-top-column elementor-element elementor-element-b967205\" data-id=\"b967205\" data-element_type=\"column\" data-e-type=\"column\">\n\t\t\t<div class=\"elementor-widget-wrap elementor-element-populated\">\n\t\t\t\t\t\t<div class=\"elementor-element elementor-element-4c2653e split-breadcrumbs-y elementor-widget elementor-widget-the7-breadcrumb\" data-id=\"4c2653e\" data-element_type=\"widget\" data-e-type=\"widget\" data-widget_type=\"the7-breadcrumb.default\">\n\t\t\t\t<div class=\"elementor-widget-container\">\n\t\t\t\t\t<div class=\"assistive-text\">Vous \u00eates ici :<\/div><ol class=\"breadcrumbs text-small rcrumbs\" itemscope itemtype=\"https:\/\/schema.org\/BreadcrumbList\"><li itemprop=\"itemListElement\" itemscope itemtype=\"https:\/\/schema.org\/ListItem\"><a itemprop=\"item\" href=\"https:\/\/www.modave.be\/\" title=\"Accueil\"><span itemprop=\"name\">Accueil<\/span><\/a><meta itemprop=\"position\" content=\"1\" \/><\/li><li class=\"current\" itemprop=\"itemListElement\" itemscope itemtype=\"https:\/\/schema.org\/ListItem\"><span itemprop=\"name\">Page<\/span><meta itemprop=\"position\" content=\"2\" \/><\/li><\/ol>\t\t\t\t<\/div>\n\t\t\t\t<\/div>\n\t\t\t\t\t<\/div>\n\t\t<\/div>\n\t\t\t\t\t<\/div>\n\t\t<\/section>\n\t\t\t\t<section class=\"elementor-section elementor-top-section elementor-element elementor-element-1b52795 elementor-section-boxed elementor-section-height-default elementor-section-height-default\" data-id=\"1b52795\" data-element_type=\"section\" data-e-type=\"section\">\n\t\t\t\t\t\t<div class=\"elementor-container elementor-column-gap-default\">\n\t\t\t\t\t<div class=\"elementor-column elementor-col-33 elementor-top-column elementor-element elementor-element-88504a1\" data-id=\"88504a1\" data-element_type=\"column\" data-e-type=\"column\">\n\t\t\t<div class=\"elementor-widget-wrap elementor-element-populated\">\n\t\t\t\t\t\t<div class=\"elementor-element elementor-element-00b4ef2 elementor-widget elementor-widget-image\" data-id=\"00b4ef2\" data-element_type=\"widget\" data-e-type=\"widget\" data-widget_type=\"image.default\">\n\t\t\t\t<div class=\"elementor-widget-container\">\n\t\t\t\t\t\t\t\t\t\t\t\t\t\t\t<img decoding=\"async\" src=\"https:\/\/www.modave.be\/wp-content\/uploads\/elementor\/thumbs\/MODAVE_LOGO_VERTICAL_QUADRI_RVB-1-q4lws9w9u128sxmv5e94qhtcu9b0stk6oxz2d103j0.png\" title=\"MODAVE_LOGO_VERTICAL_QUADRI_RVB\" alt=\"MODAVE_LOGO_VERTICAL_QUADRI_RVB\" loading=\"lazy\" \/>\t\t\t\t\t\t\t\t\t\t\t\t\t\t\t<\/div>\n\t\t\t\t<\/div>\n\t\t\t\t\t<\/div>\n\t\t<\/div>\n\t\t\t\t<div class=\"elementor-column elementor-col-33 elementor-top-column elementor-element elementor-element-4347e19\" data-id=\"4347e19\" data-element_type=\"column\" data-e-type=\"column\">\n\t\t\t<div class=\"elementor-widget-wrap elementor-element-populated\">\n\t\t\t\t\t\t<div class=\"elementor-element elementor-element-5169502 content-align-left icon-box-vertical-align-top icon-position-left icon-vertical-align-start elementor-widget elementor-widget-the7_icon_box_grid_widget\" data-id=\"5169502\" data-element_type=\"widget\" data-e-type=\"widget\" data-widget_type=\"the7_icon_box_grid_widget.default\">\n\t\t\t\t<div class=\"elementor-widget-container\">\n\t\t\t\t\t<div class=\"the7-box-grid-wrapper the7-elementor-widget loading-effect-none the7_icon_box_grid_widget-5169502 widget-divider-on\"><h4 class=\"rp-heading\">Elodie de Marchin<\/h4>\t\t\t<div class=\"dt-css-grid\">\n\t\t\t\t\t\t\t\t\t<div class=\"wf-cell shown\">\n\t\t\t\t\t\t<div class=\"the7-icon-box-grid\">\t\t\t\t\t\t\t<div class=\"box-content-wrapper\">\n\t\t\t\t\t\t\t\t\t\t\t\t\t\t\t\t\t<a class=\"elementor-icon-div\" aria-label=\"T\u00e9l\u00e9phone\">\t\t\t\t\t\t\t\t\t\t<div class=\"elementor-icon\">\n\t\t\t\t\t\t\t\t\t\t\t<i aria-hidden=\"true\" class=\"fas fa-phone-alt\"><\/i>\t\t\t\t\t\t\t\t\t\t<\/div>\n\t\t\t\t\t\t\t\t\t<\/a>\t\t\t\t\t\t\t\t\t\t\t\t\t\t\t\t<div class=\"box-content\">\n\t\t\t\t\t\t\t\t\t\t\t\t\t\t\t\t\t\t\t\t\t\t\t\t\t\t\t\t\t<h5 class=\"box-heading\">\n\t\t\t\t\t\t\t\t\t\t\t<a aria-label=\"T\u00e9l\u00e9phone\">\t\t\t\t\t\t\t\t\t\t\t\tT\u00e9l\u00e9phone\t\t\t\t\t\t\t\t\t\t\t<\/a>\t\t\t\t\t\t\t\t\t\t<\/h5>\n\t\t\t\t\t\t\t\t\t\t\t\t\t\t\t\t\t\t\t\t\t\t\t\t\t\t\t\t<div class=\"box-description\">085\/41.02.20 Ext 2<\/div>\n\t\t\t\t\t\t\t\t\t\t\t\t\t\t\t\t\t\t\t\t\t\t\t\t\t\t<\/div>\n\t\t\t\t\t\t\t<\/div>\n\t\t\t\t\t\t<\/div>\t\t\t\t\t<\/div>\n\t\t\t\t\t\t\t\t\t<div class=\"wf-cell shown\">\n\t\t\t\t\t\t<div class=\"the7-icon-box-grid\">\t\t\t\t\t\t\t<div class=\"box-content-wrapper\">\n\t\t\t\t\t\t\t\t\t\t\t\t\t\t\t\t\t<a class=\"elementor-icon-div\" aria-label=\"Fax\">\t\t\t\t\t\t\t\t\t\t<div class=\"elementor-icon\">\n\t\t\t\t\t\t\t\t\t\t\t<i aria-hidden=\"true\" class=\"fas fa-fax\"><\/i>\t\t\t\t\t\t\t\t\t\t<\/div>\n\t\t\t\t\t\t\t\t\t<\/a>\t\t\t\t\t\t\t\t\t\t\t\t\t\t\t\t<div class=\"box-content\">\n\t\t\t\t\t\t\t\t\t\t\t\t\t\t\t\t\t\t\t\t\t\t\t\t\t\t\t\t\t<h5 class=\"box-heading\">\n\t\t\t\t\t\t\t\t\t\t\t<a aria-label=\"Fax\">\t\t\t\t\t\t\t\t\t\t\t\tFax\t\t\t\t\t\t\t\t\t\t\t<\/a>\t\t\t\t\t\t\t\t\t\t<\/h5>\n\t\t\t\t\t\t\t\t\t\t\t\t\t\t\t\t\t\t\t\t\t\t\t\t\t\t\t\t<div class=\"box-description\">085\/41.02.25<\/div>\n\t\t\t\t\t\t\t\t\t\t\t\t\t\t\t\t\t\t\t\t\t\t\t\t\t\t<\/div>\n\t\t\t\t\t\t\t<\/div>\n\t\t\t\t\t\t<\/div>\t\t\t\t\t<\/div>\n\t\t\t\t\t\t\t\t\t<div class=\"wf-cell shown\">\n\t\t\t\t\t\t<div class=\"the7-icon-box-grid\">\t\t\t\t\t\t\t<div class=\"box-content-wrapper\">\n\t\t\t\t\t\t\t\t\t\t\t\t\t\t\t\t\t<a class=\"elementor-icon-div\" aria-label=\"Email\">\t\t\t\t\t\t\t\t\t\t<div class=\"elementor-icon\">\n\t\t\t\t\t\t\t\t\t\t\t<i aria-hidden=\"true\" class=\"fas fa-envelope\"><\/i>\t\t\t\t\t\t\t\t\t\t<\/div>\n\t\t\t\t\t\t\t\t\t<\/a>\t\t\t\t\t\t\t\t\t\t\t\t\t\t\t\t<div class=\"box-content\">\n\t\t\t\t\t\t\t\t\t\t\t\t\t\t\t\t\t\t\t\t\t\t\t\t\t\t\t\t\t<h5 class=\"box-heading\">\n\t\t\t\t\t\t\t\t\t\t\t<a aria-label=\"Email\">\t\t\t\t\t\t\t\t\t\t\t\tEmail\t\t\t\t\t\t\t\t\t\t\t<\/a>\t\t\t\t\t\t\t\t\t\t<\/h5>\n\t\t\t\t\t\t\t\t\t\t\t\t\t\t\t\t\t\t\t\t\t\t\t\t\t\t\t\t<div class=\"box-description\">ecoconseiller@modave.be<\/div>\n\t\t\t\t\t\t\t\t\t\t\t\t\t\t\t\t\t\t\t\t\t\t\t\t\t\t<\/div>\n\t\t\t\t\t\t\t<\/div>\n\t\t\t\t\t\t<\/div>\t\t\t\t\t<\/div>\n\t\t\t\t\t\t\t\t\t<div class=\"wf-cell shown\">\n\t\t\t\t\t\t<div class=\"the7-icon-box-grid\">\t\t\t\t\t\t\t<div class=\"box-content-wrapper\">\n\t\t\t\t\t\t\t\t\t\t\t\t\t\t\t\t\t<a class=\"elementor-icon-div\" aria-label=\"Adresse\">\t\t\t\t\t\t\t\t\t\t<div class=\"elementor-icon\">\n\t\t\t\t\t\t\t\t\t\t\t<i aria-hidden=\"true\" class=\"fas fa-map-signs\"><\/i>\t\t\t\t\t\t\t\t\t\t<\/div>\n\t\t\t\t\t\t\t\t\t<\/a>\t\t\t\t\t\t\t\t\t\t\t\t\t\t\t\t<div class=\"box-content\">\n\t\t\t\t\t\t\t\t\t\t\t\t\t\t\t\t\t\t\t\t\t\t\t\t\t\t\t\t\t<h5 class=\"box-heading\">\n\t\t\t\t\t\t\t\t\t\t\t<a aria-label=\"Adresse\">\t\t\t\t\t\t\t\t\t\t\t\tAdresse\t\t\t\t\t\t\t\t\t\t\t<\/a>\t\t\t\t\t\t\t\t\t\t<\/h5>\n\t\t\t\t\t\t\t\t\t\t\t\t\t\t\t\t\t\t\t\t\t\t\t\t\t\t\t\t<div class=\"box-description\">Administration communale<br>\nPlace G. Hubin, 1-3 <br>\n4577 MODAVE<\/div>\n\t\t\t\t\t\t\t\t\t\t\t\t\t\t\t\t\t\t\t\t\t\t\t\t\t\t<\/div>\n\t\t\t\t\t\t\t<\/div>\n\t\t\t\t\t\t<\/div>\t\t\t\t\t<\/div>\n\t\t\t\t\t\t\t<\/div>\n\t\t<\/div>\t\t\t\t<\/div>\n\t\t\t\t<\/div>\n\t\t\t\t<div class=\"elementor-element elementor-element-b3c2414 elementor-widget elementor-widget-spacer\" data-id=\"b3c2414\" data-element_type=\"widget\" data-e-type=\"widget\" data-widget_type=\"spacer.default\">\n\t\t\t\t<div class=\"elementor-widget-container\">\n\t\t\t\t\t\t\t<div class=\"elementor-spacer\">\n\t\t\t<div class=\"elementor-spacer-inner\"><\/div>\n\t\t<\/div>\n\t\t\t\t\t\t<\/div>\n\t\t\t\t<\/div>\n\t\t\t\t\t<\/div>\n\t\t<\/div>\n\t\t\t\t<div class=\"elementor-column elementor-col-33 elementor-top-column elementor-element elementor-element-4b88295\" data-id=\"4b88295\" data-element_type=\"column\" data-e-type=\"column\">\n\t\t\t<div class=\"elementor-widget-wrap elementor-element-populated\">\n\t\t\t\t\t\t<div class=\"elementor-element elementor-element-76ff2ec elementor-widget elementor-widget-text-editor\" data-id=\"76ff2ec\" data-element_type=\"widget\" data-e-type=\"widget\" data-widget_type=\"text-editor.default\">\n\t\t\t\t<div class=\"elementor-widget-container\">\n\t\t\t\t\t\t\t\t\t<p><strong>Tarification :\u00a0<\/strong>Service taxes ( Madame Stavaux 085\/41 02 20 ext:4)<\/p><p><strong>Collecte des d\u00e9chets :<br \/><\/strong><\/p><p>Collecte bihebdomadaire des d\u00e9chets m\u00e9nagers, P.M.C. et papiers &#8211; cartons : Le mardi des semaines paires<br \/>Collecte des encombrants : Sur r\u00e9servation (voir calendrier INTRADEL)<\/p><p><strong>NOUVEAU: Car-bags<br \/><\/strong>Campagne de sensibilisation \u00ab\u00a0Pour une vall\u00e9e plus belle\u00a0\u00bb \u00e9labor\u00e9e par le groupe de travail \u00ab\u00a0Sensibilisation et information\u00a0\u00bb du Comit\u00e9 Local du Hoyoux:<em>\u00a0gardons nos d\u00e9chets jusqu&rsquo;\u00e0 la prochaine poubelle pour \u00e9viter tout dommage pour la nature et les cours d&rsquo;eau<\/em><strong>.<br \/><\/strong>Des car-bags ou petites poubelles de voiture sont disponibles dans les 27 Administrations communales partenaires du Contrat de Rivi\u00e8re, dans les maisons du Tourisme et sur des sites cibl\u00e9s.<\/p><p><strong>Emplacement des bulles \u00e0 verre :<\/strong><br \/>&#8211; Tige de Hestreux, 4577 Modave (Complexe Sportif)<br \/>&#8211; Rue de la Gare (Pont de Bonne)<br \/>&#8211; Rue du Village (Modave)<br \/>&#8211; Rue Bois Rosine (Str\u00e9e)<br \/>&#8211; Rue Rausa (Cimeti\u00e8re)<\/p><table border=\"0\"><tbody><tr><td align=\"left\" valign=\"top\"><strong>Parc \u00e0 conteneurs :<\/strong><br \/>Clavier &#8211; Modave &#8211; Tinlot<br \/>Route du Val, 11<br \/>4560 CLAVIER<br \/>Tel : 085\/41.36.32<\/td><td align=\"left\" valign=\"top\"><strong>Heures d&rsquo;ouverture :<\/strong><br \/>Du mardi au vendredi\u00a0: de 9h \u00e0 12h30 et de 13h \u00e0 17h<br \/>Le samedi : de 8h30 \u00e0 12h30 et de 13h \u00e0 17h<br \/><strong>Ferm\u00e9 le lundi<\/strong><\/td><\/tr><\/tbody><\/table><p><a href=\"http:\/\/www.intradel.be\/\" target=\"_blank\" rel=\"noopener\">http:\/\/www.intradel.be<\/a><br \/><a href=\"http:\/\/www.shanks.be\/\" target=\"_blank\" rel=\"noopener\">http:\/\/www.shanks.be<\/a><\/p>\t\t\t\t\t\t\t\t<\/div>\n\t\t\t\t<\/div>\n\t\t\t\t\t<\/div>\n\t\t<\/div>\n\t\t\t\t\t<\/div>\n\t\t<\/section>\n\t\t\t\t<\/div>\n\t\t","protected":false},"excerpt":{"rendered":"<p>You are here: Home Page Elodie de Marchin T\u00e9l\u00e9phone 085\/41.02.20 Ext 2 Fax 085\/41.02.25 Email ecoconseiller@modave.be Adresse Administration communale Place G. Hubin, 1-3 4577 MODAVE Tarification :\u00a0Service taxes ( Madame Stavaux 085\/41 02 20 ext:4) Collecte des d\u00e9chets : Collecte bihebdomadaire des d\u00e9chets m\u00e9nagers, P.M.C. et papiers &#8211; cartons : Le mardi des semaines pairesCollecte&hellip;<\/p>\n","protected":false},"author":1,"featured_media":12610,"parent":10864,"menu_order":0,"comment_status":"closed","ping_status":"closed","template":"","meta":{"footnotes":""},"class_list":["post-10888","page","type-page","status-publish","has-post-thumbnail","hentry"],"yoast_head":"<!-- This site is optimized with the Yoast SEO plugin v27.2 - https:\/\/yoast.com\/product\/yoast-seo-wordpress\/ -->\n<title>Collecte des d\u00e9chets - Commune de Modave<\/title>\n<meta name=\"robots\" content=\"index, follow, max-snippet:-1, max-image-preview:large, max-video-preview:-1\" \/>\n<link rel=\"canonical\" href=\"https:\/\/www.modave.be\/index.php\/services-communaux\/collecte-des-dechets\/\" \/>\n<meta property=\"og:locale\" content=\"fr_FR\" \/>\n<meta property=\"og:type\" content=\"article\" \/>\n<meta property=\"og:title\" content=\"Collecte des d\u00e9chets - Commune de Modave\" \/>\n<meta property=\"og:description\" content=\"You are here: Home Page Elodie de Marchin T\u00e9l\u00e9phone 085\/41.02.20 Ext 2 Fax 085\/41.02.25 Email ecoconseiller@modave.be Adresse Administration communale Place G. Hubin, 1-3 4577 MODAVE Tarification :\u00a0Service taxes ( Madame Stavaux 085\/41 02 20 ext:4) Collecte des d\u00e9chets : Collecte bihebdomadaire des d\u00e9chets m\u00e9nagers, P.M.C. et papiers &#8211; cartons : Le mardi des semaines pairesCollecte&hellip;\" \/>\n<meta property=\"og:url\" content=\"https:\/\/www.modave.be\/index.php\/services-communaux\/collecte-des-dechets\/\" \/>\n<meta property=\"og:site_name\" content=\"Commune de Modave\" \/>\n<meta property=\"article:modified_time\" content=\"2025-03-19T14:02:31+00:00\" \/>\n<meta property=\"og:image\" content=\"https:\/\/www.modave.be\/wp-content\/uploads\/2023\/09\/569d8540-204e-4322-b830-05543c26b9c2.jpeg\" \/>\n\t<meta property=\"og:image:width\" content=\"945\" \/>\n\t<meta property=\"og:image:height\" content=\"435\" \/>\n\t<meta property=\"og:image:type\" content=\"image\/jpeg\" \/>\n<meta name=\"twitter:card\" content=\"summary_large_image\" \/>\n<meta name=\"twitter:label1\" content=\"Dur\u00e9e de lecture estim\u00e9e\" \/>\n\t<meta name=\"twitter:data1\" content=\"1 minute\" \/>\n<script type=\"application\/ld+json\" class=\"yoast-schema-graph\">{\"@context\":\"https:\/\/schema.org\",\"@graph\":[{\"@type\":\"WebPage\",\"@id\":\"https:\/\/www.modave.be\/index.php\/services-communaux\/collecte-des-dechets\/\",\"url\":\"https:\/\/www.modave.be\/index.php\/services-communaux\/collecte-des-dechets\/\",\"name\":\"Collecte des d\u00e9chets - Commune de Modave\",\"isPartOf\":{\"@id\":\"https:\/\/www.modave.be\/#website\"},\"primaryImageOfPage\":{\"@id\":\"https:\/\/www.modave.be\/index.php\/services-communaux\/collecte-des-dechets\/#primaryimage\"},\"image\":{\"@id\":\"https:\/\/www.modave.be\/index.php\/services-communaux\/collecte-des-dechets\/#primaryimage\"},\"thumbnailUrl\":\"https:\/\/www.modave.be\/wp-content\/uploads\/2023\/09\/569d8540-204e-4322-b830-05543c26b9c2.jpeg\",\"datePublished\":\"2023-02-17T14:38:33+00:00\",\"dateModified\":\"2025-03-19T14:02:31+00:00\",\"breadcrumb\":{\"@id\":\"https:\/\/www.modave.be\/index.php\/services-communaux\/collecte-des-dechets\/#breadcrumb\"},\"inLanguage\":\"fr-FR\",\"potentialAction\":[{\"@type\":\"ReadAction\",\"target\":[\"https:\/\/www.modave.be\/index.php\/services-communaux\/collecte-des-dechets\/\"]}]},{\"@type\":\"ImageObject\",\"inLanguage\":\"fr-FR\",\"@id\":\"https:\/\/www.modave.be\/index.php\/services-communaux\/collecte-des-dechets\/#primaryimage\",\"url\":\"https:\/\/www.modave.be\/wp-content\/uploads\/2023\/09\/569d8540-204e-4322-b830-05543c26b9c2.jpeg\",\"contentUrl\":\"https:\/\/www.modave.be\/wp-content\/uploads\/2023\/09\/569d8540-204e-4322-b830-05543c26b9c2.jpeg\",\"width\":945,\"height\":435},{\"@type\":\"BreadcrumbList\",\"@id\":\"https:\/\/www.modave.be\/index.php\/services-communaux\/collecte-des-dechets\/#breadcrumb\",\"itemListElement\":[{\"@type\":\"ListItem\",\"position\":1,\"name\":\"Accueil\",\"item\":\"https:\/\/www.modave.be\/\"},{\"@type\":\"ListItem\",\"position\":2,\"name\":\"Services Communaux\",\"item\":\"https:\/\/www.modave.be\/index.php\/services-communaux\/\"},{\"@type\":\"ListItem\",\"position\":3,\"name\":\"Collecte des d\u00e9chets\"}]},{\"@type\":\"WebSite\",\"@id\":\"https:\/\/www.modave.be\/#website\",\"url\":\"https:\/\/www.modave.be\/\",\"name\":\"Commune de Modave\",\"description\":\"Commune de Modave\",\"publisher\":{\"@id\":\"https:\/\/www.modave.be\/#organization\"},\"potentialAction\":[{\"@type\":\"SearchAction\",\"target\":{\"@type\":\"EntryPoint\",\"urlTemplate\":\"https:\/\/www.modave.be\/?s={search_term_string}\"},\"query-input\":{\"@type\":\"PropertyValueSpecification\",\"valueRequired\":true,\"valueName\":\"search_term_string\"}}],\"inLanguage\":\"fr-FR\"},{\"@type\":\"Organization\",\"@id\":\"https:\/\/www.modave.be\/#organization\",\"name\":\"Commune de Modave\",\"url\":\"https:\/\/www.modave.be\/\",\"logo\":{\"@type\":\"ImageObject\",\"inLanguage\":\"fr-FR\",\"@id\":\"https:\/\/www.modave.be\/#\/schema\/logo\/image\/\",\"url\":\"https:\/\/www.modave.be\/wp-content\/uploads\/2021\/12\/MODAVE_LOGO_HORIZONTAL_QUADRI_RVB.png\",\"contentUrl\":\"https:\/\/www.modave.be\/wp-content\/uploads\/2021\/12\/MODAVE_LOGO_HORIZONTAL_QUADRI_RVB.png\",\"width\":1200,\"height\":501,\"caption\":\"Commune de Modave\"},\"image\":{\"@id\":\"https:\/\/www.modave.be\/#\/schema\/logo\/image\/\"}}]}<\/script>\n<!-- \/ Yoast SEO plugin. -->","yoast_head_json":{"title":"Collecte des d\u00e9chets - Commune de Modave","robots":{"index":"index","follow":"follow","max-snippet":"max-snippet:-1","max-image-preview":"max-image-preview:large","max-video-preview":"max-video-preview:-1"},"canonical":"https:\/\/www.modave.be\/index.php\/services-communaux\/collecte-des-dechets\/","og_locale":"fr_FR","og_type":"article","og_title":"Collecte des d\u00e9chets - Commune de Modave","og_description":"You are here: Home Page Elodie de Marchin T\u00e9l\u00e9phone 085\/41.02.20 Ext 2 Fax 085\/41.02.25 Email ecoconseiller@modave.be Adresse Administration communale Place G. Hubin, 1-3 4577 MODAVE Tarification :\u00a0Service taxes ( Madame Stavaux 085\/41 02 20 ext:4) Collecte des d\u00e9chets : Collecte bihebdomadaire des d\u00e9chets m\u00e9nagers, P.M.C. et papiers &#8211; cartons : Le mardi des semaines pairesCollecte&hellip;","og_url":"https:\/\/www.modave.be\/index.php\/services-communaux\/collecte-des-dechets\/","og_site_name":"Commune de Modave","article_modified_time":"2025-03-19T14:02:31+00:00","og_image":[{"width":945,"height":435,"url":"https:\/\/www.modave.be\/wp-content\/uploads\/2023\/09\/569d8540-204e-4322-b830-05543c26b9c2.jpeg","type":"image\/jpeg"}],"twitter_card":"summary_large_image","twitter_misc":{"Dur\u00e9e de lecture estim\u00e9e":"1 minute"},"schema":{"@context":"https:\/\/schema.org","@graph":[{"@type":"WebPage","@id":"https:\/\/www.modave.be\/index.php\/services-communaux\/collecte-des-dechets\/","url":"https:\/\/www.modave.be\/index.php\/services-communaux\/collecte-des-dechets\/","name":"Collecte des d\u00e9chets - Commune de Modave","isPartOf":{"@id":"https:\/\/www.modave.be\/#website"},"primaryImageOfPage":{"@id":"https:\/\/www.modave.be\/index.php\/services-communaux\/collecte-des-dechets\/#primaryimage"},"image":{"@id":"https:\/\/www.modave.be\/index.php\/services-communaux\/collecte-des-dechets\/#primaryimage"},"thumbnailUrl":"https:\/\/www.modave.be\/wp-content\/uploads\/2023\/09\/569d8540-204e-4322-b830-05543c26b9c2.jpeg","datePublished":"2023-02-17T14:38:33+00:00","dateModified":"2025-03-19T14:02:31+00:00","breadcrumb":{"@id":"https:\/\/www.modave.be\/index.php\/services-communaux\/collecte-des-dechets\/#breadcrumb"},"inLanguage":"fr-FR","potentialAction":[{"@type":"ReadAction","target":["https:\/\/www.modave.be\/index.php\/services-communaux\/collecte-des-dechets\/"]}]},{"@type":"ImageObject","inLanguage":"fr-FR","@id":"https:\/\/www.modave.be\/index.php\/services-communaux\/collecte-des-dechets\/#primaryimage","url":"https:\/\/www.modave.be\/wp-content\/uploads\/2023\/09\/569d8540-204e-4322-b830-05543c26b9c2.jpeg","contentUrl":"https:\/\/www.modave.be\/wp-content\/uploads\/2023\/09\/569d8540-204e-4322-b830-05543c26b9c2.jpeg","width":945,"height":435},{"@type":"BreadcrumbList","@id":"https:\/\/www.modave.be\/index.php\/services-communaux\/collecte-des-dechets\/#breadcrumb","itemListElement":[{"@type":"ListItem","position":1,"name":"Accueil","item":"https:\/\/www.modave.be\/"},{"@type":"ListItem","position":2,"name":"Services Communaux","item":"https:\/\/www.modave.be\/index.php\/services-communaux\/"},{"@type":"ListItem","position":3,"name":"Collecte des d\u00e9chets"}]},{"@type":"WebSite","@id":"https:\/\/www.modave.be\/#website","url":"https:\/\/www.modave.be\/","name":"Commune de Modave","description":"Commune de Modave","publisher":{"@id":"https:\/\/www.modave.be\/#organization"},"potentialAction":[{"@type":"SearchAction","target":{"@type":"EntryPoint","urlTemplate":"https:\/\/www.modave.be\/?s={search_term_string}"},"query-input":{"@type":"PropertyValueSpecification","valueRequired":true,"valueName":"search_term_string"}}],"inLanguage":"fr-FR"},{"@type":"Organization","@id":"https:\/\/www.modave.be\/#organization","name":"Commune de Modave","url":"https:\/\/www.modave.be\/","logo":{"@type":"ImageObject","inLanguage":"fr-FR","@id":"https:\/\/www.modave.be\/#\/schema\/logo\/image\/","url":"https:\/\/www.modave.be\/wp-content\/uploads\/2021\/12\/MODAVE_LOGO_HORIZONTAL_QUADRI_RVB.png","contentUrl":"https:\/\/www.modave.be\/wp-content\/uploads\/2021\/12\/MODAVE_LOGO_HORIZONTAL_QUADRI_RVB.png","width":1200,"height":501,"caption":"Commune de Modave"},"image":{"@id":"https:\/\/www.modave.be\/#\/schema\/logo\/image\/"}}]}},"_links":{"self":[{"href":"https:\/\/www.modave.be\/index.php\/wp-json\/wp\/v2\/pages\/10888","targetHints":{"allow":["GET"]}}],"collection":[{"href":"https:\/\/www.modave.be\/index.php\/wp-json\/wp\/v2\/pages"}],"about":[{"href":"https:\/\/www.modave.be\/index.php\/wp-json\/wp\/v2\/types\/page"}],"author":[{"embeddable":true,"href":"https:\/\/www.modave.be\/index.php\/wp-json\/wp\/v2\/users\/1"}],"replies":[{"embeddable":true,"href":"https:\/\/www.modave.be\/index.php\/wp-json\/wp\/v2\/comments?post=10888"}],"version-history":[{"count":0,"href":"https:\/\/www.modave.be\/index.php\/wp-json\/wp\/v2\/pages\/10888\/revisions"}],"up":[{"embeddable":true,"href":"https:\/\/www.modave.be\/index.php\/wp-json\/wp\/v2\/pages\/10864"}],"wp:featuredmedia":[{"embeddable":true,"href":"https:\/\/www.modave.be\/index.php\/wp-json\/wp\/v2\/media\/12610"}],"wp:attachment":[{"href":"https:\/\/www.modave.be\/index.php\/wp-json\/wp\/v2\/media?parent=10888"}],"curies":[{"name":"wp","href":"https:\/\/api.w.org\/{rel}","templated":true}]}}