{"id":10938,"date":"2023-02-17T17:15:45","date_gmt":"2023-02-17T16:15:45","guid":{"rendered":"http:\/\/217.182.142.226\/?page_id=10938"},"modified":"2023-12-05T13:49:42","modified_gmt":"2023-12-05T12:49:42","slug":"fonctionnement-politique","status":"publish","type":"page","link":"https:\/\/www.modave.be\/index.php\/politique\/fonctionnement-politique\/","title":{"rendered":"Fonctionnement Politique"},"content":{"rendered":"\t\t<div data-elementor-type=\"wp-page\" data-elementor-id=\"10938\" class=\"elementor elementor-10938\" wpc-filter-elementor-widget=\"1\" data-elementor-post-type=\"page\">\n\t\t\t\t\t\t<section class=\"elementor-section elementor-top-section elementor-element elementor-element-909d08c elementor-section-boxed elementor-section-height-default elementor-section-height-default\" data-id=\"909d08c\" data-element_type=\"section\" data-e-type=\"section\">\n\t\t\t\t\t\t<div class=\"elementor-container elementor-column-gap-default\">\n\t\t\t\t\t<div class=\"elementor-column elementor-col-100 elementor-top-column elementor-element elementor-element-1391893\" data-id=\"1391893\" data-element_type=\"column\" data-e-type=\"column\">\n\t\t\t<div class=\"elementor-widget-wrap elementor-element-populated\">\n\t\t\t\t\t\t<div class=\"elementor-element elementor-element-00f3f77 split-breadcrumbs-y elementor-widget elementor-widget-the7-breadcrumb\" data-id=\"00f3f77\" data-element_type=\"widget\" data-e-type=\"widget\" data-widget_type=\"the7-breadcrumb.default\">\n\t\t\t\t<div class=\"elementor-widget-container\">\n\t\t\t\t\t<div class=\"assistive-text\">Vous \u00eates ici :<\/div><ol class=\"breadcrumbs text-small rcrumbs\" itemscope itemtype=\"https:\/\/schema.org\/BreadcrumbList\"><li itemprop=\"itemListElement\" itemscope itemtype=\"https:\/\/schema.org\/ListItem\"><a itemprop=\"item\" href=\"https:\/\/www.modave.be\/\" title=\"Accueil\"><span itemprop=\"name\">Accueil<\/span><\/a><meta itemprop=\"position\" content=\"1\" \/><\/li><li class=\"current\" itemprop=\"itemListElement\" itemscope itemtype=\"https:\/\/schema.org\/ListItem\"><span itemprop=\"name\">Page<\/span><meta itemprop=\"position\" content=\"2\" \/><\/li><\/ol>\t\t\t\t<\/div>\n\t\t\t\t<\/div>\n\t\t\t\t<div class=\"elementor-element elementor-element-1e40d28 elementor-widget elementor-widget-spacer\" data-id=\"1e40d28\" data-element_type=\"widget\" data-e-type=\"widget\" data-widget_type=\"spacer.default\">\n\t\t\t\t<div class=\"elementor-widget-container\">\n\t\t\t\t\t\t\t<div class=\"elementor-spacer\">\n\t\t\t<div class=\"elementor-spacer-inner\"><\/div>\n\t\t<\/div>\n\t\t\t\t\t\t<\/div>\n\t\t\t\t<\/div>\n\t\t\t\t\t<\/div>\n\t\t<\/div>\n\t\t\t\t\t<\/div>\n\t\t<\/section>\n\t\t\t\t<section class=\"elementor-section elementor-top-section elementor-element elementor-element-753708a elementor-section-boxed elementor-section-height-default elementor-section-height-default\" data-id=\"753708a\" data-element_type=\"section\" data-e-type=\"section\">\n\t\t\t\t\t\t<div class=\"elementor-container elementor-column-gap-default\">\n\t\t\t\t\t<div class=\"elementor-column elementor-col-100 elementor-top-column elementor-element elementor-element-6881fe2\" data-id=\"6881fe2\" data-element_type=\"column\" data-e-type=\"column\">\n\t\t\t<div class=\"elementor-widget-wrap elementor-element-populated\">\n\t\t\t\t\t\t<div class=\"elementor-element elementor-element-e17a0da elementor-widget elementor-widget-text-editor\" data-id=\"e17a0da\" data-element_type=\"widget\" data-e-type=\"widget\" data-widget_type=\"text-editor.default\">\n\t\t\t\t<div class=\"elementor-widget-container\">\n\t\t\t\t\t\t\t\t\t<h2>Le conseil Communal<\/h2><h3>Organnes de fonctionnement<\/h3><h3>La commune, relais de pouvoir du citoyen<\/h3><blockquote><p>La commune constitue le niveau de pouvoir le plus proche du citoyen? Proche parce que ses comp\u00e9tences concernent des phases-cl\u00e9 de la vie : naissances, mariages, d\u00e9c\u00e8s, s\u00e9curit\u00e9, &#8230; C&rsquo;est ce qui explique que pour \u00eatre mandataire d&rsquo;une commune, il faut \u00eatre \u00e9lu par ses habitants et y habiter. Mais comment d\u00e9finir une commune?<\/p><\/blockquote><p><strong>La commune est dot\u00e9e d&rsquo;organes de d\u00e9cision qui sont \u00e9lus directement ou indirectement (le bourgmestre except\u00e9).<br \/><br \/><\/strong><strong>La commune<\/strong>\u00a0est administr\u00e9e par le Conseil Communal, le Coll\u00e8ge Communal et le Bourgmestre.<br \/><br \/><strong>Le Conseil Communal<\/strong>\u00a0est le \u00ab\u00a0parlement\u00a0\u00bb de la commune, c&rsquo;est lui qui en assure la fonction l\u00e9gislative. A cette diff\u00e9rence pr\u00e8s que ses d\u00e9cisions ne sont pas des lois mais des r\u00e8glements et des arr\u00eat\u00e9s. Ceux-ci n&rsquo;ont pas la m\u00eame force qu&rsquo;une loi f\u00e9d\u00e9rale. Ce sont les r\u00e9sultats des \u00e9lections qui d\u00e9signent, directement, les membres du Conseil communal.<br \/><br \/><strong>Le Coll\u00e8ge\u00a0Communal<\/strong>\u00a0agit comme le \u00ab\u00a0gouvernement\u00a0\u00bb de la commune. Il est charg\u00e9 de sa gestion au jour le jour et doit veiller \u00e0 l&rsquo;ex\u00e9cution des d\u00e9cisions du Conseil.<br \/><br \/><strong>Les Echevins<\/strong>\u00a0sont \u00e9lus par les conseillers communaux en leur sein, \u00e0 l&rsquo;occasion de la s\u00e9ance d&rsquo;installation du nouveau Conseil Communal.\u00a0L&rsquo;\u00e9lection des\u00a0Echevins\u00a0ainsi que du Pr\u00e9sident du CPAS se fait \u00e0 travers un pacte de majorit\u00e9\u00a0Tout au long de leur mandat, ils doivent satisfaire \u00e0 toutes les conditions d&rsquo;\u00e9ligibilit\u00e9 exig\u00e9es.<br \/><br \/><strong>Le Bourgmestre<\/strong>\u00a0est la personne qui a re\u00e7u le plus de voix de pr\u00e9f\u00e9rence, sur la liste qui a obtenu le plus de voix ausein du pacte de majorit\u00e9 adopt\u00e9. Il est le respr\u00e9sentant du pouvoir central et donc le responsable de l&rsquo;ex\u00e9cution des lois.<\/p><h3>Le fonctionnement du Conseil Communal<\/h3><p>Les r\u00e9unions du Conseil communal sont publiques, sauf lorsqu&rsquo;il s&rsquo;agit de questions relatives \u00e0 des personnes, auquel cas les d\u00e9bats ont lieu \u00e0 huis clos avant ou apr\u00e8s la s\u00e9ance publique. C&rsquo;est pour cette raison que le lieu, le jour et l&rsquo;heure, ainsi que l&rsquo;ordre du jour sont port\u00e9s \u00e0 la connaissance du public par voie d&rsquo;affichage \u00e0 la maison communale. Quant aux conseillers, ils sont personnellement avertis de la tenue de ces s\u00e9ances par courrier. Le Conseil Communal se r\u00e9unit autant de fois que n\u00e9cessaire avec un minimum de dix s\u00e9ances par an.<\/p><p>C&rsquo;est le secr\u00e9taire communal qui est charg\u00e9 de la r\u00e9daction du proc\u00e8s-verbal des s\u00e9ances du Conseil. Toutes les d\u00e9cisions y sont clairement reproduites. Si aucune r\u00e9clamation n&rsquo;est introduite par l&rsquo;un des conseillers, le proc\u00e8s-verbal est consid\u00e9r\u00e9 comme approuv\u00e9 et soumis \u00e0 la signature dans le mois qui suit cette approbation. Mais il peut \u00e9galement \u00eatre r\u00e9dig\u00e9 et sign\u00e9 \u00ab\u00a0s\u00e9ance tenante\u00a0\u00bb.<\/p><h3>Le Coll\u00e8ge Communal<\/h3><p>Le Coll\u00e8ge est compos\u00e9 du Bourgmestre, des Echevins et du Pr\u00e9sident du C.P.A.S. Il ne peut fonctionner et donc exercer ses attributions que collectivement. Ce qui ne l&#8217;emp\u00eache pas de distribuer certaines t\u00e2ches entre plusieurs \u00e9chevins afin de pr\u00e9parer des dossiers. Cette notion de \u00ab\u00a0corps responsable\u00a0\u00bb est appel\u00e9e la coll\u00e9gialit\u00e9.<\/p><p>Le coll\u00e8ge se r\u00e9unit \u00e0 la maison communale. Ses s\u00e9ances ne sont pas publiques, sauf\u00a0lorsqu&rsquo;il statue en tant que juridiction administrative sur les r\u00e9clamations relatives aux listes \u00e9lectorales.<\/p><p>A l&rsquo;instar du Conseil communal, le Coll\u00e8ge ne peut valablement d\u00e9lib\u00e9rer et prendre des d\u00e9cisions qu&rsquo;en pr\u00e9sence de la majorit\u00e9 de ses membres. De m\u00eame, les d\u00e9cisions et les r\u00e9solutions sont prises \u00e0 la majorit\u00e9. En cas de partage des voix, le Coll\u00e8ge est tenu de reporter sa d\u00e9cision \u00e0 une s\u00e9ance ult\u00e9rieure. Mais si l&rsquo;affaire est reconnue urgente, par une d\u00e9cision pr\u00e9alable du Coll\u00e8ge, la voix du pr\u00e9sident est alors pr\u00e9pond\u00e9rante.<\/p><h3>Les conseillers et les \u00e9chevins<\/h3><p>Le nombre de conseillers et d&rsquo;Echevins est fonction du nombre d&rsquo;habitants que compte la commune. A titre informatif, sachez que le nombre de conseillers varie entre 7 (communes de moins de 1.000 habitants) et 55 (communes de plus de 300.000 habitants). Pour les Echevins, ce nombre vaire entre 2 et 10. La commune de Modave compte\u00a03 Echevins et 8 conseillers communaux.<\/p><p>Les conseillers communaux peuvent poser toutes les questions qu&rsquo;ils souhaitent aux membres du Coll\u00e8ge. Ces questions, orales ou \u00e9crites, constituent ce que l&rsquo;on appelle le droit d&rsquo;interpellation. C&rsquo;est un r\u00e8glement d&rsquo;ordre int\u00e9rieur qui en d\u00e9termine les conditions d&rsquo;exercice.<br \/><br \/>Le conseiller a \u00e9galement le droit de visiter toutes les institutions de la commune (\u00e9cole, mus\u00e9e&#8230;). Sa visite doit cependant conserver un caract\u00e8re \u00ab\u00a0passif\u00a0\u00bb, puisqu&rsquo;il ne lui est pas permis d&rsquo;intervenir directement dans la gestion quotidienne de ces institutions.<br \/><br \/>Enfin, les membres du Conseil Communal jouissent d&rsquo;un droit de consultation, par lequel ils ont la possibilit\u00e9 de consulter la correspondance communale. Cette r\u00e8gle est d&rsquo;application pour l&rsquo;ensemble des documents, \u00e0 l&rsquo;exception des registres et des actes de l&rsquo;\u00e9tat civil, des projets de proc\u00e8s verbaux des r\u00e9unions du Conseil Communal et du coll\u00e8ge, des casiers judiciaires, des actes et des documents qui \u00e9manent du Coll\u00e8ge et qui concernent l&rsquo;ex\u00e9cution des lois.<\/p><h3>Le r\u00f4le du bourgmestre<\/h3><p>Le bourgmestre est charg\u00e9 de l\u2019ex\u00e9cution des lois,\u00a0 des d\u00e9crets, des ordonnances, des r\u00e8glements et arr\u00eat\u00e9s de l\u2019Etat, des R\u00e9gions, des Communaut\u00e9s, des Commissions Communautaires, du Conseil Provincial, \u00e0 moins qu\u2019elles ne soit formellement attribu\u00e9e au Coll\u00e8ge Communal ou au Conseil.<\/p><p>Il est \u00e9galement l\u2019officier de l\u2019\u00e9tat civil et est particuli\u00e8rement charg\u00e9 de faire observer la bonne tenue des registres. Pendant son absence ou son emp\u00eachement, le bourgmestre peut d\u00e9l\u00e9guer \u00e0 un \u00e9chevin, l\u2019ensemble des pouvoirs de bourgmestre. Cet \u00e9chevin est alors appel\u00e9 \u00ab\u00a0bourgmestre faisant fonction\u00a0\u00bb<\/p><p><br \/>Le Bourgmestre est aussi membrede droit du Conseil de police de la Zone de police du Condroz.<br \/><br \/>En tant que premier magistrat de sa commune, il prend connaissance de toutes les affaires qui concernent sa commune. Il d\u00e9tient le sceau communal et authentifie les conventions relatives \u00e0 la cession de biens immobiliers.<\/p>\t\t\t\t\t\t\t\t<\/div>\n\t\t\t\t<\/div>\n\t\t\t\t\t<\/div>\n\t\t<\/div>\n\t\t\t\t\t<\/div>\n\t\t<\/section>\n\t\t\t\t<\/div>\n\t\t","protected":false},"excerpt":{"rendered":"<p>You are here: Home Page Le conseil Communal Organnes de fonctionnement La commune, relais de pouvoir du citoyen La commune constitue le niveau de pouvoir le plus proche du citoyen? Proche parce que ses comp\u00e9tences concernent des phases-cl\u00e9 de la vie : naissances, mariages, d\u00e9c\u00e8s, s\u00e9curit\u00e9, &#8230; C&rsquo;est ce qui explique que pour \u00eatre mandataire&hellip;<\/p>\n","protected":false},"author":1,"featured_media":12690,"parent":10935,"menu_order":0,"comment_status":"closed","ping_status":"closed","template":"","meta":{"footnotes":""},"class_list":["post-10938","page","type-page","status-publish","has-post-thumbnail","hentry"],"yoast_head":"<!-- This site is optimized with the Yoast SEO plugin v27.6 - https:\/\/yoast.com\/product\/yoast-seo-wordpress\/ -->\n<title>Fonctionnement Politique - Commune de Modave<\/title>\n<meta name=\"robots\" content=\"index, follow, max-snippet:-1, max-image-preview:large, max-video-preview:-1\" \/>\n<link rel=\"canonical\" href=\"https:\/\/www.modave.be\/index.php\/politique\/fonctionnement-politique\/\" \/>\n<meta property=\"og:locale\" content=\"fr_FR\" \/>\n<meta property=\"og:type\" content=\"article\" \/>\n<meta property=\"og:title\" content=\"Fonctionnement Politique - Commune de Modave\" \/>\n<meta property=\"og:description\" content=\"You are here: Home Page Le conseil Communal Organnes de fonctionnement La commune, relais de pouvoir du citoyen La commune constitue le niveau de pouvoir le plus proche du citoyen? Proche parce que ses comp\u00e9tences concernent des phases-cl\u00e9 de la vie : naissances, mariages, d\u00e9c\u00e8s, s\u00e9curit\u00e9, &#8230; C&rsquo;est ce qui explique que pour \u00eatre mandataire&hellip;\" \/>\n<meta property=\"og:url\" content=\"https:\/\/www.modave.be\/index.php\/politique\/fonctionnement-politique\/\" \/>\n<meta property=\"og:site_name\" content=\"Commune de Modave\" \/>\n<meta property=\"article:modified_time\" content=\"2023-12-05T12:49:42+00:00\" \/>\n<meta property=\"og:image\" content=\"https:\/\/www.modave.be\/wp-content\/uploads\/2023\/10\/336801641_1380733759359138_8076463031829726079_n-e1727086603607.jpg\" \/>\n\t<meta property=\"og:image:width\" content=\"800\" \/>\n\t<meta property=\"og:image:height\" content=\"400\" \/>\n\t<meta property=\"og:image:type\" content=\"image\/jpeg\" \/>\n<meta name=\"twitter:card\" content=\"summary_large_image\" \/>\n<meta name=\"twitter:label1\" content=\"Dur\u00e9e de lecture estim\u00e9e\" \/>\n\t<meta name=\"twitter:data1\" content=\"5 minutes\" \/>\n<script type=\"application\/ld+json\" class=\"yoast-schema-graph\">{\"@context\":\"https:\\\/\\\/schema.org\",\"@graph\":[{\"@type\":\"WebPage\",\"@id\":\"https:\\\/\\\/www.modave.be\\\/index.php\\\/politique\\\/fonctionnement-politique\\\/\",\"url\":\"https:\\\/\\\/www.modave.be\\\/index.php\\\/politique\\\/fonctionnement-politique\\\/\",\"name\":\"Fonctionnement Politique - Commune de Modave\",\"isPartOf\":{\"@id\":\"https:\\\/\\\/www.modave.be\\\/#website\"},\"primaryImageOfPage\":{\"@id\":\"https:\\\/\\\/www.modave.be\\\/index.php\\\/politique\\\/fonctionnement-politique\\\/#primaryimage\"},\"image\":{\"@id\":\"https:\\\/\\\/www.modave.be\\\/index.php\\\/politique\\\/fonctionnement-politique\\\/#primaryimage\"},\"thumbnailUrl\":\"https:\\\/\\\/www.modave.be\\\/wp-content\\\/uploads\\\/2023\\\/10\\\/336801641_1380733759359138_8076463031829726079_n-e1727086603607.jpg\",\"datePublished\":\"2023-02-17T16:15:45+00:00\",\"dateModified\":\"2023-12-05T12:49:42+00:00\",\"breadcrumb\":{\"@id\":\"https:\\\/\\\/www.modave.be\\\/index.php\\\/politique\\\/fonctionnement-politique\\\/#breadcrumb\"},\"inLanguage\":\"fr-FR\",\"potentialAction\":[{\"@type\":\"ReadAction\",\"target\":[\"https:\\\/\\\/www.modave.be\\\/index.php\\\/politique\\\/fonctionnement-politique\\\/\"]}]},{\"@type\":\"ImageObject\",\"inLanguage\":\"fr-FR\",\"@id\":\"https:\\\/\\\/www.modave.be\\\/index.php\\\/politique\\\/fonctionnement-politique\\\/#primaryimage\",\"url\":\"https:\\\/\\\/www.modave.be\\\/wp-content\\\/uploads\\\/2023\\\/10\\\/336801641_1380733759359138_8076463031829726079_n-e1727086603607.jpg\",\"contentUrl\":\"https:\\\/\\\/www.modave.be\\\/wp-content\\\/uploads\\\/2023\\\/10\\\/336801641_1380733759359138_8076463031829726079_n-e1727086603607.jpg\",\"width\":800,\"height\":400},{\"@type\":\"BreadcrumbList\",\"@id\":\"https:\\\/\\\/www.modave.be\\\/index.php\\\/politique\\\/fonctionnement-politique\\\/#breadcrumb\",\"itemListElement\":[{\"@type\":\"ListItem\",\"position\":1,\"name\":\"Accueil\",\"item\":\"https:\\\/\\\/www.modave.be\\\/\"},{\"@type\":\"ListItem\",\"position\":2,\"name\":\"Politique\",\"item\":\"https:\\\/\\\/www.modave.be\\\/index.php\\\/politique\\\/\"},{\"@type\":\"ListItem\",\"position\":3,\"name\":\"Fonctionnement Politique\"}]},{\"@type\":\"WebSite\",\"@id\":\"https:\\\/\\\/www.modave.be\\\/#website\",\"url\":\"https:\\\/\\\/www.modave.be\\\/\",\"name\":\"Commune de Modave\",\"description\":\"Commune de Modave\",\"publisher\":{\"@id\":\"https:\\\/\\\/www.modave.be\\\/#organization\"},\"potentialAction\":[{\"@type\":\"SearchAction\",\"target\":{\"@type\":\"EntryPoint\",\"urlTemplate\":\"https:\\\/\\\/www.modave.be\\\/?s={search_term_string}\"},\"query-input\":{\"@type\":\"PropertyValueSpecification\",\"valueRequired\":true,\"valueName\":\"search_term_string\"}}],\"inLanguage\":\"fr-FR\"},{\"@type\":\"Organization\",\"@id\":\"https:\\\/\\\/www.modave.be\\\/#organization\",\"name\":\"Commune de Modave\",\"url\":\"https:\\\/\\\/www.modave.be\\\/\",\"logo\":{\"@type\":\"ImageObject\",\"inLanguage\":\"fr-FR\",\"@id\":\"https:\\\/\\\/www.modave.be\\\/#\\\/schema\\\/logo\\\/image\\\/\",\"url\":\"https:\\\/\\\/www.modave.be\\\/wp-content\\\/uploads\\\/2021\\\/12\\\/MODAVE_LOGO_HORIZONTAL_QUADRI_RVB.png\",\"contentUrl\":\"https:\\\/\\\/www.modave.be\\\/wp-content\\\/uploads\\\/2021\\\/12\\\/MODAVE_LOGO_HORIZONTAL_QUADRI_RVB.png\",\"width\":1200,\"height\":501,\"caption\":\"Commune de Modave\"},\"image\":{\"@id\":\"https:\\\/\\\/www.modave.be\\\/#\\\/schema\\\/logo\\\/image\\\/\"}}]}<\/script>\n<!-- \/ Yoast SEO plugin. -->","yoast_head_json":{"title":"Fonctionnement Politique - Commune de Modave","robots":{"index":"index","follow":"follow","max-snippet":"max-snippet:-1","max-image-preview":"max-image-preview:large","max-video-preview":"max-video-preview:-1"},"canonical":"https:\/\/www.modave.be\/index.php\/politique\/fonctionnement-politique\/","og_locale":"fr_FR","og_type":"article","og_title":"Fonctionnement Politique - Commune de Modave","og_description":"You are here: Home Page Le conseil Communal Organnes de fonctionnement La commune, relais de pouvoir du citoyen La commune constitue le niveau de pouvoir le plus proche du citoyen? Proche parce que ses comp\u00e9tences concernent des phases-cl\u00e9 de la vie : naissances, mariages, d\u00e9c\u00e8s, s\u00e9curit\u00e9, &#8230; C&rsquo;est ce qui explique que pour \u00eatre mandataire&hellip;","og_url":"https:\/\/www.modave.be\/index.php\/politique\/fonctionnement-politique\/","og_site_name":"Commune de Modave","article_modified_time":"2023-12-05T12:49:42+00:00","og_image":[{"width":800,"height":400,"url":"https:\/\/www.modave.be\/wp-content\/uploads\/2023\/10\/336801641_1380733759359138_8076463031829726079_n-e1727086603607.jpg","type":"image\/jpeg"}],"twitter_card":"summary_large_image","twitter_misc":{"Dur\u00e9e de lecture estim\u00e9e":"5 minutes"},"schema":{"@context":"https:\/\/schema.org","@graph":[{"@type":"WebPage","@id":"https:\/\/www.modave.be\/index.php\/politique\/fonctionnement-politique\/","url":"https:\/\/www.modave.be\/index.php\/politique\/fonctionnement-politique\/","name":"Fonctionnement Politique - Commune de Modave","isPartOf":{"@id":"https:\/\/www.modave.be\/#website"},"primaryImageOfPage":{"@id":"https:\/\/www.modave.be\/index.php\/politique\/fonctionnement-politique\/#primaryimage"},"image":{"@id":"https:\/\/www.modave.be\/index.php\/politique\/fonctionnement-politique\/#primaryimage"},"thumbnailUrl":"https:\/\/www.modave.be\/wp-content\/uploads\/2023\/10\/336801641_1380733759359138_8076463031829726079_n-e1727086603607.jpg","datePublished":"2023-02-17T16:15:45+00:00","dateModified":"2023-12-05T12:49:42+00:00","breadcrumb":{"@id":"https:\/\/www.modave.be\/index.php\/politique\/fonctionnement-politique\/#breadcrumb"},"inLanguage":"fr-FR","potentialAction":[{"@type":"ReadAction","target":["https:\/\/www.modave.be\/index.php\/politique\/fonctionnement-politique\/"]}]},{"@type":"ImageObject","inLanguage":"fr-FR","@id":"https:\/\/www.modave.be\/index.php\/politique\/fonctionnement-politique\/#primaryimage","url":"https:\/\/www.modave.be\/wp-content\/uploads\/2023\/10\/336801641_1380733759359138_8076463031829726079_n-e1727086603607.jpg","contentUrl":"https:\/\/www.modave.be\/wp-content\/uploads\/2023\/10\/336801641_1380733759359138_8076463031829726079_n-e1727086603607.jpg","width":800,"height":400},{"@type":"BreadcrumbList","@id":"https:\/\/www.modave.be\/index.php\/politique\/fonctionnement-politique\/#breadcrumb","itemListElement":[{"@type":"ListItem","position":1,"name":"Accueil","item":"https:\/\/www.modave.be\/"},{"@type":"ListItem","position":2,"name":"Politique","item":"https:\/\/www.modave.be\/index.php\/politique\/"},{"@type":"ListItem","position":3,"name":"Fonctionnement Politique"}]},{"@type":"WebSite","@id":"https:\/\/www.modave.be\/#website","url":"https:\/\/www.modave.be\/","name":"Commune de Modave","description":"Commune de Modave","publisher":{"@id":"https:\/\/www.modave.be\/#organization"},"potentialAction":[{"@type":"SearchAction","target":{"@type":"EntryPoint","urlTemplate":"https:\/\/www.modave.be\/?s={search_term_string}"},"query-input":{"@type":"PropertyValueSpecification","valueRequired":true,"valueName":"search_term_string"}}],"inLanguage":"fr-FR"},{"@type":"Organization","@id":"https:\/\/www.modave.be\/#organization","name":"Commune de Modave","url":"https:\/\/www.modave.be\/","logo":{"@type":"ImageObject","inLanguage":"fr-FR","@id":"https:\/\/www.modave.be\/#\/schema\/logo\/image\/","url":"https:\/\/www.modave.be\/wp-content\/uploads\/2021\/12\/MODAVE_LOGO_HORIZONTAL_QUADRI_RVB.png","contentUrl":"https:\/\/www.modave.be\/wp-content\/uploads\/2021\/12\/MODAVE_LOGO_HORIZONTAL_QUADRI_RVB.png","width":1200,"height":501,"caption":"Commune de Modave"},"image":{"@id":"https:\/\/www.modave.be\/#\/schema\/logo\/image\/"}}]}},"_links":{"self":[{"href":"https:\/\/www.modave.be\/index.php\/wp-json\/wp\/v2\/pages\/10938","targetHints":{"allow":["GET"]}}],"collection":[{"href":"https:\/\/www.modave.be\/index.php\/wp-json\/wp\/v2\/pages"}],"about":[{"href":"https:\/\/www.modave.be\/index.php\/wp-json\/wp\/v2\/types\/page"}],"author":[{"embeddable":true,"href":"https:\/\/www.modave.be\/index.php\/wp-json\/wp\/v2\/users\/1"}],"replies":[{"embeddable":true,"href":"https:\/\/www.modave.be\/index.php\/wp-json\/wp\/v2\/comments?post=10938"}],"version-history":[{"count":0,"href":"https:\/\/www.modave.be\/index.php\/wp-json\/wp\/v2\/pages\/10938\/revisions"}],"up":[{"embeddable":true,"href":"https:\/\/www.modave.be\/index.php\/wp-json\/wp\/v2\/pages\/10935"}],"wp:featuredmedia":[{"embeddable":true,"href":"https:\/\/www.modave.be\/index.php\/wp-json\/wp\/v2\/media\/12690"}],"wp:attachment":[{"href":"https:\/\/www.modave.be\/index.php\/wp-json\/wp\/v2\/media?parent=10938"}],"curies":[{"name":"wp","href":"https:\/\/api.w.org\/{rel}","templated":true}]}}