{"id":11011,"date":"2023-02-20T09:55:18","date_gmt":"2023-02-20T08:55:18","guid":{"rendered":"http:\/\/217.182.142.226\/?page_id=11011"},"modified":"2024-12-11T11:09:28","modified_gmt":"2024-12-11T10:09:28","slug":"college-communal","status":"publish","type":"page","link":"https:\/\/www.modave.be\/index.php\/college-communal\/","title":{"rendered":"Coll\u00e8ge Communal"},"content":{"rendered":"\t\t<div data-elementor-type=\"wp-page\" data-elementor-id=\"11011\" class=\"elementor elementor-11011\" wpc-filter-elementor-widget=\"1\" data-elementor-post-type=\"page\">\n\t\t\t\t\t\t<section class=\"elementor-section elementor-top-section elementor-element elementor-element-ff27c18 elementor-section-boxed elementor-section-height-default elementor-section-height-default\" data-id=\"ff27c18\" data-element_type=\"section\" data-e-type=\"section\">\n\t\t\t\t\t\t<div class=\"elementor-container elementor-column-gap-default\">\n\t\t\t\t\t<div class=\"elementor-column elementor-col-100 elementor-top-column elementor-element elementor-element-631bc30\" data-id=\"631bc30\" data-element_type=\"column\" data-e-type=\"column\">\n\t\t\t<div class=\"elementor-widget-wrap elementor-element-populated\">\n\t\t\t\t\t\t<div class=\"elementor-element elementor-element-438e475 elementor-widget elementor-widget-the7_elements\" data-id=\"438e475\" data-element_type=\"widget\" data-e-type=\"widget\" data-widget_type=\"the7_elements.default\">\n\t\t\t\t<div class=\"elementor-widget-container\">\n\t\t\t\t\t<div class=\"portfolio-shortcode the7-elementor-widget the7_elements-438e475 mode-masonry classic-layout-list description-under-image quick-scale-img content-bg-on enable-bg-rollover resize-by-browser-width loading-effect-none jquery-filter\" data-padding=\"15px\" data-mobile-columns-num=\"1\" data-tablet-columns-num=\"2\" data-desktop-columns-num=\"2\" data-wide-desktop-columns-num=\"2\" data-post-limit=\"-1\" data-pagination-mode=\"none\" data-scroll-offset=\"\" aria-live=\"assertive\"><div class=\"iso-container dt-isotope custom-iso-columns\"><div class=\"visible wf-cell iso-item\" data-post-id=\"112\" data-date=\"2024-12-11T10:48:30+01:00\" data-name=\"Bruno DAL MOLIN\"><article class=\"post visible post-112 our_team type-our_team status-publish has-post-thumbnail hentry category-college team_category-college\" data-name=\"Bruno DAL MOLIN\" data-date=\"2024-12-11T10:48:30+01:00\">\n\n\t<div class=\"post-thumbnail-wrap\">\n\t\t<div class=\"post-thumbnail\">\n\n\t\t\t<a class=\"post-thumbnail-rollover layzr-bg img-css-resize-wrapper\" aria-label=\"Image article\" href=\"https:\/\/www.modave.be\/index.php\/equipe\/bourgmestre\/\"><img fetchpriority=\"high\" decoding=\"async\" width=\"1152\" height=\"768\" src=\"data:image\/svg+xml,%3Csvg%20xmlns%3D&#039;http%3A%2F%2Fwww.w3.org%2F2000%2Fsvg&#039;%20viewBox%3D&#039;0%200%201152%20768&#039;%2F%3E\" class=\"attachment-full size-full preload-me aspect lazy lazy-load\" alt=\"\" sizes=\"(max-width: 1152px) 100vw, 1152px\" style=\"--ratio: 1152 \/ 768;\" data-src=\"https:\/\/www.modave.be\/wp-content\/uploads\/2020\/01\/BRUNO.jpg\" loading=\"eager\" data-srcset=\"https:\/\/www.modave.be\/wp-content\/uploads\/2020\/01\/BRUNO.jpg 1152w, https:\/\/www.modave.be\/wp-content\/uploads\/2020\/01\/BRUNO-300x200.jpg 300w, https:\/\/www.modave.be\/wp-content\/uploads\/2020\/01\/BRUNO-1024x683.jpg 1024w, https:\/\/www.modave.be\/wp-content\/uploads\/2020\/01\/BRUNO-768x512.jpg 768w\" \/><span class=\"the7-hover-icon\"><i aria-hidden=\"true\" class=\"fas fa-plus\"><\/i><\/span><\/a>\n\t\t<\/div>\n\t<\/div>\n\n\n<div class=\"post-entry-content\">\n\n\t<h3 class=\"ele-entry-title\"><a href=\"https:\/\/www.modave.be\/index.php\/equipe\/bourgmestre\/\" rel=\"bookmark\" title=\"Bruno DAL MOLIN\">Bruno DAL MOLIN<\/a><\/h3><div class=\"entry-meta\"><span class=\"meta-item category-link\"><a href=\"https:\/\/www.modave.be\/index.php\/category\/college\/\" rel=\"tag\">Coll\u00e8ge<\/a><\/span><\/div><div class=\"entry-excerpt\"><p>Bourgmestre<\/p>\n<\/div><a href=\"https:\/\/www.modave.be\/index.php\/equipe\/bourgmestre\/\" target=\"\" aria-label=\"En savoir plus sur Bruno DAL MOLIN\" class=\"box-button elementor-button elementor-size-xs\">En savoir plus<\/a>\n<\/div><\/article><\/div><div class=\"visible wf-cell iso-item\" data-post-id=\"105\" data-date=\"2024-12-11T10:48:02+01:00\" data-name=\"Magali DE MEYER\"><article class=\"post visible post-105 our_team type-our_team status-publish has-post-thumbnail hentry category-college team_category-college\" data-name=\"Magali DE MEYER\" data-date=\"2024-12-11T10:48:02+01:00\">\n\n\t<div class=\"post-thumbnail-wrap\">\n\t\t<div class=\"post-thumbnail\">\n\n\t\t\t<a class=\"post-thumbnail-rollover layzr-bg img-css-resize-wrapper\" aria-label=\"Image article\" href=\"https:\/\/www.modave.be\/index.php\/equipe\/echevin-1\/\"><img decoding=\"async\" width=\"1151\" height=\"768\" src=\"data:image\/svg+xml,%3Csvg%20xmlns%3D&#039;http%3A%2F%2Fwww.w3.org%2F2000%2Fsvg&#039;%20viewBox%3D&#039;0%200%201151%20768&#039;%2F%3E\" class=\"attachment-full size-full preload-me aspect lazy lazy-load\" alt=\"\" sizes=\"(max-width: 1151px) 100vw, 1151px\" style=\"--ratio: 1151 \/ 768;\" data-src=\"https:\/\/www.modave.be\/wp-content\/uploads\/2020\/01\/MAGALI.jpg\" loading=\"eager\" data-srcset=\"https:\/\/www.modave.be\/wp-content\/uploads\/2020\/01\/MAGALI.jpg 1151w, https:\/\/www.modave.be\/wp-content\/uploads\/2020\/01\/MAGALI-300x200.jpg 300w, https:\/\/www.modave.be\/wp-content\/uploads\/2020\/01\/MAGALI-1024x683.jpg 1024w, https:\/\/www.modave.be\/wp-content\/uploads\/2020\/01\/MAGALI-768x512.jpg 768w\" \/><span class=\"the7-hover-icon\"><i aria-hidden=\"true\" class=\"fas fa-plus\"><\/i><\/span><\/a>\n\t\t<\/div>\n\t<\/div>\n\n\n<div class=\"post-entry-content\">\n\n\t<h3 class=\"ele-entry-title\"><a href=\"https:\/\/www.modave.be\/index.php\/equipe\/echevin-1\/\" rel=\"bookmark\" title=\"Magali DE MEYER\">Magali DE MEYER<\/a><\/h3><div class=\"entry-meta\"><span class=\"meta-item category-link\"><a href=\"https:\/\/www.modave.be\/index.php\/category\/college\/\" rel=\"tag\">Coll\u00e8ge<\/a><\/span><\/div><div class=\"entry-excerpt\"><p>1\u00e8re Echevine<\/p>\n<\/div><a href=\"https:\/\/www.modave.be\/index.php\/equipe\/echevin-1\/\" target=\"\" aria-label=\"En savoir plus sur Magali DE MEYER\" class=\"box-button elementor-button elementor-size-xs\">En savoir plus<\/a>\n<\/div><\/article><\/div><div class=\"visible wf-cell iso-item\" data-post-id=\"114\" data-date=\"2024-12-11T10:47:47+01:00\" data-name=\"Eric THOMAS\"><article class=\"post visible post-114 our_team type-our_team status-publish has-post-thumbnail hentry category-college team_category-college\" data-name=\"Eric THOMAS\" data-date=\"2024-12-11T10:47:47+01:00\">\n\n\t<div class=\"post-thumbnail-wrap\">\n\t\t<div class=\"post-thumbnail\">\n\n\t\t\t<a class=\"post-thumbnail-rollover layzr-bg img-css-resize-wrapper\" aria-label=\"Image article\" href=\"https:\/\/www.modave.be\/index.php\/equipe\/echevin-2\/\"><img decoding=\"async\" width=\"1152\" height=\"768\" src=\"data:image\/svg+xml,%3Csvg%20xmlns%3D&#039;http%3A%2F%2Fwww.w3.org%2F2000%2Fsvg&#039;%20viewBox%3D&#039;0%200%201152%20768&#039;%2F%3E\" class=\"attachment-full size-full preload-me aspect lazy lazy-load\" alt=\"\" sizes=\"(max-width: 1152px) 100vw, 1152px\" style=\"--ratio: 1152 \/ 768;\" data-src=\"https:\/\/www.modave.be\/wp-content\/uploads\/2020\/01\/ERIC.jpg\" loading=\"eager\" data-srcset=\"https:\/\/www.modave.be\/wp-content\/uploads\/2020\/01\/ERIC.jpg 1152w, https:\/\/www.modave.be\/wp-content\/uploads\/2020\/01\/ERIC-300x200.jpg 300w, https:\/\/www.modave.be\/wp-content\/uploads\/2020\/01\/ERIC-1024x683.jpg 1024w, https:\/\/www.modave.be\/wp-content\/uploads\/2020\/01\/ERIC-768x512.jpg 768w\" \/><span class=\"the7-hover-icon\"><i aria-hidden=\"true\" class=\"fas fa-plus\"><\/i><\/span><\/a>\n\t\t<\/div>\n\t<\/div>\n\n\n<div class=\"post-entry-content\">\n\n\t<h3 class=\"ele-entry-title\"><a href=\"https:\/\/www.modave.be\/index.php\/equipe\/echevin-2\/\" rel=\"bookmark\" title=\"Eric THOMAS\">Eric THOMAS<\/a><\/h3><div class=\"entry-meta\"><span class=\"meta-item category-link\"><a href=\"https:\/\/www.modave.be\/index.php\/category\/college\/\" rel=\"tag\">Coll\u00e8ge<\/a><\/span><\/div><div class=\"entry-excerpt\"><p>2\u00e8me \u00c9chevin<\/p>\n<\/div><a href=\"https:\/\/www.modave.be\/index.php\/equipe\/echevin-2\/\" target=\"\" aria-label=\"En savoir plus sur Eric THOMAS\" class=\"box-button elementor-button elementor-size-xs\">En savoir plus<\/a>\n<\/div><\/article><\/div><div class=\"visible wf-cell iso-item\" data-post-id=\"107\" data-date=\"2024-12-11T10:47:25+01:00\" data-name=\"Aur\u00e9lie BELLI-DOR\"><article class=\"post visible post-107 our_team type-our_team status-publish has-post-thumbnail hentry category-college team_category-college\" data-name=\"Aur\u00e9lie BELLI-DOR\" data-date=\"2024-12-11T10:47:25+01:00\">\n\n\t<div class=\"post-thumbnail-wrap\">\n\t\t<div class=\"post-thumbnail\">\n\n\t\t\t<a class=\"post-thumbnail-rollover layzr-bg img-css-resize-wrapper\" aria-label=\"Image article\" href=\"https:\/\/www.modave.be\/index.php\/equipe\/echevin-3-2\/\"><img decoding=\"async\" width=\"1151\" height=\"768\" src=\"data:image\/svg+xml,%3Csvg%20xmlns%3D&#039;http%3A%2F%2Fwww.w3.org%2F2000%2Fsvg&#039;%20viewBox%3D&#039;0%200%201151%20768&#039;%2F%3E\" class=\"attachment-full size-full preload-me aspect lazy lazy-load\" alt=\"\" sizes=\"(max-width: 1151px) 100vw, 1151px\" style=\"--ratio: 1151 \/ 768;\" data-src=\"https:\/\/www.modave.be\/wp-content\/uploads\/2020\/01\/AURELIE.jpg\" loading=\"eager\" data-srcset=\"https:\/\/www.modave.be\/wp-content\/uploads\/2020\/01\/AURELIE.jpg 1151w, https:\/\/www.modave.be\/wp-content\/uploads\/2020\/01\/AURELIE-300x200.jpg 300w, https:\/\/www.modave.be\/wp-content\/uploads\/2020\/01\/AURELIE-1024x683.jpg 1024w, https:\/\/www.modave.be\/wp-content\/uploads\/2020\/01\/AURELIE-768x512.jpg 768w\" \/><span class=\"the7-hover-icon\"><i aria-hidden=\"true\" class=\"fas fa-plus\"><\/i><\/span><\/a>\n\t\t<\/div>\n\t<\/div>\n\n\n<div class=\"post-entry-content\">\n\n\t<h3 class=\"ele-entry-title\"><a href=\"https:\/\/www.modave.be\/index.php\/equipe\/echevin-3-2\/\" rel=\"bookmark\" title=\"Aur\u00e9lie BELLI-DOR\">Aur\u00e9lie BELLI-DOR<\/a><\/h3><div class=\"entry-meta\"><span class=\"meta-item category-link\"><a href=\"https:\/\/www.modave.be\/index.php\/category\/college\/\" rel=\"tag\">Coll\u00e8ge<\/a><\/span><\/div><div class=\"entry-excerpt\"><p>3\u00e8me \u00c9chevine<\/p>\n<\/div><a href=\"https:\/\/www.modave.be\/index.php\/equipe\/echevin-3-2\/\" target=\"\" aria-label=\"En savoir plus sur Aur\u00e9lie BELLI-DOR\" class=\"box-button elementor-button elementor-size-xs\">En savoir plus<\/a>\n<\/div><\/article><\/div><div class=\"visible wf-cell iso-item\" data-post-id=\"103\" data-date=\"2024-12-11T10:46:58+01:00\" data-name=\"Olivier VERVOORT\"><article class=\"post visible post-103 our_team type-our_team status-publish has-post-thumbnail hentry category-college team_category-college\" data-name=\"Olivier VERVOORT\" data-date=\"2024-12-11T10:46:58+01:00\">\n\n\t<div class=\"post-thumbnail-wrap\">\n\t\t<div class=\"post-thumbnail\">\n\n\t\t\t<a class=\"post-thumbnail-rollover layzr-bg img-css-resize-wrapper\" aria-label=\"Image article\" href=\"https:\/\/www.modave.be\/index.php\/equipe\/echevin-4\/\"><img decoding=\"async\" width=\"1152\" height=\"768\" src=\"data:image\/svg+xml,%3Csvg%20xmlns%3D&#039;http%3A%2F%2Fwww.w3.org%2F2000%2Fsvg&#039;%20viewBox%3D&#039;0%200%201152%20768&#039;%2F%3E\" class=\"attachment-full size-full preload-me aspect lazy lazy-load\" alt=\"\" sizes=\"(max-width: 1152px) 100vw, 1152px\" style=\"--ratio: 1152 \/ 768;\" data-src=\"https:\/\/www.modave.be\/wp-content\/uploads\/2024\/12\/OLIVIER-1.jpg\" loading=\"eager\" data-srcset=\"https:\/\/www.modave.be\/wp-content\/uploads\/2024\/12\/OLIVIER-1.jpg 1152w, https:\/\/www.modave.be\/wp-content\/uploads\/2024\/12\/OLIVIER-1-300x200.jpg 300w, https:\/\/www.modave.be\/wp-content\/uploads\/2024\/12\/OLIVIER-1-1024x683.jpg 1024w, https:\/\/www.modave.be\/wp-content\/uploads\/2024\/12\/OLIVIER-1-768x512.jpg 768w\" \/><span class=\"the7-hover-icon\"><i aria-hidden=\"true\" class=\"fas fa-plus\"><\/i><\/span><\/a>\n\t\t<\/div>\n\t<\/div>\n\n\n<div class=\"post-entry-content\">\n\n\t<h3 class=\"ele-entry-title\"><a href=\"https:\/\/www.modave.be\/index.php\/equipe\/echevin-4\/\" rel=\"bookmark\" title=\"Olivier VERVOORT\">Olivier VERVOORT<\/a><\/h3><div class=\"entry-meta\"><span class=\"meta-item category-link\"><a href=\"https:\/\/www.modave.be\/index.php\/category\/college\/\" rel=\"tag\">Coll\u00e8ge<\/a><\/span><\/div><div class=\"entry-excerpt\"><p>Pr\u00e9sident du CPAS<\/p>\n<\/div><a href=\"https:\/\/www.modave.be\/index.php\/equipe\/echevin-4\/\" target=\"\" aria-label=\"En savoir plus sur Olivier VERVOORT\" class=\"box-button elementor-button elementor-size-xs\">En savoir plus<\/a>\n<\/div><\/article><\/div><\/div><!-- iso-container|iso-grid --><\/div>\t\t\t\t<\/div>\n\t\t\t\t<\/div>\n\t\t\t\t\t<\/div>\n\t\t<\/div>\n\t\t\t\t\t<\/div>\n\t\t<\/section>\n\t\t\t\t<\/div>\n\t\t","protected":false},"excerpt":{"rendered":"<p>Bruno DAL MOLIN Coll\u00e8ge Bourgmestre En savoir plus Magali De Meyer Coll\u00e8ge 1\u00e8re Echevine En savoir plus Eric THOMAS Coll\u00e8ge 2\u00e8me \u00c9chevin En savoir plus Aur\u00e9lie BELLI-DOR Coll\u00e8ge 3\u00e8me \u00c9chevine En savoir plus Louise DE MUYNCK Coll\u00e8ge Pr\u00e9sidente du CPAS En savoir plus<\/p>\n","protected":false},"author":1,"featured_media":12690,"parent":0,"menu_order":0,"comment_status":"closed","ping_status":"closed","template":"","meta":{"footnotes":""},"class_list":["post-11011","page","type-page","status-publish","has-post-thumbnail","hentry"],"yoast_head":"<!-- This site is optimized with the Yoast SEO plugin v27.2 - https:\/\/yoast.com\/product\/yoast-seo-wordpress\/ -->\n<title>Coll\u00e8ge Communal - Commune de Modave<\/title>\n<meta name=\"robots\" content=\"index, follow, max-snippet:-1, max-image-preview:large, max-video-preview:-1\" \/>\n<link rel=\"canonical\" href=\"https:\/\/www.modave.be\/index.php\/college-communal\/\" \/>\n<meta property=\"og:locale\" content=\"fr_FR\" \/>\n<meta property=\"og:type\" content=\"article\" \/>\n<meta property=\"og:title\" content=\"Coll\u00e8ge Communal - Commune de Modave\" \/>\n<meta property=\"og:description\" content=\"Bruno DAL MOLIN Coll\u00e8ge Bourgmestre En savoir plus Magali De Meyer Coll\u00e8ge 1\u00e8re Echevine En savoir plus Eric THOMAS Coll\u00e8ge 2\u00e8me \u00c9chevin En savoir plus Aur\u00e9lie BELLI-DOR Coll\u00e8ge 3\u00e8me \u00c9chevine En savoir plus Louise DE MUYNCK Coll\u00e8ge Pr\u00e9sidente du CPAS En savoir plus\" \/>\n<meta property=\"og:url\" content=\"https:\/\/www.modave.be\/index.php\/college-communal\/\" \/>\n<meta property=\"og:site_name\" content=\"Commune de Modave\" \/>\n<meta property=\"article:modified_time\" content=\"2024-12-11T10:09:28+00:00\" \/>\n<meta property=\"og:image\" content=\"https:\/\/www.modave.be\/wp-content\/uploads\/2023\/10\/336801641_1380733759359138_8076463031829726079_n-e1727086603607.jpg\" \/>\n\t<meta property=\"og:image:width\" content=\"800\" \/>\n\t<meta property=\"og:image:height\" content=\"400\" \/>\n\t<meta property=\"og:image:type\" content=\"image\/jpeg\" \/>\n<meta name=\"twitter:card\" content=\"summary_large_image\" \/>\n<script type=\"application\/ld+json\" class=\"yoast-schema-graph\">{\"@context\":\"https:\/\/schema.org\",\"@graph\":[{\"@type\":\"WebPage\",\"@id\":\"https:\/\/www.modave.be\/index.php\/college-communal\/\",\"url\":\"https:\/\/www.modave.be\/index.php\/college-communal\/\",\"name\":\"Coll\u00e8ge Communal - Commune de Modave\",\"isPartOf\":{\"@id\":\"https:\/\/www.modave.be\/#website\"},\"primaryImageOfPage\":{\"@id\":\"https:\/\/www.modave.be\/index.php\/college-communal\/#primaryimage\"},\"image\":{\"@id\":\"https:\/\/www.modave.be\/index.php\/college-communal\/#primaryimage\"},\"thumbnailUrl\":\"https:\/\/www.modave.be\/wp-content\/uploads\/2023\/10\/336801641_1380733759359138_8076463031829726079_n-e1727086603607.jpg\",\"datePublished\":\"2023-02-20T08:55:18+00:00\",\"dateModified\":\"2024-12-11T10:09:28+00:00\",\"breadcrumb\":{\"@id\":\"https:\/\/www.modave.be\/index.php\/college-communal\/#breadcrumb\"},\"inLanguage\":\"fr-FR\",\"potentialAction\":[{\"@type\":\"ReadAction\",\"target\":[\"https:\/\/www.modave.be\/index.php\/college-communal\/\"]}]},{\"@type\":\"ImageObject\",\"inLanguage\":\"fr-FR\",\"@id\":\"https:\/\/www.modave.be\/index.php\/college-communal\/#primaryimage\",\"url\":\"https:\/\/www.modave.be\/wp-content\/uploads\/2023\/10\/336801641_1380733759359138_8076463031829726079_n-e1727086603607.jpg\",\"contentUrl\":\"https:\/\/www.modave.be\/wp-content\/uploads\/2023\/10\/336801641_1380733759359138_8076463031829726079_n-e1727086603607.jpg\",\"width\":800,\"height\":400},{\"@type\":\"BreadcrumbList\",\"@id\":\"https:\/\/www.modave.be\/index.php\/college-communal\/#breadcrumb\",\"itemListElement\":[{\"@type\":\"ListItem\",\"position\":1,\"name\":\"Accueil\",\"item\":\"https:\/\/www.modave.be\/\"},{\"@type\":\"ListItem\",\"position\":2,\"name\":\"Coll\u00e8ge Communal\"}]},{\"@type\":\"WebSite\",\"@id\":\"https:\/\/www.modave.be\/#website\",\"url\":\"https:\/\/www.modave.be\/\",\"name\":\"Commune de Modave\",\"description\":\"Commune de Modave\",\"publisher\":{\"@id\":\"https:\/\/www.modave.be\/#organization\"},\"potentialAction\":[{\"@type\":\"SearchAction\",\"target\":{\"@type\":\"EntryPoint\",\"urlTemplate\":\"https:\/\/www.modave.be\/?s={search_term_string}\"},\"query-input\":{\"@type\":\"PropertyValueSpecification\",\"valueRequired\":true,\"valueName\":\"search_term_string\"}}],\"inLanguage\":\"fr-FR\"},{\"@type\":\"Organization\",\"@id\":\"https:\/\/www.modave.be\/#organization\",\"name\":\"Commune de Modave\",\"url\":\"https:\/\/www.modave.be\/\",\"logo\":{\"@type\":\"ImageObject\",\"inLanguage\":\"fr-FR\",\"@id\":\"https:\/\/www.modave.be\/#\/schema\/logo\/image\/\",\"url\":\"https:\/\/www.modave.be\/wp-content\/uploads\/2021\/12\/MODAVE_LOGO_HORIZONTAL_QUADRI_RVB.png\",\"contentUrl\":\"https:\/\/www.modave.be\/wp-content\/uploads\/2021\/12\/MODAVE_LOGO_HORIZONTAL_QUADRI_RVB.png\",\"width\":1200,\"height\":501,\"caption\":\"Commune de Modave\"},\"image\":{\"@id\":\"https:\/\/www.modave.be\/#\/schema\/logo\/image\/\"}}]}<\/script>\n<!-- \/ Yoast SEO plugin. -->","yoast_head_json":{"title":"Coll\u00e8ge Communal - Commune de Modave","robots":{"index":"index","follow":"follow","max-snippet":"max-snippet:-1","max-image-preview":"max-image-preview:large","max-video-preview":"max-video-preview:-1"},"canonical":"https:\/\/www.modave.be\/index.php\/college-communal\/","og_locale":"fr_FR","og_type":"article","og_title":"Coll\u00e8ge Communal - Commune de Modave","og_description":"Bruno DAL MOLIN Coll\u00e8ge Bourgmestre En savoir plus Magali De Meyer Coll\u00e8ge 1\u00e8re Echevine En savoir plus Eric THOMAS Coll\u00e8ge 2\u00e8me \u00c9chevin En savoir plus Aur\u00e9lie BELLI-DOR Coll\u00e8ge 3\u00e8me \u00c9chevine En savoir plus Louise DE MUYNCK Coll\u00e8ge Pr\u00e9sidente du CPAS En savoir plus","og_url":"https:\/\/www.modave.be\/index.php\/college-communal\/","og_site_name":"Commune de Modave","article_modified_time":"2024-12-11T10:09:28+00:00","og_image":[{"width":800,"height":400,"url":"https:\/\/www.modave.be\/wp-content\/uploads\/2023\/10\/336801641_1380733759359138_8076463031829726079_n-e1727086603607.jpg","type":"image\/jpeg"}],"twitter_card":"summary_large_image","schema":{"@context":"https:\/\/schema.org","@graph":[{"@type":"WebPage","@id":"https:\/\/www.modave.be\/index.php\/college-communal\/","url":"https:\/\/www.modave.be\/index.php\/college-communal\/","name":"Coll\u00e8ge Communal - Commune de Modave","isPartOf":{"@id":"https:\/\/www.modave.be\/#website"},"primaryImageOfPage":{"@id":"https:\/\/www.modave.be\/index.php\/college-communal\/#primaryimage"},"image":{"@id":"https:\/\/www.modave.be\/index.php\/college-communal\/#primaryimage"},"thumbnailUrl":"https:\/\/www.modave.be\/wp-content\/uploads\/2023\/10\/336801641_1380733759359138_8076463031829726079_n-e1727086603607.jpg","datePublished":"2023-02-20T08:55:18+00:00","dateModified":"2024-12-11T10:09:28+00:00","breadcrumb":{"@id":"https:\/\/www.modave.be\/index.php\/college-communal\/#breadcrumb"},"inLanguage":"fr-FR","potentialAction":[{"@type":"ReadAction","target":["https:\/\/www.modave.be\/index.php\/college-communal\/"]}]},{"@type":"ImageObject","inLanguage":"fr-FR","@id":"https:\/\/www.modave.be\/index.php\/college-communal\/#primaryimage","url":"https:\/\/www.modave.be\/wp-content\/uploads\/2023\/10\/336801641_1380733759359138_8076463031829726079_n-e1727086603607.jpg","contentUrl":"https:\/\/www.modave.be\/wp-content\/uploads\/2023\/10\/336801641_1380733759359138_8076463031829726079_n-e1727086603607.jpg","width":800,"height":400},{"@type":"BreadcrumbList","@id":"https:\/\/www.modave.be\/index.php\/college-communal\/#breadcrumb","itemListElement":[{"@type":"ListItem","position":1,"name":"Accueil","item":"https:\/\/www.modave.be\/"},{"@type":"ListItem","position":2,"name":"Coll\u00e8ge Communal"}]},{"@type":"WebSite","@id":"https:\/\/www.modave.be\/#website","url":"https:\/\/www.modave.be\/","name":"Commune de Modave","description":"Commune de Modave","publisher":{"@id":"https:\/\/www.modave.be\/#organization"},"potentialAction":[{"@type":"SearchAction","target":{"@type":"EntryPoint","urlTemplate":"https:\/\/www.modave.be\/?s={search_term_string}"},"query-input":{"@type":"PropertyValueSpecification","valueRequired":true,"valueName":"search_term_string"}}],"inLanguage":"fr-FR"},{"@type":"Organization","@id":"https:\/\/www.modave.be\/#organization","name":"Commune de Modave","url":"https:\/\/www.modave.be\/","logo":{"@type":"ImageObject","inLanguage":"fr-FR","@id":"https:\/\/www.modave.be\/#\/schema\/logo\/image\/","url":"https:\/\/www.modave.be\/wp-content\/uploads\/2021\/12\/MODAVE_LOGO_HORIZONTAL_QUADRI_RVB.png","contentUrl":"https:\/\/www.modave.be\/wp-content\/uploads\/2021\/12\/MODAVE_LOGO_HORIZONTAL_QUADRI_RVB.png","width":1200,"height":501,"caption":"Commune de Modave"},"image":{"@id":"https:\/\/www.modave.be\/#\/schema\/logo\/image\/"}}]}},"_links":{"self":[{"href":"https:\/\/www.modave.be\/index.php\/wp-json\/wp\/v2\/pages\/11011","targetHints":{"allow":["GET"]}}],"collection":[{"href":"https:\/\/www.modave.be\/index.php\/wp-json\/wp\/v2\/pages"}],"about":[{"href":"https:\/\/www.modave.be\/index.php\/wp-json\/wp\/v2\/types\/page"}],"author":[{"embeddable":true,"href":"https:\/\/www.modave.be\/index.php\/wp-json\/wp\/v2\/users\/1"}],"replies":[{"embeddable":true,"href":"https:\/\/www.modave.be\/index.php\/wp-json\/wp\/v2\/comments?post=11011"}],"version-history":[{"count":0,"href":"https:\/\/www.modave.be\/index.php\/wp-json\/wp\/v2\/pages\/11011\/revisions"}],"wp:featuredmedia":[{"embeddable":true,"href":"https:\/\/www.modave.be\/index.php\/wp-json\/wp\/v2\/media\/12690"}],"wp:attachment":[{"href":"https:\/\/www.modave.be\/index.php\/wp-json\/wp\/v2\/media?parent=11011"}],"curies":[{"name":"wp","href":"https:\/\/api.w.org\/{rel}","templated":true}]}}