{"id":11093,"date":"2023-02-21T10:58:38","date_gmt":"2023-02-21T09:58:38","guid":{"rendered":"http:\/\/217.182.142.226\/?page_id=11093"},"modified":"2023-09-06T15:06:53","modified_gmt":"2023-09-06T13:06:53","slug":"enseignement","status":"publish","type":"page","link":"https:\/\/www.modave.be\/index.php\/services-communaux\/enseignement\/","title":{"rendered":"Enseignement"},"content":{"rendered":"\t\t<div data-elementor-type=\"wp-page\" data-elementor-id=\"11093\" class=\"elementor elementor-11093\" wpc-filter-elementor-widget=\"1\" data-elementor-post-type=\"page\">\n\t\t\t\t\t\t<section class=\"elementor-section elementor-top-section elementor-element elementor-element-19d15e8 elementor-section-boxed elementor-section-height-default elementor-section-height-default\" data-id=\"19d15e8\" data-element_type=\"section\" data-e-type=\"section\">\n\t\t\t\t\t\t<div class=\"elementor-container elementor-column-gap-default\">\n\t\t\t\t\t<div class=\"elementor-column elementor-col-100 elementor-top-column elementor-element elementor-element-5401e64\" data-id=\"5401e64\" data-element_type=\"column\" data-e-type=\"column\">\n\t\t\t<div class=\"elementor-widget-wrap elementor-element-populated\">\n\t\t\t\t\t\t<div class=\"elementor-element elementor-element-b293f0d split-breadcrumbs-y elementor-widget elementor-widget-the7-breadcrumb\" data-id=\"b293f0d\" data-element_type=\"widget\" data-e-type=\"widget\" data-widget_type=\"the7-breadcrumb.default\">\n\t\t\t\t<div class=\"elementor-widget-container\">\n\t\t\t\t\t<div class=\"assistive-text\">Vous \u00eates ici :<\/div><ol class=\"breadcrumbs text-small rcrumbs\" itemscope itemtype=\"https:\/\/schema.org\/BreadcrumbList\"><li itemprop=\"itemListElement\" itemscope itemtype=\"https:\/\/schema.org\/ListItem\"><a itemprop=\"item\" href=\"https:\/\/www.modave.be\/\" title=\"Accueil\"><span itemprop=\"name\">Accueil<\/span><\/a><meta itemprop=\"position\" content=\"1\" \/><\/li><li class=\"current\" itemprop=\"itemListElement\" itemscope itemtype=\"https:\/\/schema.org\/ListItem\"><span itemprop=\"name\">Page<\/span><meta itemprop=\"position\" content=\"2\" \/><\/li><\/ol>\t\t\t\t<\/div>\n\t\t\t\t<\/div>\n\t\t\t\t\t<\/div>\n\t\t<\/div>\n\t\t\t\t\t<\/div>\n\t\t<\/section>\n\t\t\t\t<section class=\"elementor-section elementor-top-section elementor-element elementor-element-5e4fdbf elementor-section-boxed elementor-section-height-default elementor-section-height-default\" data-id=\"5e4fdbf\" data-element_type=\"section\" data-e-type=\"section\">\n\t\t\t\t\t\t<div class=\"elementor-container elementor-column-gap-default\">\n\t\t\t\t\t<div class=\"elementor-column elementor-col-33 elementor-top-column elementor-element elementor-element-f9efd7a\" data-id=\"f9efd7a\" data-element_type=\"column\" data-e-type=\"column\">\n\t\t\t<div class=\"elementor-widget-wrap elementor-element-populated\">\n\t\t\t\t\t\t<div class=\"elementor-element elementor-element-02859b4 elementor-widget elementor-widget-image\" data-id=\"02859b4\" data-element_type=\"widget\" data-e-type=\"widget\" data-widget_type=\"image.default\">\n\t\t\t\t<div class=\"elementor-widget-container\">\n\t\t\t\t\t\t\t\t\t\t\t\t\t\t\t<img decoding=\"async\" src=\"https:\/\/www.modave.be\/wp-content\/uploads\/elementor\/thumbs\/MODAVE_LOGO_VERTICAL_QUADRI_RVB-1-q4lws9w9u128sxmv5e94qhtcu9b0stk6oxz2d103j0.png\" title=\"MODAVE_LOGO_VERTICAL_QUADRI_RVB\" alt=\"MODAVE_LOGO_VERTICAL_QUADRI_RVB\" loading=\"lazy\" \/>\t\t\t\t\t\t\t\t\t\t\t\t\t\t\t<\/div>\n\t\t\t\t<\/div>\n\t\t\t\t\t<\/div>\n\t\t<\/div>\n\t\t\t\t<div class=\"elementor-column elementor-col-33 elementor-top-column elementor-element elementor-element-663ab73\" data-id=\"663ab73\" data-element_type=\"column\" data-e-type=\"column\">\n\t\t\t<div class=\"elementor-widget-wrap elementor-element-populated\">\n\t\t\t\t\t\t<div class=\"elementor-element elementor-element-9e4c07f content-align-left icon-box-vertical-align-top icon-position-left icon-vertical-align-start elementor-widget elementor-widget-the7_icon_box_grid_widget\" data-id=\"9e4c07f\" data-element_type=\"widget\" data-e-type=\"widget\" data-widget_type=\"the7_icon_box_grid_widget.default\">\n\t\t\t\t<div class=\"elementor-widget-container\">\n\t\t\t\t\t<div class=\"the7-box-grid-wrapper the7-elementor-widget loading-effect-none the7_icon_box_grid_widget-9e4c07f widget-divider-on\"><h4 class=\"rp-heading\">Patricia Lambotte<\/h4>\t\t\t<div class=\"dt-css-grid\">\n\t\t\t\t\t\t\t\t\t<div class=\"wf-cell shown\">\n\t\t\t\t\t\t<div class=\"the7-icon-box-grid\">\t\t\t\t\t\t\t<div class=\"box-content-wrapper\">\n\t\t\t\t\t\t\t\t\t\t\t\t\t\t\t\t\t<a class=\"elementor-icon-div\" aria-label=\"T\u00e9l\u00e9phone\">\t\t\t\t\t\t\t\t\t\t<div class=\"elementor-icon\">\n\t\t\t\t\t\t\t\t\t\t\t<i aria-hidden=\"true\" class=\"fas fa-phone-alt\"><\/i>\t\t\t\t\t\t\t\t\t\t<\/div>\n\t\t\t\t\t\t\t\t\t<\/a>\t\t\t\t\t\t\t\t\t\t\t\t\t\t\t\t<div class=\"box-content\">\n\t\t\t\t\t\t\t\t\t\t\t\t\t\t\t\t\t\t\t\t\t\t\t\t\t\t\t\t\t<h5 class=\"box-heading\">\n\t\t\t\t\t\t\t\t\t\t\t<a aria-label=\"T\u00e9l\u00e9phone\">\t\t\t\t\t\t\t\t\t\t\t\tT\u00e9l\u00e9phone\t\t\t\t\t\t\t\t\t\t\t<\/a>\t\t\t\t\t\t\t\t\t\t<\/h5>\n\t\t\t\t\t\t\t\t\t\t\t\t\t\t\t\t\t\t\t\t\t\t\t\t\t\t\t\t<div class=\"box-description\">085\/41.02.20 Ext 8<\/div>\n\t\t\t\t\t\t\t\t\t\t\t\t\t\t\t\t\t\t\t\t\t\t\t\t\t\t<\/div>\n\t\t\t\t\t\t\t<\/div>\n\t\t\t\t\t\t<\/div>\t\t\t\t\t<\/div>\n\t\t\t\t\t\t\t\t\t<div class=\"wf-cell shown\">\n\t\t\t\t\t\t<div class=\"the7-icon-box-grid\">\t\t\t\t\t\t\t<div class=\"box-content-wrapper\">\n\t\t\t\t\t\t\t\t\t\t\t\t\t\t\t\t\t<a class=\"elementor-icon-div\" aria-label=\"Fax\">\t\t\t\t\t\t\t\t\t\t<div class=\"elementor-icon\">\n\t\t\t\t\t\t\t\t\t\t\t<i aria-hidden=\"true\" class=\"fas fa-fax\"><\/i>\t\t\t\t\t\t\t\t\t\t<\/div>\n\t\t\t\t\t\t\t\t\t<\/a>\t\t\t\t\t\t\t\t\t\t\t\t\t\t\t\t<div class=\"box-content\">\n\t\t\t\t\t\t\t\t\t\t\t\t\t\t\t\t\t\t\t\t\t\t\t\t\t\t\t\t\t<h5 class=\"box-heading\">\n\t\t\t\t\t\t\t\t\t\t\t<a aria-label=\"Fax\">\t\t\t\t\t\t\t\t\t\t\t\tFax\t\t\t\t\t\t\t\t\t\t\t<\/a>\t\t\t\t\t\t\t\t\t\t<\/h5>\n\t\t\t\t\t\t\t\t\t\t\t\t\t\t\t\t\t\t\t\t\t\t\t\t\t\t\t\t<div class=\"box-description\">085\/41.02.25<\/div>\n\t\t\t\t\t\t\t\t\t\t\t\t\t\t\t\t\t\t\t\t\t\t\t\t\t\t<\/div>\n\t\t\t\t\t\t\t<\/div>\n\t\t\t\t\t\t<\/div>\t\t\t\t\t<\/div>\n\t\t\t\t\t\t\t\t\t<div class=\"wf-cell shown\">\n\t\t\t\t\t\t<div class=\"the7-icon-box-grid\">\t\t\t\t\t\t\t<div class=\"box-content-wrapper\">\n\t\t\t\t\t\t\t\t\t\t\t\t\t\t\t\t\t<a class=\"elementor-icon-div\" aria-label=\"Email\">\t\t\t\t\t\t\t\t\t\t<div class=\"elementor-icon\">\n\t\t\t\t\t\t\t\t\t\t\t<i aria-hidden=\"true\" class=\"fas fa-envelope\"><\/i>\t\t\t\t\t\t\t\t\t\t<\/div>\n\t\t\t\t\t\t\t\t\t<\/a>\t\t\t\t\t\t\t\t\t\t\t\t\t\t\t\t<div class=\"box-content\">\n\t\t\t\t\t\t\t\t\t\t\t\t\t\t\t\t\t\t\t\t\t\t\t\t\t\t\t\t\t<h5 class=\"box-heading\">\n\t\t\t\t\t\t\t\t\t\t\t<a aria-label=\"Email\">\t\t\t\t\t\t\t\t\t\t\t\tEmail\t\t\t\t\t\t\t\t\t\t\t<\/a>\t\t\t\t\t\t\t\t\t\t<\/h5>\n\t\t\t\t\t\t\t\t\t\t\t\t\t\t\t\t\t\t\t\t\t\t\t\t\t\t\t\t<div class=\"box-description\">extrascolaire@modave.be<\/div>\n\t\t\t\t\t\t\t\t\t\t\t\t\t\t\t\t\t\t\t\t\t\t\t\t\t\t<\/div>\n\t\t\t\t\t\t\t<\/div>\n\t\t\t\t\t\t<\/div>\t\t\t\t\t<\/div>\n\t\t\t\t\t\t\t\t\t<div class=\"wf-cell shown\">\n\t\t\t\t\t\t<div class=\"the7-icon-box-grid\">\t\t\t\t\t\t\t<div class=\"box-content-wrapper\">\n\t\t\t\t\t\t\t\t\t\t\t\t\t\t\t\t\t<a class=\"elementor-icon-div\" aria-label=\"Adresse\">\t\t\t\t\t\t\t\t\t\t<div class=\"elementor-icon\">\n\t\t\t\t\t\t\t\t\t\t\t<i aria-hidden=\"true\" class=\"fas fa-map-signs\"><\/i>\t\t\t\t\t\t\t\t\t\t<\/div>\n\t\t\t\t\t\t\t\t\t<\/a>\t\t\t\t\t\t\t\t\t\t\t\t\t\t\t\t<div class=\"box-content\">\n\t\t\t\t\t\t\t\t\t\t\t\t\t\t\t\t\t\t\t\t\t\t\t\t\t\t\t\t\t<h5 class=\"box-heading\">\n\t\t\t\t\t\t\t\t\t\t\t<a aria-label=\"Adresse\">\t\t\t\t\t\t\t\t\t\t\t\tAdresse\t\t\t\t\t\t\t\t\t\t\t<\/a>\t\t\t\t\t\t\t\t\t\t<\/h5>\n\t\t\t\t\t\t\t\t\t\t\t\t\t\t\t\t\t\t\t\t\t\t\t\t\t\t\t\t<div class=\"box-description\">Administration communale<br>\nPlace G. Hubin, 1-3 <br>\n4577 MODAVE<\/div>\n\t\t\t\t\t\t\t\t\t\t\t\t\t\t\t\t\t\t\t\t\t\t\t\t\t\t<\/div>\n\t\t\t\t\t\t\t<\/div>\n\t\t\t\t\t\t<\/div>\t\t\t\t\t<\/div>\n\t\t\t\t\t\t\t<\/div>\n\t\t<\/div>\t\t\t\t<\/div>\n\t\t\t\t<\/div>\n\t\t\t\t<div class=\"elementor-element elementor-element-4cdee76 elementor-widget elementor-widget-spacer\" data-id=\"4cdee76\" data-element_type=\"widget\" data-e-type=\"widget\" data-widget_type=\"spacer.default\">\n\t\t\t\t<div class=\"elementor-widget-container\">\n\t\t\t\t\t\t\t<div class=\"elementor-spacer\">\n\t\t\t<div class=\"elementor-spacer-inner\"><\/div>\n\t\t<\/div>\n\t\t\t\t\t\t<\/div>\n\t\t\t\t<\/div>\n\t\t\t\t\t<\/div>\n\t\t<\/div>\n\t\t\t\t<div class=\"elementor-column elementor-col-33 elementor-top-column elementor-element elementor-element-a33556e\" data-id=\"a33556e\" data-element_type=\"column\" data-e-type=\"column\">\n\t\t\t<div class=\"elementor-widget-wrap elementor-element-populated\">\n\t\t\t\t\t\t<div class=\"elementor-element elementor-element-bd23241 elementor-widget elementor-widget-text-editor\" data-id=\"bd23241\" data-element_type=\"widget\" data-e-type=\"widget\" data-widget_type=\"text-editor.default\">\n\t\t\t\t<div class=\"elementor-widget-container\">\n\t\t\t\t\t\t\t\t\t<h4><strong>Gestion des \u00e9tablissements communaux d&rsquo;enseignement<\/strong><\/h4><ul><li>Relais entre le Pouvoir Organisateur et la direction<\/li><li>R\u00e9ception des curriculum vitae<\/li><li>Secr\u00e9tariat lors des r\u00e9unions de la COPALoc et du conseil de participation<\/li><\/ul>\t\t\t\t\t\t\t\t<\/div>\n\t\t\t\t<\/div>\n\t\t\t\t\t<\/div>\n\t\t<\/div>\n\t\t\t\t\t<\/div>\n\t\t<\/section>\n\t\t\t\t<\/div>\n\t\t","protected":false},"excerpt":{"rendered":"<p>Vous \u00eates ici : Accueil Page Patricia Lambotte T\u00e9l\u00e9phone 085\/41.02.20 Ext 8 Fax 085\/41.02.25 Email extrascolaire@modave.be Adresse Administration communale Place G. Hubin, 1-3 4577 MODAVE Gestion des \u00e9tablissements communaux d&rsquo;enseignement Relais entre le Pouvoir Organisateur et la direction R\u00e9ception des curriculum vitae Secr\u00e9tariat lors des r\u00e9unions de la COPALoc et du conseil de participation<\/p>\n","protected":false},"author":1,"featured_media":12648,"parent":10864,"menu_order":0,"comment_status":"closed","ping_status":"closed","template":"","meta":{"footnotes":""},"class_list":["post-11093","page","type-page","status-publish","has-post-thumbnail","hentry"],"yoast_head":"<!-- This site is optimized with the Yoast SEO plugin v27.2 - https:\/\/yoast.com\/product\/yoast-seo-wordpress\/ -->\n<title>Enseignement - Commune de Modave<\/title>\n<meta name=\"robots\" content=\"index, follow, max-snippet:-1, max-image-preview:large, max-video-preview:-1\" \/>\n<link rel=\"canonical\" href=\"https:\/\/www.modave.be\/index.php\/services-communaux\/enseignement\/\" \/>\n<meta property=\"og:locale\" content=\"fr_FR\" \/>\n<meta property=\"og:type\" content=\"article\" \/>\n<meta property=\"og:title\" content=\"Enseignement - Commune de Modave\" \/>\n<meta property=\"og:description\" content=\"Vous \u00eates ici : Accueil Page Patricia Lambotte T\u00e9l\u00e9phone 085\/41.02.20 Ext 8 Fax 085\/41.02.25 Email extrascolaire@modave.be Adresse Administration communale Place G. Hubin, 1-3 4577 MODAVE Gestion des \u00e9tablissements communaux d&rsquo;enseignement Relais entre le Pouvoir Organisateur et la direction R\u00e9ception des curriculum vitae Secr\u00e9tariat lors des r\u00e9unions de la COPALoc et du conseil de participation\" \/>\n<meta property=\"og:url\" content=\"https:\/\/www.modave.be\/index.php\/services-communaux\/enseignement\/\" \/>\n<meta property=\"og:site_name\" content=\"Commune de Modave\" \/>\n<meta property=\"article:modified_time\" content=\"2023-09-06T13:06:53+00:00\" \/>\n<meta property=\"og:image\" content=\"https:\/\/www.modave.be\/wp-content\/uploads\/2023\/09\/c7da2202001ef3739c67954b4c9dbb31-1442386447.jpeg\" \/>\n\t<meta property=\"og:image:width\" content=\"1920\" \/>\n\t<meta property=\"og:image:height\" content=\"1079\" \/>\n\t<meta property=\"og:image:type\" content=\"image\/jpeg\" \/>\n<meta name=\"twitter:card\" content=\"summary_large_image\" \/>\n<script type=\"application\/ld+json\" class=\"yoast-schema-graph\">{\"@context\":\"https:\/\/schema.org\",\"@graph\":[{\"@type\":\"WebPage\",\"@id\":\"https:\/\/www.modave.be\/index.php\/services-communaux\/enseignement\/\",\"url\":\"https:\/\/www.modave.be\/index.php\/services-communaux\/enseignement\/\",\"name\":\"Enseignement - Commune de Modave\",\"isPartOf\":{\"@id\":\"https:\/\/www.modave.be\/#website\"},\"primaryImageOfPage\":{\"@id\":\"https:\/\/www.modave.be\/index.php\/services-communaux\/enseignement\/#primaryimage\"},\"image\":{\"@id\":\"https:\/\/www.modave.be\/index.php\/services-communaux\/enseignement\/#primaryimage\"},\"thumbnailUrl\":\"https:\/\/www.modave.be\/wp-content\/uploads\/2023\/09\/c7da2202001ef3739c67954b4c9dbb31-1442386447.jpeg\",\"datePublished\":\"2023-02-21T09:58:38+00:00\",\"dateModified\":\"2023-09-06T13:06:53+00:00\",\"breadcrumb\":{\"@id\":\"https:\/\/www.modave.be\/index.php\/services-communaux\/enseignement\/#breadcrumb\"},\"inLanguage\":\"fr-FR\",\"potentialAction\":[{\"@type\":\"ReadAction\",\"target\":[\"https:\/\/www.modave.be\/index.php\/services-communaux\/enseignement\/\"]}]},{\"@type\":\"ImageObject\",\"inLanguage\":\"fr-FR\",\"@id\":\"https:\/\/www.modave.be\/index.php\/services-communaux\/enseignement\/#primaryimage\",\"url\":\"https:\/\/www.modave.be\/wp-content\/uploads\/2023\/09\/c7da2202001ef3739c67954b4c9dbb31-1442386447.jpeg\",\"contentUrl\":\"https:\/\/www.modave.be\/wp-content\/uploads\/2023\/09\/c7da2202001ef3739c67954b4c9dbb31-1442386447.jpeg\",\"width\":1920,\"height\":1079},{\"@type\":\"BreadcrumbList\",\"@id\":\"https:\/\/www.modave.be\/index.php\/services-communaux\/enseignement\/#breadcrumb\",\"itemListElement\":[{\"@type\":\"ListItem\",\"position\":1,\"name\":\"Accueil\",\"item\":\"https:\/\/www.modave.be\/\"},{\"@type\":\"ListItem\",\"position\":2,\"name\":\"Services Communaux\",\"item\":\"https:\/\/www.modave.be\/index.php\/services-communaux\/\"},{\"@type\":\"ListItem\",\"position\":3,\"name\":\"Enseignement\"}]},{\"@type\":\"WebSite\",\"@id\":\"https:\/\/www.modave.be\/#website\",\"url\":\"https:\/\/www.modave.be\/\",\"name\":\"Commune de Modave\",\"description\":\"Commune de Modave\",\"publisher\":{\"@id\":\"https:\/\/www.modave.be\/#organization\"},\"potentialAction\":[{\"@type\":\"SearchAction\",\"target\":{\"@type\":\"EntryPoint\",\"urlTemplate\":\"https:\/\/www.modave.be\/?s={search_term_string}\"},\"query-input\":{\"@type\":\"PropertyValueSpecification\",\"valueRequired\":true,\"valueName\":\"search_term_string\"}}],\"inLanguage\":\"fr-FR\"},{\"@type\":\"Organization\",\"@id\":\"https:\/\/www.modave.be\/#organization\",\"name\":\"Commune de Modave\",\"url\":\"https:\/\/www.modave.be\/\",\"logo\":{\"@type\":\"ImageObject\",\"inLanguage\":\"fr-FR\",\"@id\":\"https:\/\/www.modave.be\/#\/schema\/logo\/image\/\",\"url\":\"https:\/\/www.modave.be\/wp-content\/uploads\/2021\/12\/MODAVE_LOGO_HORIZONTAL_QUADRI_RVB.png\",\"contentUrl\":\"https:\/\/www.modave.be\/wp-content\/uploads\/2021\/12\/MODAVE_LOGO_HORIZONTAL_QUADRI_RVB.png\",\"width\":1200,\"height\":501,\"caption\":\"Commune de Modave\"},\"image\":{\"@id\":\"https:\/\/www.modave.be\/#\/schema\/logo\/image\/\"}}]}<\/script>\n<!-- \/ Yoast SEO plugin. -->","yoast_head_json":{"title":"Enseignement - Commune de Modave","robots":{"index":"index","follow":"follow","max-snippet":"max-snippet:-1","max-image-preview":"max-image-preview:large","max-video-preview":"max-video-preview:-1"},"canonical":"https:\/\/www.modave.be\/index.php\/services-communaux\/enseignement\/","og_locale":"fr_FR","og_type":"article","og_title":"Enseignement - Commune de Modave","og_description":"Vous \u00eates ici : Accueil Page Patricia Lambotte T\u00e9l\u00e9phone 085\/41.02.20 Ext 8 Fax 085\/41.02.25 Email extrascolaire@modave.be Adresse Administration communale Place G. Hubin, 1-3 4577 MODAVE Gestion des \u00e9tablissements communaux d&rsquo;enseignement Relais entre le Pouvoir Organisateur et la direction R\u00e9ception des curriculum vitae Secr\u00e9tariat lors des r\u00e9unions de la COPALoc et du conseil de participation","og_url":"https:\/\/www.modave.be\/index.php\/services-communaux\/enseignement\/","og_site_name":"Commune de Modave","article_modified_time":"2023-09-06T13:06:53+00:00","og_image":[{"width":1920,"height":1079,"url":"https:\/\/www.modave.be\/wp-content\/uploads\/2023\/09\/c7da2202001ef3739c67954b4c9dbb31-1442386447.jpeg","type":"image\/jpeg"}],"twitter_card":"summary_large_image","schema":{"@context":"https:\/\/schema.org","@graph":[{"@type":"WebPage","@id":"https:\/\/www.modave.be\/index.php\/services-communaux\/enseignement\/","url":"https:\/\/www.modave.be\/index.php\/services-communaux\/enseignement\/","name":"Enseignement - Commune de Modave","isPartOf":{"@id":"https:\/\/www.modave.be\/#website"},"primaryImageOfPage":{"@id":"https:\/\/www.modave.be\/index.php\/services-communaux\/enseignement\/#primaryimage"},"image":{"@id":"https:\/\/www.modave.be\/index.php\/services-communaux\/enseignement\/#primaryimage"},"thumbnailUrl":"https:\/\/www.modave.be\/wp-content\/uploads\/2023\/09\/c7da2202001ef3739c67954b4c9dbb31-1442386447.jpeg","datePublished":"2023-02-21T09:58:38+00:00","dateModified":"2023-09-06T13:06:53+00:00","breadcrumb":{"@id":"https:\/\/www.modave.be\/index.php\/services-communaux\/enseignement\/#breadcrumb"},"inLanguage":"fr-FR","potentialAction":[{"@type":"ReadAction","target":["https:\/\/www.modave.be\/index.php\/services-communaux\/enseignement\/"]}]},{"@type":"ImageObject","inLanguage":"fr-FR","@id":"https:\/\/www.modave.be\/index.php\/services-communaux\/enseignement\/#primaryimage","url":"https:\/\/www.modave.be\/wp-content\/uploads\/2023\/09\/c7da2202001ef3739c67954b4c9dbb31-1442386447.jpeg","contentUrl":"https:\/\/www.modave.be\/wp-content\/uploads\/2023\/09\/c7da2202001ef3739c67954b4c9dbb31-1442386447.jpeg","width":1920,"height":1079},{"@type":"BreadcrumbList","@id":"https:\/\/www.modave.be\/index.php\/services-communaux\/enseignement\/#breadcrumb","itemListElement":[{"@type":"ListItem","position":1,"name":"Accueil","item":"https:\/\/www.modave.be\/"},{"@type":"ListItem","position":2,"name":"Services Communaux","item":"https:\/\/www.modave.be\/index.php\/services-communaux\/"},{"@type":"ListItem","position":3,"name":"Enseignement"}]},{"@type":"WebSite","@id":"https:\/\/www.modave.be\/#website","url":"https:\/\/www.modave.be\/","name":"Commune de Modave","description":"Commune de Modave","publisher":{"@id":"https:\/\/www.modave.be\/#organization"},"potentialAction":[{"@type":"SearchAction","target":{"@type":"EntryPoint","urlTemplate":"https:\/\/www.modave.be\/?s={search_term_string}"},"query-input":{"@type":"PropertyValueSpecification","valueRequired":true,"valueName":"search_term_string"}}],"inLanguage":"fr-FR"},{"@type":"Organization","@id":"https:\/\/www.modave.be\/#organization","name":"Commune de Modave","url":"https:\/\/www.modave.be\/","logo":{"@type":"ImageObject","inLanguage":"fr-FR","@id":"https:\/\/www.modave.be\/#\/schema\/logo\/image\/","url":"https:\/\/www.modave.be\/wp-content\/uploads\/2021\/12\/MODAVE_LOGO_HORIZONTAL_QUADRI_RVB.png","contentUrl":"https:\/\/www.modave.be\/wp-content\/uploads\/2021\/12\/MODAVE_LOGO_HORIZONTAL_QUADRI_RVB.png","width":1200,"height":501,"caption":"Commune de Modave"},"image":{"@id":"https:\/\/www.modave.be\/#\/schema\/logo\/image\/"}}]}},"_links":{"self":[{"href":"https:\/\/www.modave.be\/index.php\/wp-json\/wp\/v2\/pages\/11093","targetHints":{"allow":["GET"]}}],"collection":[{"href":"https:\/\/www.modave.be\/index.php\/wp-json\/wp\/v2\/pages"}],"about":[{"href":"https:\/\/www.modave.be\/index.php\/wp-json\/wp\/v2\/types\/page"}],"author":[{"embeddable":true,"href":"https:\/\/www.modave.be\/index.php\/wp-json\/wp\/v2\/users\/1"}],"replies":[{"embeddable":true,"href":"https:\/\/www.modave.be\/index.php\/wp-json\/wp\/v2\/comments?post=11093"}],"version-history":[{"count":0,"href":"https:\/\/www.modave.be\/index.php\/wp-json\/wp\/v2\/pages\/11093\/revisions"}],"up":[{"embeddable":true,"href":"https:\/\/www.modave.be\/index.php\/wp-json\/wp\/v2\/pages\/10864"}],"wp:featuredmedia":[{"embeddable":true,"href":"https:\/\/www.modave.be\/index.php\/wp-json\/wp\/v2\/media\/12648"}],"wp:attachment":[{"href":"https:\/\/www.modave.be\/index.php\/wp-json\/wp\/v2\/media?parent=11093"}],"curies":[{"name":"wp","href":"https:\/\/api.w.org\/{rel}","templated":true}]}}