{"id":11285,"date":"2023-02-23T10:31:39","date_gmt":"2023-02-23T09:31:39","guid":{"rendered":"http:\/\/217.182.142.226\/?page_id=11285"},"modified":"2023-06-27T11:50:58","modified_gmt":"2023-06-27T09:50:58","slug":"dechets-clandestins","status":"publish","type":"page","link":"https:\/\/www.modave.be\/index.php\/dechets-clandestins\/","title":{"rendered":"D\u00e9p\u00f4ts clandestins"},"content":{"rendered":"\t\t<div data-elementor-type=\"wp-page\" data-elementor-id=\"11285\" class=\"elementor elementor-11285\" wpc-filter-elementor-widget=\"1\" data-elementor-post-type=\"page\">\n\t\t\t\t\t\t<section class=\"elementor-section elementor-top-section elementor-element elementor-element-4539f9b elementor-section-boxed elementor-section-height-default elementor-section-height-default\" data-id=\"4539f9b\" data-element_type=\"section\" data-e-type=\"section\">\n\t\t\t\t\t\t<div class=\"elementor-container elementor-column-gap-default\">\n\t\t\t\t\t<div class=\"elementor-column elementor-col-100 elementor-top-column elementor-element elementor-element-f5c4c3b\" data-id=\"f5c4c3b\" data-element_type=\"column\" data-e-type=\"column\">\n\t\t\t<div class=\"elementor-widget-wrap elementor-element-populated\">\n\t\t\t\t\t\t<div class=\"elementor-element elementor-element-f437298 elementor-widget elementor-widget-text-editor\" data-id=\"f437298\" data-element_type=\"widget\" data-e-type=\"widget\" data-widget_type=\"text-editor.default\">\n\t\t\t\t<div class=\"elementor-widget-container\">\n\t\t\t\t\t\t\t\t\t<p>Les d\u00e9p\u00f4ts clandestins sont n\u00e9fastes pour l&rsquo;environnement et d\u00e9rangent les riverains. Ils sont d\u2019ailleurs interdits et punissables par la Loi.<\/p><p><strong>Vous pouvez d\u00e9clarer un d\u00e9p\u00f4t clandestin d\u2019immondices en cliquant ici :\u00a0<\/strong> <a href=\"mailto:ecoconseiller@modave.be\">ecoconseiller@modave.be<\/a><\/p><p>N\u2019oubliez pas de pr\u00e9ciser la nature et l\u2019endroit exact du d\u00e9p\u00f4t. Si vous disposez d&rsquo;une ou plusieurs photos, vous pouvez \u00e9galement les joindre \u00e0 votre email.<\/p><p><span style=\"background-color: rgba(255, 255, 255, 0); color: var(--the7-base-color); letter-spacing: var(--the7-base-letter-spacing); text-transform: var(--the7-base-text-transform); word-spacing: normal;\">Merci de veiller \u00e0 la propret\u00e9 de notre commune.<\/span><\/p>\t\t\t\t\t\t\t\t<\/div>\n\t\t\t\t<\/div>\n\t\t\t\t\t<\/div>\n\t\t<\/div>\n\t\t\t\t\t<\/div>\n\t\t<\/section>\n\t\t\t\t<\/div>\n\t\t","protected":false},"excerpt":{"rendered":"<p>Les d\u00e9p\u00f4ts clandestins sont n\u00e9fastes pour l&rsquo;environnement et d\u00e9rangent les riverains. Ils sont d\u2019ailleurs interdits et punissables par la Loi. Vous pouvez d\u00e9clarer un d\u00e9p\u00f4t clandestin d\u2019immondices en cliquant ici :&nbsp; ecoconseiller@modave.be N\u2019oubliez pas de pr\u00e9ciser la nature et l\u2019endroit exact du d\u00e9p\u00f4t. Si vous disposez d&rsquo;une ou plusieurs photos, vous pouvez \u00e9galement les joindre&hellip;<\/p>\n","protected":false},"author":9,"featured_media":11286,"parent":0,"menu_order":0,"comment_status":"closed","ping_status":"closed","template":"","meta":{"footnotes":""},"class_list":["post-11285","page","type-page","status-publish","has-post-thumbnail","hentry"],"yoast_head":"<!-- This site is optimized with the Yoast SEO plugin v27.5 - https:\/\/yoast.com\/product\/yoast-seo-wordpress\/ -->\n<title>D\u00e9p\u00f4ts clandestins - Commune de Modave<\/title>\n<meta name=\"robots\" content=\"index, follow, max-snippet:-1, max-image-preview:large, max-video-preview:-1\" \/>\n<link rel=\"canonical\" href=\"https:\/\/www.modave.be\/index.php\/dechets-clandestins\/\" \/>\n<meta property=\"og:locale\" content=\"fr_FR\" \/>\n<meta property=\"og:type\" content=\"article\" \/>\n<meta property=\"og:title\" content=\"D\u00e9p\u00f4ts clandestins - Commune de Modave\" \/>\n<meta property=\"og:description\" content=\"Les d\u00e9p\u00f4ts clandestins sont n\u00e9fastes pour l&rsquo;environnement et d\u00e9rangent les riverains. Ils sont d\u2019ailleurs interdits et punissables par la Loi. Vous pouvez d\u00e9clarer un d\u00e9p\u00f4t clandestin d\u2019immondices en cliquant ici :&nbsp; ecoconseiller@modave.be N\u2019oubliez pas de pr\u00e9ciser la nature et l\u2019endroit exact du d\u00e9p\u00f4t. Si vous disposez d&rsquo;une ou plusieurs photos, vous pouvez \u00e9galement les joindre&hellip;\" \/>\n<meta property=\"og:url\" content=\"https:\/\/www.modave.be\/index.php\/dechets-clandestins\/\" \/>\n<meta property=\"og:site_name\" content=\"Commune de Modave\" \/>\n<meta property=\"article:modified_time\" content=\"2023-06-27T09:50:58+00:00\" \/>\n<meta property=\"og:image\" content=\"https:\/\/www.modave.be\/wp-content\/uploads\/2023\/02\/Dechets.jpg\" \/>\n\t<meta property=\"og:image:width\" content=\"1920\" \/>\n\t<meta property=\"og:image:height\" content=\"1257\" \/>\n\t<meta property=\"og:image:type\" content=\"image\/jpeg\" \/>\n<meta name=\"twitter:card\" content=\"summary_large_image\" \/>\n<script type=\"application\/ld+json\" class=\"yoast-schema-graph\">{\"@context\":\"https:\\\/\\\/schema.org\",\"@graph\":[{\"@type\":\"WebPage\",\"@id\":\"https:\\\/\\\/www.modave.be\\\/index.php\\\/dechets-clandestins\\\/\",\"url\":\"https:\\\/\\\/www.modave.be\\\/index.php\\\/dechets-clandestins\\\/\",\"name\":\"D\u00e9p\u00f4ts clandestins - Commune de Modave\",\"isPartOf\":{\"@id\":\"https:\\\/\\\/www.modave.be\\\/#website\"},\"primaryImageOfPage\":{\"@id\":\"https:\\\/\\\/www.modave.be\\\/index.php\\\/dechets-clandestins\\\/#primaryimage\"},\"image\":{\"@id\":\"https:\\\/\\\/www.modave.be\\\/index.php\\\/dechets-clandestins\\\/#primaryimage\"},\"thumbnailUrl\":\"https:\\\/\\\/www.modave.be\\\/wp-content\\\/uploads\\\/2023\\\/02\\\/Dechets.jpg\",\"datePublished\":\"2023-02-23T09:31:39+00:00\",\"dateModified\":\"2023-06-27T09:50:58+00:00\",\"breadcrumb\":{\"@id\":\"https:\\\/\\\/www.modave.be\\\/index.php\\\/dechets-clandestins\\\/#breadcrumb\"},\"inLanguage\":\"fr-FR\",\"potentialAction\":[{\"@type\":\"ReadAction\",\"target\":[\"https:\\\/\\\/www.modave.be\\\/index.php\\\/dechets-clandestins\\\/\"]}]},{\"@type\":\"ImageObject\",\"inLanguage\":\"fr-FR\",\"@id\":\"https:\\\/\\\/www.modave.be\\\/index.php\\\/dechets-clandestins\\\/#primaryimage\",\"url\":\"https:\\\/\\\/www.modave.be\\\/wp-content\\\/uploads\\\/2023\\\/02\\\/Dechets.jpg\",\"contentUrl\":\"https:\\\/\\\/www.modave.be\\\/wp-content\\\/uploads\\\/2023\\\/02\\\/Dechets.jpg\",\"width\":1920,\"height\":1257},{\"@type\":\"BreadcrumbList\",\"@id\":\"https:\\\/\\\/www.modave.be\\\/index.php\\\/dechets-clandestins\\\/#breadcrumb\",\"itemListElement\":[{\"@type\":\"ListItem\",\"position\":1,\"name\":\"Accueil\",\"item\":\"https:\\\/\\\/www.modave.be\\\/\"},{\"@type\":\"ListItem\",\"position\":2,\"name\":\"D\u00e9p\u00f4ts clandestins\"}]},{\"@type\":\"WebSite\",\"@id\":\"https:\\\/\\\/www.modave.be\\\/#website\",\"url\":\"https:\\\/\\\/www.modave.be\\\/\",\"name\":\"Commune de Modave\",\"description\":\"Commune de Modave\",\"publisher\":{\"@id\":\"https:\\\/\\\/www.modave.be\\\/#organization\"},\"potentialAction\":[{\"@type\":\"SearchAction\",\"target\":{\"@type\":\"EntryPoint\",\"urlTemplate\":\"https:\\\/\\\/www.modave.be\\\/?s={search_term_string}\"},\"query-input\":{\"@type\":\"PropertyValueSpecification\",\"valueRequired\":true,\"valueName\":\"search_term_string\"}}],\"inLanguage\":\"fr-FR\"},{\"@type\":\"Organization\",\"@id\":\"https:\\\/\\\/www.modave.be\\\/#organization\",\"name\":\"Commune de Modave\",\"url\":\"https:\\\/\\\/www.modave.be\\\/\",\"logo\":{\"@type\":\"ImageObject\",\"inLanguage\":\"fr-FR\",\"@id\":\"https:\\\/\\\/www.modave.be\\\/#\\\/schema\\\/logo\\\/image\\\/\",\"url\":\"https:\\\/\\\/www.modave.be\\\/wp-content\\\/uploads\\\/2021\\\/12\\\/MODAVE_LOGO_HORIZONTAL_QUADRI_RVB.png\",\"contentUrl\":\"https:\\\/\\\/www.modave.be\\\/wp-content\\\/uploads\\\/2021\\\/12\\\/MODAVE_LOGO_HORIZONTAL_QUADRI_RVB.png\",\"width\":1200,\"height\":501,\"caption\":\"Commune de Modave\"},\"image\":{\"@id\":\"https:\\\/\\\/www.modave.be\\\/#\\\/schema\\\/logo\\\/image\\\/\"}}]}<\/script>\n<!-- \/ Yoast SEO plugin. -->","yoast_head_json":{"title":"D\u00e9p\u00f4ts clandestins - Commune de Modave","robots":{"index":"index","follow":"follow","max-snippet":"max-snippet:-1","max-image-preview":"max-image-preview:large","max-video-preview":"max-video-preview:-1"},"canonical":"https:\/\/www.modave.be\/index.php\/dechets-clandestins\/","og_locale":"fr_FR","og_type":"article","og_title":"D\u00e9p\u00f4ts clandestins - Commune de Modave","og_description":"Les d\u00e9p\u00f4ts clandestins sont n\u00e9fastes pour l&rsquo;environnement et d\u00e9rangent les riverains. Ils sont d\u2019ailleurs interdits et punissables par la Loi. Vous pouvez d\u00e9clarer un d\u00e9p\u00f4t clandestin d\u2019immondices en cliquant ici :&nbsp; ecoconseiller@modave.be N\u2019oubliez pas de pr\u00e9ciser la nature et l\u2019endroit exact du d\u00e9p\u00f4t. Si vous disposez d&rsquo;une ou plusieurs photos, vous pouvez \u00e9galement les joindre&hellip;","og_url":"https:\/\/www.modave.be\/index.php\/dechets-clandestins\/","og_site_name":"Commune de Modave","article_modified_time":"2023-06-27T09:50:58+00:00","og_image":[{"width":1920,"height":1257,"url":"https:\/\/www.modave.be\/wp-content\/uploads\/2023\/02\/Dechets.jpg","type":"image\/jpeg"}],"twitter_card":"summary_large_image","schema":{"@context":"https:\/\/schema.org","@graph":[{"@type":"WebPage","@id":"https:\/\/www.modave.be\/index.php\/dechets-clandestins\/","url":"https:\/\/www.modave.be\/index.php\/dechets-clandestins\/","name":"D\u00e9p\u00f4ts clandestins - Commune de Modave","isPartOf":{"@id":"https:\/\/www.modave.be\/#website"},"primaryImageOfPage":{"@id":"https:\/\/www.modave.be\/index.php\/dechets-clandestins\/#primaryimage"},"image":{"@id":"https:\/\/www.modave.be\/index.php\/dechets-clandestins\/#primaryimage"},"thumbnailUrl":"https:\/\/www.modave.be\/wp-content\/uploads\/2023\/02\/Dechets.jpg","datePublished":"2023-02-23T09:31:39+00:00","dateModified":"2023-06-27T09:50:58+00:00","breadcrumb":{"@id":"https:\/\/www.modave.be\/index.php\/dechets-clandestins\/#breadcrumb"},"inLanguage":"fr-FR","potentialAction":[{"@type":"ReadAction","target":["https:\/\/www.modave.be\/index.php\/dechets-clandestins\/"]}]},{"@type":"ImageObject","inLanguage":"fr-FR","@id":"https:\/\/www.modave.be\/index.php\/dechets-clandestins\/#primaryimage","url":"https:\/\/www.modave.be\/wp-content\/uploads\/2023\/02\/Dechets.jpg","contentUrl":"https:\/\/www.modave.be\/wp-content\/uploads\/2023\/02\/Dechets.jpg","width":1920,"height":1257},{"@type":"BreadcrumbList","@id":"https:\/\/www.modave.be\/index.php\/dechets-clandestins\/#breadcrumb","itemListElement":[{"@type":"ListItem","position":1,"name":"Accueil","item":"https:\/\/www.modave.be\/"},{"@type":"ListItem","position":2,"name":"D\u00e9p\u00f4ts clandestins"}]},{"@type":"WebSite","@id":"https:\/\/www.modave.be\/#website","url":"https:\/\/www.modave.be\/","name":"Commune de Modave","description":"Commune de Modave","publisher":{"@id":"https:\/\/www.modave.be\/#organization"},"potentialAction":[{"@type":"SearchAction","target":{"@type":"EntryPoint","urlTemplate":"https:\/\/www.modave.be\/?s={search_term_string}"},"query-input":{"@type":"PropertyValueSpecification","valueRequired":true,"valueName":"search_term_string"}}],"inLanguage":"fr-FR"},{"@type":"Organization","@id":"https:\/\/www.modave.be\/#organization","name":"Commune de Modave","url":"https:\/\/www.modave.be\/","logo":{"@type":"ImageObject","inLanguage":"fr-FR","@id":"https:\/\/www.modave.be\/#\/schema\/logo\/image\/","url":"https:\/\/www.modave.be\/wp-content\/uploads\/2021\/12\/MODAVE_LOGO_HORIZONTAL_QUADRI_RVB.png","contentUrl":"https:\/\/www.modave.be\/wp-content\/uploads\/2021\/12\/MODAVE_LOGO_HORIZONTAL_QUADRI_RVB.png","width":1200,"height":501,"caption":"Commune de Modave"},"image":{"@id":"https:\/\/www.modave.be\/#\/schema\/logo\/image\/"}}]}},"_links":{"self":[{"href":"https:\/\/www.modave.be\/index.php\/wp-json\/wp\/v2\/pages\/11285","targetHints":{"allow":["GET"]}}],"collection":[{"href":"https:\/\/www.modave.be\/index.php\/wp-json\/wp\/v2\/pages"}],"about":[{"href":"https:\/\/www.modave.be\/index.php\/wp-json\/wp\/v2\/types\/page"}],"author":[{"embeddable":true,"href":"https:\/\/www.modave.be\/index.php\/wp-json\/wp\/v2\/users\/9"}],"replies":[{"embeddable":true,"href":"https:\/\/www.modave.be\/index.php\/wp-json\/wp\/v2\/comments?post=11285"}],"version-history":[{"count":0,"href":"https:\/\/www.modave.be\/index.php\/wp-json\/wp\/v2\/pages\/11285\/revisions"}],"wp:featuredmedia":[{"embeddable":true,"href":"https:\/\/www.modave.be\/index.php\/wp-json\/wp\/v2\/media\/11286"}],"wp:attachment":[{"href":"https:\/\/www.modave.be\/index.php\/wp-json\/wp\/v2\/media?parent=11285"}],"curies":[{"name":"wp","href":"https:\/\/api.w.org\/{rel}","templated":true}]}}