{"id":11331,"date":"2023-02-23T11:40:57","date_gmt":"2023-02-23T10:40:57","guid":{"rendered":"http:\/\/217.182.142.226\/?page_id=11331"},"modified":"2023-02-23T11:55:25","modified_gmt":"2023-02-23T10:55:25","slug":"secours","status":"publish","type":"page","link":"https:\/\/www.modave.be\/index.php\/secours\/","title":{"rendered":"Secours"},"content":{"rendered":"\t\t<div data-elementor-type=\"wp-page\" data-elementor-id=\"11331\" class=\"elementor elementor-11331\" wpc-filter-elementor-widget=\"1\" data-elementor-post-type=\"page\">\n\t\t\t\t\t\t<section class=\"elementor-section elementor-top-section elementor-element elementor-element-13709d6 elementor-section-boxed elementor-section-height-default elementor-section-height-default\" data-id=\"13709d6\" data-element_type=\"section\" data-e-type=\"section\">\n\t\t\t\t\t\t<div class=\"elementor-container elementor-column-gap-default\">\n\t\t\t\t\t<div class=\"elementor-column elementor-col-100 elementor-top-column elementor-element elementor-element-7d32313\" data-id=\"7d32313\" data-element_type=\"column\" data-e-type=\"column\">\n\t\t\t<div class=\"elementor-widget-wrap elementor-element-populated\">\n\t\t\t\t\t\t<div class=\"elementor-element elementor-element-488b483 elementor-widget elementor-widget-heading\" data-id=\"488b483\" data-element_type=\"widget\" data-e-type=\"widget\" data-widget_type=\"heading.default\">\n\t\t\t\t<div class=\"elementor-widget-container\">\n\t\t\t\t\t<h2 class=\"elementor-heading-title elementor-size-default\">En cas d\u2019URGENCE : 112  <\/h2>\t\t\t\t<\/div>\n\t\t\t\t<\/div>\n\t\t\t\t\t<\/div>\n\t\t<\/div>\n\t\t\t\t\t<\/div>\n\t\t<\/section>\n\t\t\t\t<section class=\"elementor-section elementor-top-section elementor-element elementor-element-a97a219 elementor-section-boxed elementor-section-height-default elementor-section-height-default\" data-id=\"a97a219\" data-element_type=\"section\" data-e-type=\"section\">\n\t\t\t\t\t\t<div class=\"elementor-container elementor-column-gap-default\">\n\t\t\t\t\t<div class=\"elementor-column elementor-col-100 elementor-top-column elementor-element elementor-element-3cd789b\" data-id=\"3cd789b\" data-element_type=\"column\" data-e-type=\"column\">\n\t\t\t<div class=\"elementor-widget-wrap elementor-element-populated\">\n\t\t\t\t\t\t<div class=\"elementor-element elementor-element-f11f3b8 elementor-widget elementor-widget-spacer\" data-id=\"f11f3b8\" data-element_type=\"widget\" data-e-type=\"widget\" data-widget_type=\"spacer.default\">\n\t\t\t\t<div class=\"elementor-widget-container\">\n\t\t\t\t\t\t\t<div class=\"elementor-spacer\">\n\t\t\t<div class=\"elementor-spacer-inner\"><\/div>\n\t\t<\/div>\n\t\t\t\t\t\t<\/div>\n\t\t\t\t<\/div>\n\t\t\t\t<div class=\"elementor-element elementor-element-d46bc2c content-align-left icon-box-vertical-align-top icon-position-left icon-vertical-align-start elementor-widget elementor-widget-the7_icon_box_grid_widget\" data-id=\"d46bc2c\" data-element_type=\"widget\" data-e-type=\"widget\" data-widget_type=\"the7_icon_box_grid_widget.default\">\n\t\t\t\t<div class=\"elementor-widget-container\">\n\t\t\t\t\t<div class=\"the7-box-grid-wrapper the7-elementor-widget loading-effect-none the7_icon_box_grid_widget-d46bc2c\">\t\t\t<div class=\"dt-css-grid\">\n\t\t\t\t\t\t\t\t\t<div class=\"wf-cell shown\">\n\t\t\t\t\t\t<div class=\"the7-icon-box-grid\">\t\t\t\t\t\t\t<div class=\"box-content-wrapper\">\n\t\t\t\t\t\t\t\t\t\t\t\t\t\t\t\t\t<a class=\"elementor-icon-div\" href=\"https:\/\/www.police.be\/5296\/\" target=\"_blank\" aria-label=\"Zone de Police du Condroz\">\t\t\t\t\t\t\t\t\t\t<div class=\"elementor-icon\">\n\t\t\t\t\t\t\t\t\t\t\t<svg xmlns=\"http:\/\/www.w3.org\/2000\/svg\" xmlns:xlink=\"http:\/\/www.w3.org\/1999\/xlink\" id=\"_x32_\" width=\"800px\" height=\"800px\" viewBox=\"0 0 512 512\" xml:space=\"preserve\"><style type=\"text\/css\"><![CDATA[\t.st0{fill:#000000;}]]><\/style><g>\t<path class=\"st0\" d=\"M34.313,234.156c2.297-5.031,6.688-13.313,14.422-27.813c3.547-6.688,7.516-14.063,11.578-21.625H24.734  C11.063,184.719,0,195.766,0,209.438c0,13.641,11.063,24.719,24.734,24.719H34.313z\"><\/path>\t<path class=\"st0\" d=\"M487.281,184.719h-35.594c4.063,7.563,8.031,14.938,11.563,21.625c7.75,14.5,12.125,22.781,14.438,27.813  h9.594c13.641,0,24.719-11.078,24.719-24.719C512,195.766,500.922,184.719,487.281,184.719z\"><\/path>\t<path class=\"st0\" d=\"M39.391,448.438c0,18.406,14.938,33.313,33.328,33.313c18.406,0,33.313-14.906,33.313-33.313v-31.531H39.391  V448.438z\"><\/path>\t<path class=\"st0\" d=\"M405.938,448.438c0,18.406,14.922,33.313,33.328,33.313s33.344-14.906,33.344-33.313v-31.531h-66.672V448.438z  \"><\/path>\t<path class=\"st0\" d=\"M467.875,240.344c1.672,0.5-61.719-115.813-64.734-122.094c-8-16.672-27.766-26.719-47.047-26.719  c-22.281,0-84.344,0-84.344,0s-93.578,0-115.859,0c-19.297,0-39.031,10.047-47.063,26.719  c-3.016,6.281-66.391,122.594-64.703,122.094c0,0-20.5,20.438-22.063,22.094c-8.641,9.25-8,17.281-8,25.313c0,0,0,75.281,0,92.563  c0,17.25,3.078,26.719,23.438,26.719h437c20.375,0,23.438-9.469,23.438-26.719c0-17.281,0-92.563,0-92.563  c0-8.031,0.625-16.063-8.031-25.313C488.406,260.781,467.875,240.344,467.875,240.344z M96.563,204.672  c0,0,40.703-73.328,43.094-78.109c4.125-8.203,15.828-14.125,27.828-14.125h177.031c12,0,23.688,5.922,27.797,14.125  c2.422,4.781,43.125,78.109,43.125,78.109c3.75,6.734,0.438,19.297-10.656,19.297H107.203  C96.094,223.969,92.813,211.406,96.563,204.672z M153.734,360.406c-2.766,3.438-7.078,5.297-11.484,4.969L73,360.281  c-6.047-0.438-11.063-4.859-12.234-10.813l-4.625-23.094c-0.828-4.188,0.344-8.5,3.203-11.688c2.844-3.156,7.016-4.781,11.25-4.406  l67.422,6.219c5.5,0.516,10.141,4.344,11.703,9.625l6.469,22C157.422,352.375,156.516,356.953,153.734,360.406z M312.781,377.828  c0,2.734-2.219,4.953-4.938,4.953H204.188c-2.75,0-4.969-2.219-4.969-4.953v-45.672c0-2.719,2.219-4.906,4.969-4.906h103.656  c2.719,0,4.938,2.188,4.938,4.906V377.828z M455.859,326.375l-4.609,23.094c-1.188,5.953-6.203,10.375-12.25,10.813l-69.25,5.094  c-4.406,0.328-8.719-1.531-11.484-4.969c-2.781-3.453-3.688-8.031-2.453-12.281l6.469-22c1.563-5.281,6.188-9.109,11.703-9.625  l67.422-6.219c4.234-0.375,8.406,1.25,11.25,4.406C455.5,317.875,456.688,322.188,455.859,326.375z\"><\/path>\t<path class=\"st0\" d=\"M139.234,79.844h74.891V30.25h-44.391c-12.406,0-23.609,7.406-28.438,18.844l-8.75,20.656  c-0.953,2.25-0.703,4.813,0.641,6.844S136.797,79.844,139.234,79.844z\"><\/path>\t<path class=\"st0\" d=\"M373.313,76.594c1.344-2.031,1.563-4.594,0.625-6.844l-8.75-20.656c-4.828-11.438-16.031-18.844-28.438-18.844  h-44.406v49.594h74.906C369.672,79.844,371.953,78.625,373.313,76.594z\"><\/path>\t<rect x=\"225.563\" y=\"30.25\" class=\"st0\" width=\"55.344\" height=\"49.594\"><\/rect><\/g><\/svg>\t\t\t\t\t\t\t\t\t\t<\/div>\n\t\t\t\t\t\t\t\t\t<\/a>\t\t\t\t\t\t\t\t\t\t\t\t\t\t\t\t<div class=\"box-content\">\n\t\t\t\t\t\t\t\t\t\t\t\t\t\t\t\t\t\t\t\t\t\t\t\t\t\t\t\t\t<h4 class=\"box-heading\">\n\t\t\t\t\t\t\t\t\t\t\t<a href=\"https:\/\/www.police.be\/5296\/\" target=\"_blank\" aria-label=\"Zone de Police du Condroz\">\t\t\t\t\t\t\t\t\t\t\t\tZone de Police du Condroz\t\t\t\t\t\t\t\t\t\t\t<\/a>\t\t\t\t\t\t\t\t\t\t<\/h4>\n\t\t\t\t\t\t\t\t\t\t\t\t\t\t\t\t\t\t\t\t\t\t\t\t\t\t\t\t<div class=\"box-description\">Poste de proximit\u00e9 de Modave: 085\/30 85 31 \u2013 16, rue Bois Rosine \u00e0 4577 Modave (Str\u00e9e).<br>\nHoraire : du lundi au vendredi entre 8h et 12h et 13h et 17h<\/div>\n\t\t\t\t\t\t\t\t\t\t\t\t\t\t\t\t\t\t<a href=\"https:\/\/www.police.be\/5296\/\" target=\"_blank\" aria-label=\"Zone de Police du Condroz\" class=\"box-button elementor-button elementor-size-xs\">En savoir plus<\/a>\t\t\t\t\t\t\t\t<\/div>\n\t\t\t\t\t\t\t<\/div>\n\t\t\t\t\t\t<\/div>\t\t\t\t\t<\/div>\n\t\t\t\t\t\t\t\t\t<div class=\"wf-cell shown\">\n\t\t\t\t\t\t<div class=\"the7-icon-box-grid\">\t\t\t\t\t\t\t<div class=\"box-content-wrapper\">\n\t\t\t\t\t\t\t\t\t\t\t\t\t\t\t\t\t<a class=\"elementor-icon-div\" href=\"https:\/\/www.zshemeco.be\/\" target=\"_blank\" aria-label=\"Zone de Secours HEMECO\">\t\t\t\t\t\t\t\t\t\t<div class=\"elementor-icon\">\n\t\t\t\t\t\t\t\t\t\t\t<svg xmlns=\"http:\/\/www.w3.org\/2000\/svg\" xmlns:xlink=\"http:\/\/www.w3.org\/1999\/xlink\" id=\"Capa_1\" viewBox=\"0 0 46.651 46.651\" xml:space=\"preserve\"><g>\t<g>\t\t<g>\t\t\t<g>\t\t\t\t<g>\t\t\t\t\t<polygon style=\"fill:#030104;\" points=\"31.552,12.475 15.235,12.475 13.885,0.151 15.249,0 16.467,11.1 30.313,11.1       31.53,0.002 32.896,0.151      \"><\/polygon>\t\t\t\t<\/g>\t\t\t<\/g>\t\t<\/g>\t\t<g>\t\t\t<g>\t\t\t\t<g>\t\t\t\t\t<rect x=\"15.043\" y=\"6.085\" style=\"fill:#030104;\" width=\"16.693\" height=\"2.26\"><\/rect>\t\t\t\t<\/g>\t\t\t<\/g>\t\t<\/g>\t\t<g>\t\t\t<g>\t\t\t\t<g>\t\t\t\t\t<rect x=\"15.043\" y=\"1.687\" style=\"fill:#030104;\" width=\"17.375\" height=\"2.258\"><\/rect>\t\t\t\t<\/g>\t\t\t<\/g>\t\t<\/g>\t\t<g>\t\t\t<g>\t\t\t\t<g>\t\t\t\t\t<g>\t\t\t\t\t\t<path style=\"fill:#030104;\" d=\"M28.737,33.021v4.181h9.678v-26.7H8.365v26.699h9.68V33.02L28.737,33.021L28.737,33.021z        M32.086,33.214c-1.528,0-2.765-1.235-2.765-2.763c0-1.524,1.236-2.764,2.765-2.764c1.525,0,2.767,1.237,2.767,2.764       C34.851,31.979,33.611,33.214,32.086,33.214z M23.951,13.437H36.63v7.583H23.951V13.437z M10.155,13.437h12.674v7.583H10.155       V13.437z M15.06,32.999c-1.528,0-2.766-1.239-2.766-2.764c0-1.526,1.237-2.764,2.766-2.764c1.524,0,2.762,1.236,2.762,2.764       C17.822,31.76,16.585,32.999,15.06,32.999z\"><\/path>\t\t\t\t\t<\/g>\t\t\t\t<\/g>\t\t\t<\/g>\t\t\t<g>\t\t\t\t<g>\t\t\t\t\t<g>\t\t\t\t\t\t<polygon style=\"fill:#030104;\" points=\"28.737,38.737 28.737,41.387 18.045,41.387 18.045,38.737 6.612,38.737 6.612,42.158        40.166,42.158 40.166,38.737       \"><\/polygon>\t\t\t\t\t<\/g>\t\t\t\t<\/g>\t\t\t<\/g>\t\t\t<g>\t\t\t\t<g>\t\t\t\t\t<g>\t\t\t\t\t\t<rect x=\"18.045\" y=\"37.201\" style=\"fill:#030104;\" width=\"10.692\" height=\"1.536\"><\/rect>\t\t\t\t\t<\/g>\t\t\t\t<\/g>\t\t\t<\/g>\t\t<\/g>\t\t<g>\t\t\t<g>\t\t\t\t<g>\t\t\t\t\t<rect x=\"8.364\" y=\"42.158\" style=\"fill:#030104;\" width=\"4.84\" height=\"4.493\"><\/rect>\t\t\t\t<\/g>\t\t\t<\/g>\t\t<\/g>\t\t<g>\t\t\t<g>\t\t\t\t<g>\t\t\t\t\t<rect x=\"33.578\" y=\"42.158\" style=\"fill:#030104;\" width=\"4.837\" height=\"4.493\"><\/rect>\t\t\t\t<\/g>\t\t\t<\/g>\t\t<\/g>\t\t<g>\t\t\t<g>\t\t\t\t<g>\t\t\t\t\t<rect x=\"39.215\" y=\"17.228\" style=\"fill:#030104;\" width=\"4.021\" height=\"7.471\"><\/rect>\t\t\t\t<\/g>\t\t\t<\/g>\t\t<\/g>\t\t<g>\t\t\t<g>\t\t\t\t<g>\t\t\t\t\t<rect x=\"3.414\" y=\"17.228\" style=\"fill:#030104;\" width=\"4.021\" height=\"7.471\"><\/rect>\t\t\t\t<\/g>\t\t\t<\/g>\t\t<\/g>\t<\/g><\/g><\/svg>\t\t\t\t\t\t\t\t\t\t<\/div>\n\t\t\t\t\t\t\t\t\t<\/a>\t\t\t\t\t\t\t\t\t\t\t\t\t\t\t\t<div class=\"box-content\">\n\t\t\t\t\t\t\t\t\t\t\t\t\t\t\t\t\t\t\t\t\t\t\t\t\t\t\t\t\t<h4 class=\"box-heading\">\n\t\t\t\t\t\t\t\t\t\t\t<a href=\"https:\/\/www.zshemeco.be\/\" target=\"_blank\" aria-label=\"Zone de Secours HEMECO\">\t\t\t\t\t\t\t\t\t\t\t\tZone de Secours HEMECO\t\t\t\t\t\t\t\t\t\t\t<\/a>\t\t\t\t\t\t\t\t\t\t<\/h4>\n\t\t\t\t\t\t\t\t\t\t\t\t\t\t\t\t\t\t\t\t\t\t\t\t\t\t\t\t<div class=\"box-description\">La zone de secours HEMECO prot\u00e8ge 15 communes s\u2019\u00e9tendant de la Hesbaye au Condroz, en passant par la vall\u00e9e de la Meuse. <br>HEMECO \u00e9tant une abr\u00e9viation des r\u00e9gions g\u00e9ographiques de Belgique sur lesquelles s\u2019\u00e9tendent ces 15 communes : HEsbaye-MEuse-COndroz.<br><br>\nCaserne de Huy : \/ Pour toute question administrative : 085\/27 10 12 \u2013 30, rue de la Mairie \u00e0 4500 Huy\n<\/div>\n\t\t\t\t\t\t\t\t\t\t\t\t\t\t\t\t\t\t<a href=\"https:\/\/www.zshemeco.be\/\" target=\"_blank\" aria-label=\"Zone de Secours HEMECO\" class=\"box-button elementor-button elementor-size-xs\">En savoir plus<\/a>\t\t\t\t\t\t\t\t<\/div>\n\t\t\t\t\t\t\t<\/div>\n\t\t\t\t\t\t<\/div>\t\t\t\t\t<\/div>\n\t\t\t\t\t\t\t<\/div>\n\t\t<\/div>\t\t\t\t<\/div>\n\t\t\t\t<\/div>\n\t\t\t\t<div class=\"elementor-element elementor-element-dcd1233 elementor-widget elementor-widget-spacer\" data-id=\"dcd1233\" data-element_type=\"widget\" data-e-type=\"widget\" data-widget_type=\"spacer.default\">\n\t\t\t\t<div class=\"elementor-widget-container\">\n\t\t\t\t\t\t\t<div class=\"elementor-spacer\">\n\t\t\t<div class=\"elementor-spacer-inner\"><\/div>\n\t\t<\/div>\n\t\t\t\t\t\t<\/div>\n\t\t\t\t<\/div>\n\t\t\t\t\t<\/div>\n\t\t<\/div>\n\t\t\t\t\t<\/div>\n\t\t<\/section>\n\t\t\t\t<\/div>\n\t\t","protected":false},"excerpt":{"rendered":"<p>En cas d\u2019URGENCE : 112 Zone de Police du Condroz Poste de proximit\u00e9 de Modave: 085\/30 85 31 \u2013 16, rue Bois Rosine \u00e0 4577 Modave (Str\u00e9e). Horaire : du lundi au vendredi entre 8h et 12h et 13h et 17h En savoir plus Zone de Secours HEMECO La zone de secours HEMECO prot\u00e8ge 15&hellip;<\/p>\n","protected":false},"author":1,"featured_media":11332,"parent":0,"menu_order":0,"comment_status":"closed","ping_status":"closed","template":"","meta":{"footnotes":""},"class_list":["post-11331","page","type-page","status-publish","has-post-thumbnail","hentry"],"yoast_head":"<!-- This site is optimized with the Yoast SEO plugin v27.6 - https:\/\/yoast.com\/product\/yoast-seo-wordpress\/ -->\n<title>Secours - Commune de Modave<\/title>\n<meta name=\"robots\" content=\"index, follow, max-snippet:-1, max-image-preview:large, max-video-preview:-1\" \/>\n<link rel=\"canonical\" href=\"https:\/\/www.modave.be\/index.php\/secours\/\" \/>\n<meta property=\"og:locale\" content=\"fr_FR\" \/>\n<meta property=\"og:type\" content=\"article\" \/>\n<meta property=\"og:title\" content=\"Secours - Commune de Modave\" \/>\n<meta property=\"og:description\" content=\"En cas d\u2019URGENCE : 112 Zone de Police du Condroz Poste de proximit\u00e9 de Modave: 085\/30 85 31 \u2013 16, rue Bois Rosine \u00e0 4577 Modave (Str\u00e9e). Horaire : du lundi au vendredi entre 8h et 12h et 13h et 17h En savoir plus Zone de Secours HEMECO La zone de secours HEMECO prot\u00e8ge 15&hellip;\" \/>\n<meta property=\"og:url\" content=\"https:\/\/www.modave.be\/index.php\/secours\/\" \/>\n<meta property=\"og:site_name\" content=\"Commune de Modave\" \/>\n<meta property=\"article:modified_time\" content=\"2023-02-23T10:55:25+00:00\" \/>\n<meta property=\"og:image\" content=\"https:\/\/www.modave.be\/wp-content\/uploads\/2023\/02\/Secours.jpg\" \/>\n\t<meta property=\"og:image:width\" content=\"1920\" \/>\n\t<meta property=\"og:image:height\" content=\"1096\" \/>\n\t<meta property=\"og:image:type\" content=\"image\/jpeg\" \/>\n<meta name=\"twitter:card\" content=\"summary_large_image\" \/>\n<script type=\"application\/ld+json\" class=\"yoast-schema-graph\">{\"@context\":\"https:\\\/\\\/schema.org\",\"@graph\":[{\"@type\":\"WebPage\",\"@id\":\"https:\\\/\\\/www.modave.be\\\/index.php\\\/secours\\\/\",\"url\":\"https:\\\/\\\/www.modave.be\\\/index.php\\\/secours\\\/\",\"name\":\"Secours - Commune de Modave\",\"isPartOf\":{\"@id\":\"https:\\\/\\\/www.modave.be\\\/#website\"},\"primaryImageOfPage\":{\"@id\":\"https:\\\/\\\/www.modave.be\\\/index.php\\\/secours\\\/#primaryimage\"},\"image\":{\"@id\":\"https:\\\/\\\/www.modave.be\\\/index.php\\\/secours\\\/#primaryimage\"},\"thumbnailUrl\":\"https:\\\/\\\/www.modave.be\\\/wp-content\\\/uploads\\\/2023\\\/02\\\/Secours.jpg\",\"datePublished\":\"2023-02-23T10:40:57+00:00\",\"dateModified\":\"2023-02-23T10:55:25+00:00\",\"breadcrumb\":{\"@id\":\"https:\\\/\\\/www.modave.be\\\/index.php\\\/secours\\\/#breadcrumb\"},\"inLanguage\":\"fr-FR\",\"potentialAction\":[{\"@type\":\"ReadAction\",\"target\":[\"https:\\\/\\\/www.modave.be\\\/index.php\\\/secours\\\/\"]}]},{\"@type\":\"ImageObject\",\"inLanguage\":\"fr-FR\",\"@id\":\"https:\\\/\\\/www.modave.be\\\/index.php\\\/secours\\\/#primaryimage\",\"url\":\"https:\\\/\\\/www.modave.be\\\/wp-content\\\/uploads\\\/2023\\\/02\\\/Secours.jpg\",\"contentUrl\":\"https:\\\/\\\/www.modave.be\\\/wp-content\\\/uploads\\\/2023\\\/02\\\/Secours.jpg\",\"width\":1920,\"height\":1096},{\"@type\":\"BreadcrumbList\",\"@id\":\"https:\\\/\\\/www.modave.be\\\/index.php\\\/secours\\\/#breadcrumb\",\"itemListElement\":[{\"@type\":\"ListItem\",\"position\":1,\"name\":\"Accueil\",\"item\":\"https:\\\/\\\/www.modave.be\\\/\"},{\"@type\":\"ListItem\",\"position\":2,\"name\":\"Secours\"}]},{\"@type\":\"WebSite\",\"@id\":\"https:\\\/\\\/www.modave.be\\\/#website\",\"url\":\"https:\\\/\\\/www.modave.be\\\/\",\"name\":\"Commune de Modave\",\"description\":\"Commune de Modave\",\"publisher\":{\"@id\":\"https:\\\/\\\/www.modave.be\\\/#organization\"},\"potentialAction\":[{\"@type\":\"SearchAction\",\"target\":{\"@type\":\"EntryPoint\",\"urlTemplate\":\"https:\\\/\\\/www.modave.be\\\/?s={search_term_string}\"},\"query-input\":{\"@type\":\"PropertyValueSpecification\",\"valueRequired\":true,\"valueName\":\"search_term_string\"}}],\"inLanguage\":\"fr-FR\"},{\"@type\":\"Organization\",\"@id\":\"https:\\\/\\\/www.modave.be\\\/#organization\",\"name\":\"Commune de Modave\",\"url\":\"https:\\\/\\\/www.modave.be\\\/\",\"logo\":{\"@type\":\"ImageObject\",\"inLanguage\":\"fr-FR\",\"@id\":\"https:\\\/\\\/www.modave.be\\\/#\\\/schema\\\/logo\\\/image\\\/\",\"url\":\"https:\\\/\\\/www.modave.be\\\/wp-content\\\/uploads\\\/2021\\\/12\\\/MODAVE_LOGO_HORIZONTAL_QUADRI_RVB.png\",\"contentUrl\":\"https:\\\/\\\/www.modave.be\\\/wp-content\\\/uploads\\\/2021\\\/12\\\/MODAVE_LOGO_HORIZONTAL_QUADRI_RVB.png\",\"width\":1200,\"height\":501,\"caption\":\"Commune de Modave\"},\"image\":{\"@id\":\"https:\\\/\\\/www.modave.be\\\/#\\\/schema\\\/logo\\\/image\\\/\"}}]}<\/script>\n<!-- \/ Yoast SEO plugin. -->","yoast_head_json":{"title":"Secours - Commune de Modave","robots":{"index":"index","follow":"follow","max-snippet":"max-snippet:-1","max-image-preview":"max-image-preview:large","max-video-preview":"max-video-preview:-1"},"canonical":"https:\/\/www.modave.be\/index.php\/secours\/","og_locale":"fr_FR","og_type":"article","og_title":"Secours - Commune de Modave","og_description":"En cas d\u2019URGENCE : 112 Zone de Police du Condroz Poste de proximit\u00e9 de Modave: 085\/30 85 31 \u2013 16, rue Bois Rosine \u00e0 4577 Modave (Str\u00e9e). Horaire : du lundi au vendredi entre 8h et 12h et 13h et 17h En savoir plus Zone de Secours HEMECO La zone de secours HEMECO prot\u00e8ge 15&hellip;","og_url":"https:\/\/www.modave.be\/index.php\/secours\/","og_site_name":"Commune de Modave","article_modified_time":"2023-02-23T10:55:25+00:00","og_image":[{"width":1920,"height":1096,"url":"https:\/\/www.modave.be\/wp-content\/uploads\/2023\/02\/Secours.jpg","type":"image\/jpeg"}],"twitter_card":"summary_large_image","schema":{"@context":"https:\/\/schema.org","@graph":[{"@type":"WebPage","@id":"https:\/\/www.modave.be\/index.php\/secours\/","url":"https:\/\/www.modave.be\/index.php\/secours\/","name":"Secours - Commune de Modave","isPartOf":{"@id":"https:\/\/www.modave.be\/#website"},"primaryImageOfPage":{"@id":"https:\/\/www.modave.be\/index.php\/secours\/#primaryimage"},"image":{"@id":"https:\/\/www.modave.be\/index.php\/secours\/#primaryimage"},"thumbnailUrl":"https:\/\/www.modave.be\/wp-content\/uploads\/2023\/02\/Secours.jpg","datePublished":"2023-02-23T10:40:57+00:00","dateModified":"2023-02-23T10:55:25+00:00","breadcrumb":{"@id":"https:\/\/www.modave.be\/index.php\/secours\/#breadcrumb"},"inLanguage":"fr-FR","potentialAction":[{"@type":"ReadAction","target":["https:\/\/www.modave.be\/index.php\/secours\/"]}]},{"@type":"ImageObject","inLanguage":"fr-FR","@id":"https:\/\/www.modave.be\/index.php\/secours\/#primaryimage","url":"https:\/\/www.modave.be\/wp-content\/uploads\/2023\/02\/Secours.jpg","contentUrl":"https:\/\/www.modave.be\/wp-content\/uploads\/2023\/02\/Secours.jpg","width":1920,"height":1096},{"@type":"BreadcrumbList","@id":"https:\/\/www.modave.be\/index.php\/secours\/#breadcrumb","itemListElement":[{"@type":"ListItem","position":1,"name":"Accueil","item":"https:\/\/www.modave.be\/"},{"@type":"ListItem","position":2,"name":"Secours"}]},{"@type":"WebSite","@id":"https:\/\/www.modave.be\/#website","url":"https:\/\/www.modave.be\/","name":"Commune de Modave","description":"Commune de Modave","publisher":{"@id":"https:\/\/www.modave.be\/#organization"},"potentialAction":[{"@type":"SearchAction","target":{"@type":"EntryPoint","urlTemplate":"https:\/\/www.modave.be\/?s={search_term_string}"},"query-input":{"@type":"PropertyValueSpecification","valueRequired":true,"valueName":"search_term_string"}}],"inLanguage":"fr-FR"},{"@type":"Organization","@id":"https:\/\/www.modave.be\/#organization","name":"Commune de Modave","url":"https:\/\/www.modave.be\/","logo":{"@type":"ImageObject","inLanguage":"fr-FR","@id":"https:\/\/www.modave.be\/#\/schema\/logo\/image\/","url":"https:\/\/www.modave.be\/wp-content\/uploads\/2021\/12\/MODAVE_LOGO_HORIZONTAL_QUADRI_RVB.png","contentUrl":"https:\/\/www.modave.be\/wp-content\/uploads\/2021\/12\/MODAVE_LOGO_HORIZONTAL_QUADRI_RVB.png","width":1200,"height":501,"caption":"Commune de Modave"},"image":{"@id":"https:\/\/www.modave.be\/#\/schema\/logo\/image\/"}}]}},"_links":{"self":[{"href":"https:\/\/www.modave.be\/index.php\/wp-json\/wp\/v2\/pages\/11331","targetHints":{"allow":["GET"]}}],"collection":[{"href":"https:\/\/www.modave.be\/index.php\/wp-json\/wp\/v2\/pages"}],"about":[{"href":"https:\/\/www.modave.be\/index.php\/wp-json\/wp\/v2\/types\/page"}],"author":[{"embeddable":true,"href":"https:\/\/www.modave.be\/index.php\/wp-json\/wp\/v2\/users\/1"}],"replies":[{"embeddable":true,"href":"https:\/\/www.modave.be\/index.php\/wp-json\/wp\/v2\/comments?post=11331"}],"version-history":[{"count":0,"href":"https:\/\/www.modave.be\/index.php\/wp-json\/wp\/v2\/pages\/11331\/revisions"}],"wp:featuredmedia":[{"embeddable":true,"href":"https:\/\/www.modave.be\/index.php\/wp-json\/wp\/v2\/media\/11332"}],"wp:attachment":[{"href":"https:\/\/www.modave.be\/index.php\/wp-json\/wp\/v2\/media?parent=11331"}],"curies":[{"name":"wp","href":"https:\/\/api.w.org\/{rel}","templated":true}]}}