{"id":11451,"date":"2023-03-01T16:28:42","date_gmt":"2023-03-01T15:28:42","guid":{"rendered":"http:\/\/217.182.142.226\/?page_id=11451"},"modified":"2023-03-01T16:29:31","modified_gmt":"2023-03-01T15:29:31","slug":"enseignement-de-la-federation-wallonie-bruxelles","status":"publish","type":"page","link":"https:\/\/www.modave.be\/index.php\/enseignement-de-la-federation-wallonie-bruxelles\/","title":{"rendered":"Enseignement de la F\u00e9d\u00e9ration Wallonie-Bruxelles"},"content":{"rendered":"\t\t<div data-elementor-type=\"wp-page\" data-elementor-id=\"11451\" class=\"elementor elementor-11451\" wpc-filter-elementor-widget=\"1\" data-elementor-post-type=\"page\">\n\t\t\t\t\t\t<section class=\"elementor-section elementor-top-section elementor-element elementor-element-5321983 elementor-section-boxed elementor-section-height-default elementor-section-height-default\" data-id=\"5321983\" data-element_type=\"section\" data-e-type=\"section\">\n\t\t\t\t\t\t<div class=\"elementor-container elementor-column-gap-default\">\n\t\t\t\t\t<div class=\"elementor-column elementor-col-100 elementor-top-column elementor-element elementor-element-e2e4882\" data-id=\"e2e4882\" data-element_type=\"column\" data-e-type=\"column\">\n\t\t\t<div class=\"elementor-widget-wrap elementor-element-populated\">\n\t\t\t\t\t\t<div class=\"elementor-element elementor-element-8109614 elementor-widget elementor-widget-text-editor\" data-id=\"8109614\" data-element_type=\"widget\" data-e-type=\"widget\" data-widget_type=\"text-editor.default\">\n\t\t\t\t<div class=\"elementor-widget-container\">\n\t\t\t\t\t\t\t\t\t<ul><li><strong>Centre des Technologies Agronomiques<br \/><\/strong>rue Charmille 16 &#8211; Str\u00e9e<br \/>085\/51 27 01<br \/><br \/><strong><a href=\"http:\/\/www.cta-stree.be\/\">www.cta-stree.be<\/a><\/strong><\/li><\/ul><p>Le CTA de Str\u00e9e est un centre p\u00e9dagogique et de recherche d\u00e9di\u00e9 \u00e0 l\u2019agriculture et l\u2019environnement, financ\u00e9 par la F\u00e9d\u00e9ration Wallonie Bruxelles. Le centre, situ\u00e9 \u00e0 quelques kilom\u00e8tres de Huy, accueille durant toute l&rsquo;ann\u00e9e des \u00e9tudiants en agronomie dont les \u00e9tudiants en stage de La Haute \u00c9cole Charlemagne (ISIa). Le centre met en place des recherches et des parcelles de d\u00e9monstration, par exemple sur les l\u00e9gumineuses ou les mesures agro-environnementales. Le CTA s\u2019int\u00e9resse \u00e9galement \u00e0 l\u2019agriculture biologique\u00a0: 10 ha sont actuellement en conversion et sont utilis\u00e9s comme plateforme de recherche et de d\u00e9monstration en partenariat avec plusieurs organismes. Il met \u00e9galement \u00e0 disposition des collectivit\u00e9s des moutons pour faire de l&rsquo;\u00e9co-p\u00e2turage. Le CTA accueille aussi des associations telles que le GAL des Condruses, DEVENIRS et Epuval.<\/p>\t\t\t\t\t\t\t\t<\/div>\n\t\t\t\t<\/div>\n\t\t\t\t\t<\/div>\n\t\t<\/div>\n\t\t\t\t\t<\/div>\n\t\t<\/section>\n\t\t\t\t<\/div>\n\t\t","protected":false},"excerpt":{"rendered":"<p>Centre des Technologies Agronomiquesrue Charmille 16 &#8211; Str\u00e9e085\/51 27 01 www.cta-stree.be Le CTA de Str\u00e9e est un centre p\u00e9dagogique et de recherche d\u00e9di\u00e9 \u00e0 l\u2019agriculture et l\u2019environnement, financ\u00e9 par la F\u00e9d\u00e9ration Wallonie Bruxelles. Le centre, situ\u00e9 \u00e0 quelques kilom\u00e8tres de Huy, accueille durant toute l&rsquo;ann\u00e9e des \u00e9tudiants en agronomie dont les \u00e9tudiants en stage de&hellip;<\/p>\n","protected":false},"author":1,"featured_media":11452,"parent":0,"menu_order":0,"comment_status":"closed","ping_status":"closed","template":"","meta":{"footnotes":""},"class_list":["post-11451","page","type-page","status-publish","has-post-thumbnail","hentry"],"yoast_head":"<!-- This site is optimized with the Yoast SEO plugin v27.2 - https:\/\/yoast.com\/product\/yoast-seo-wordpress\/ -->\n<title>Enseignement de la F\u00e9d\u00e9ration Wallonie-Bruxelles - Commune de Modave<\/title>\n<meta name=\"robots\" content=\"index, follow, max-snippet:-1, max-image-preview:large, max-video-preview:-1\" \/>\n<link rel=\"canonical\" href=\"https:\/\/www.modave.be\/index.php\/enseignement-de-la-federation-wallonie-bruxelles\/\" \/>\n<meta property=\"og:locale\" content=\"fr_FR\" \/>\n<meta property=\"og:type\" content=\"article\" \/>\n<meta property=\"og:title\" content=\"Enseignement de la F\u00e9d\u00e9ration Wallonie-Bruxelles - Commune de Modave\" \/>\n<meta property=\"og:description\" content=\"Centre des Technologies Agronomiquesrue Charmille 16 &#8211; Str\u00e9e085\/51 27 01 www.cta-stree.be Le CTA de Str\u00e9e est un centre p\u00e9dagogique et de recherche d\u00e9di\u00e9 \u00e0 l\u2019agriculture et l\u2019environnement, financ\u00e9 par la F\u00e9d\u00e9ration Wallonie Bruxelles. Le centre, situ\u00e9 \u00e0 quelques kilom\u00e8tres de Huy, accueille durant toute l&rsquo;ann\u00e9e des \u00e9tudiants en agronomie dont les \u00e9tudiants en stage de&hellip;\" \/>\n<meta property=\"og:url\" content=\"https:\/\/www.modave.be\/index.php\/enseignement-de-la-federation-wallonie-bruxelles\/\" \/>\n<meta property=\"og:site_name\" content=\"Commune de Modave\" \/>\n<meta property=\"article:modified_time\" content=\"2023-03-01T15:29:31+00:00\" \/>\n<meta property=\"og:image\" content=\"https:\/\/www.modave.be\/wp-content\/uploads\/2023\/03\/Centre-des-Technologies-Agronomiques-scaled.jpg\" \/>\n\t<meta property=\"og:image:width\" content=\"2560\" \/>\n\t<meta property=\"og:image:height\" content=\"1707\" \/>\n\t<meta property=\"og:image:type\" content=\"image\/jpeg\" \/>\n<meta name=\"twitter:card\" content=\"summary_large_image\" \/>\n<meta name=\"twitter:label1\" content=\"Dur\u00e9e de lecture estim\u00e9e\" \/>\n\t<meta name=\"twitter:data1\" content=\"1 minute\" \/>\n<script type=\"application\/ld+json\" class=\"yoast-schema-graph\">{\"@context\":\"https:\/\/schema.org\",\"@graph\":[{\"@type\":\"WebPage\",\"@id\":\"https:\/\/www.modave.be\/index.php\/enseignement-de-la-federation-wallonie-bruxelles\/\",\"url\":\"https:\/\/www.modave.be\/index.php\/enseignement-de-la-federation-wallonie-bruxelles\/\",\"name\":\"Enseignement de la F\u00e9d\u00e9ration Wallonie-Bruxelles - Commune de Modave\",\"isPartOf\":{\"@id\":\"https:\/\/www.modave.be\/#website\"},\"primaryImageOfPage\":{\"@id\":\"https:\/\/www.modave.be\/index.php\/enseignement-de-la-federation-wallonie-bruxelles\/#primaryimage\"},\"image\":{\"@id\":\"https:\/\/www.modave.be\/index.php\/enseignement-de-la-federation-wallonie-bruxelles\/#primaryimage\"},\"thumbnailUrl\":\"https:\/\/www.modave.be\/wp-content\/uploads\/2023\/03\/Centre-des-Technologies-Agronomiques-scaled.jpg\",\"datePublished\":\"2023-03-01T15:28:42+00:00\",\"dateModified\":\"2023-03-01T15:29:31+00:00\",\"breadcrumb\":{\"@id\":\"https:\/\/www.modave.be\/index.php\/enseignement-de-la-federation-wallonie-bruxelles\/#breadcrumb\"},\"inLanguage\":\"fr-FR\",\"potentialAction\":[{\"@type\":\"ReadAction\",\"target\":[\"https:\/\/www.modave.be\/index.php\/enseignement-de-la-federation-wallonie-bruxelles\/\"]}]},{\"@type\":\"ImageObject\",\"inLanguage\":\"fr-FR\",\"@id\":\"https:\/\/www.modave.be\/index.php\/enseignement-de-la-federation-wallonie-bruxelles\/#primaryimage\",\"url\":\"https:\/\/www.modave.be\/wp-content\/uploads\/2023\/03\/Centre-des-Technologies-Agronomiques-scaled.jpg\",\"contentUrl\":\"https:\/\/www.modave.be\/wp-content\/uploads\/2023\/03\/Centre-des-Technologies-Agronomiques-scaled.jpg\",\"width\":2560,\"height\":1707},{\"@type\":\"BreadcrumbList\",\"@id\":\"https:\/\/www.modave.be\/index.php\/enseignement-de-la-federation-wallonie-bruxelles\/#breadcrumb\",\"itemListElement\":[{\"@type\":\"ListItem\",\"position\":1,\"name\":\"Accueil\",\"item\":\"https:\/\/www.modave.be\/\"},{\"@type\":\"ListItem\",\"position\":2,\"name\":\"Enseignement de la F\u00e9d\u00e9ration Wallonie-Bruxelles\"}]},{\"@type\":\"WebSite\",\"@id\":\"https:\/\/www.modave.be\/#website\",\"url\":\"https:\/\/www.modave.be\/\",\"name\":\"Commune de Modave\",\"description\":\"Commune de Modave\",\"publisher\":{\"@id\":\"https:\/\/www.modave.be\/#organization\"},\"potentialAction\":[{\"@type\":\"SearchAction\",\"target\":{\"@type\":\"EntryPoint\",\"urlTemplate\":\"https:\/\/www.modave.be\/?s={search_term_string}\"},\"query-input\":{\"@type\":\"PropertyValueSpecification\",\"valueRequired\":true,\"valueName\":\"search_term_string\"}}],\"inLanguage\":\"fr-FR\"},{\"@type\":\"Organization\",\"@id\":\"https:\/\/www.modave.be\/#organization\",\"name\":\"Commune de Modave\",\"url\":\"https:\/\/www.modave.be\/\",\"logo\":{\"@type\":\"ImageObject\",\"inLanguage\":\"fr-FR\",\"@id\":\"https:\/\/www.modave.be\/#\/schema\/logo\/image\/\",\"url\":\"https:\/\/www.modave.be\/wp-content\/uploads\/2021\/12\/MODAVE_LOGO_HORIZONTAL_QUADRI_RVB.png\",\"contentUrl\":\"https:\/\/www.modave.be\/wp-content\/uploads\/2021\/12\/MODAVE_LOGO_HORIZONTAL_QUADRI_RVB.png\",\"width\":1200,\"height\":501,\"caption\":\"Commune de Modave\"},\"image\":{\"@id\":\"https:\/\/www.modave.be\/#\/schema\/logo\/image\/\"}}]}<\/script>\n<!-- \/ Yoast SEO plugin. -->","yoast_head_json":{"title":"Enseignement de la F\u00e9d\u00e9ration Wallonie-Bruxelles - Commune de Modave","robots":{"index":"index","follow":"follow","max-snippet":"max-snippet:-1","max-image-preview":"max-image-preview:large","max-video-preview":"max-video-preview:-1"},"canonical":"https:\/\/www.modave.be\/index.php\/enseignement-de-la-federation-wallonie-bruxelles\/","og_locale":"fr_FR","og_type":"article","og_title":"Enseignement de la F\u00e9d\u00e9ration Wallonie-Bruxelles - Commune de Modave","og_description":"Centre des Technologies Agronomiquesrue Charmille 16 &#8211; Str\u00e9e085\/51 27 01 www.cta-stree.be Le CTA de Str\u00e9e est un centre p\u00e9dagogique et de recherche d\u00e9di\u00e9 \u00e0 l\u2019agriculture et l\u2019environnement, financ\u00e9 par la F\u00e9d\u00e9ration Wallonie Bruxelles. Le centre, situ\u00e9 \u00e0 quelques kilom\u00e8tres de Huy, accueille durant toute l&rsquo;ann\u00e9e des \u00e9tudiants en agronomie dont les \u00e9tudiants en stage de&hellip;","og_url":"https:\/\/www.modave.be\/index.php\/enseignement-de-la-federation-wallonie-bruxelles\/","og_site_name":"Commune de Modave","article_modified_time":"2023-03-01T15:29:31+00:00","og_image":[{"width":2560,"height":1707,"url":"https:\/\/www.modave.be\/wp-content\/uploads\/2023\/03\/Centre-des-Technologies-Agronomiques-scaled.jpg","type":"image\/jpeg"}],"twitter_card":"summary_large_image","twitter_misc":{"Dur\u00e9e de lecture estim\u00e9e":"1 minute"},"schema":{"@context":"https:\/\/schema.org","@graph":[{"@type":"WebPage","@id":"https:\/\/www.modave.be\/index.php\/enseignement-de-la-federation-wallonie-bruxelles\/","url":"https:\/\/www.modave.be\/index.php\/enseignement-de-la-federation-wallonie-bruxelles\/","name":"Enseignement de la F\u00e9d\u00e9ration Wallonie-Bruxelles - Commune de Modave","isPartOf":{"@id":"https:\/\/www.modave.be\/#website"},"primaryImageOfPage":{"@id":"https:\/\/www.modave.be\/index.php\/enseignement-de-la-federation-wallonie-bruxelles\/#primaryimage"},"image":{"@id":"https:\/\/www.modave.be\/index.php\/enseignement-de-la-federation-wallonie-bruxelles\/#primaryimage"},"thumbnailUrl":"https:\/\/www.modave.be\/wp-content\/uploads\/2023\/03\/Centre-des-Technologies-Agronomiques-scaled.jpg","datePublished":"2023-03-01T15:28:42+00:00","dateModified":"2023-03-01T15:29:31+00:00","breadcrumb":{"@id":"https:\/\/www.modave.be\/index.php\/enseignement-de-la-federation-wallonie-bruxelles\/#breadcrumb"},"inLanguage":"fr-FR","potentialAction":[{"@type":"ReadAction","target":["https:\/\/www.modave.be\/index.php\/enseignement-de-la-federation-wallonie-bruxelles\/"]}]},{"@type":"ImageObject","inLanguage":"fr-FR","@id":"https:\/\/www.modave.be\/index.php\/enseignement-de-la-federation-wallonie-bruxelles\/#primaryimage","url":"https:\/\/www.modave.be\/wp-content\/uploads\/2023\/03\/Centre-des-Technologies-Agronomiques-scaled.jpg","contentUrl":"https:\/\/www.modave.be\/wp-content\/uploads\/2023\/03\/Centre-des-Technologies-Agronomiques-scaled.jpg","width":2560,"height":1707},{"@type":"BreadcrumbList","@id":"https:\/\/www.modave.be\/index.php\/enseignement-de-la-federation-wallonie-bruxelles\/#breadcrumb","itemListElement":[{"@type":"ListItem","position":1,"name":"Accueil","item":"https:\/\/www.modave.be\/"},{"@type":"ListItem","position":2,"name":"Enseignement de la F\u00e9d\u00e9ration Wallonie-Bruxelles"}]},{"@type":"WebSite","@id":"https:\/\/www.modave.be\/#website","url":"https:\/\/www.modave.be\/","name":"Commune de Modave","description":"Commune de Modave","publisher":{"@id":"https:\/\/www.modave.be\/#organization"},"potentialAction":[{"@type":"SearchAction","target":{"@type":"EntryPoint","urlTemplate":"https:\/\/www.modave.be\/?s={search_term_string}"},"query-input":{"@type":"PropertyValueSpecification","valueRequired":true,"valueName":"search_term_string"}}],"inLanguage":"fr-FR"},{"@type":"Organization","@id":"https:\/\/www.modave.be\/#organization","name":"Commune de Modave","url":"https:\/\/www.modave.be\/","logo":{"@type":"ImageObject","inLanguage":"fr-FR","@id":"https:\/\/www.modave.be\/#\/schema\/logo\/image\/","url":"https:\/\/www.modave.be\/wp-content\/uploads\/2021\/12\/MODAVE_LOGO_HORIZONTAL_QUADRI_RVB.png","contentUrl":"https:\/\/www.modave.be\/wp-content\/uploads\/2021\/12\/MODAVE_LOGO_HORIZONTAL_QUADRI_RVB.png","width":1200,"height":501,"caption":"Commune de Modave"},"image":{"@id":"https:\/\/www.modave.be\/#\/schema\/logo\/image\/"}}]}},"_links":{"self":[{"href":"https:\/\/www.modave.be\/index.php\/wp-json\/wp\/v2\/pages\/11451","targetHints":{"allow":["GET"]}}],"collection":[{"href":"https:\/\/www.modave.be\/index.php\/wp-json\/wp\/v2\/pages"}],"about":[{"href":"https:\/\/www.modave.be\/index.php\/wp-json\/wp\/v2\/types\/page"}],"author":[{"embeddable":true,"href":"https:\/\/www.modave.be\/index.php\/wp-json\/wp\/v2\/users\/1"}],"replies":[{"embeddable":true,"href":"https:\/\/www.modave.be\/index.php\/wp-json\/wp\/v2\/comments?post=11451"}],"version-history":[{"count":0,"href":"https:\/\/www.modave.be\/index.php\/wp-json\/wp\/v2\/pages\/11451\/revisions"}],"wp:featuredmedia":[{"embeddable":true,"href":"https:\/\/www.modave.be\/index.php\/wp-json\/wp\/v2\/media\/11452"}],"wp:attachment":[{"href":"https:\/\/www.modave.be\/index.php\/wp-json\/wp\/v2\/media?parent=11451"}],"curies":[{"name":"wp","href":"https:\/\/api.w.org\/{rel}","templated":true}]}}