{"id":11458,"date":"2023-03-01T16:32:49","date_gmt":"2023-03-01T15:32:49","guid":{"rendered":"http:\/\/217.182.142.226\/?page_id=11458"},"modified":"2023-09-06T12:03:13","modified_gmt":"2023-09-06T10:03:13","slug":"occupation-du-car-scolaire","status":"publish","type":"page","link":"https:\/\/www.modave.be\/index.php\/occupation-du-car-scolaire\/","title":{"rendered":"Occupation du car scolaire"},"content":{"rendered":"\t\t<div data-elementor-type=\"wp-page\" data-elementor-id=\"11458\" class=\"elementor elementor-11458\" wpc-filter-elementor-widget=\"1\" data-elementor-post-type=\"page\">\n\t\t\t\t\t\t<section class=\"elementor-section elementor-top-section elementor-element elementor-element-47afbb9 elementor-section-boxed elementor-section-height-default elementor-section-height-default\" data-id=\"47afbb9\" data-element_type=\"section\" data-e-type=\"section\">\n\t\t\t\t\t\t<div class=\"elementor-container elementor-column-gap-default\">\n\t\t\t\t\t<div class=\"elementor-column elementor-col-100 elementor-top-column elementor-element elementor-element-c095a44\" data-id=\"c095a44\" data-element_type=\"column\" data-e-type=\"column\">\n\t\t\t<div class=\"elementor-widget-wrap elementor-element-populated\">\n\t\t\t\t\t\t<div class=\"elementor-element elementor-element-ceee485 elementor-widget elementor-widget-text-editor\" data-id=\"ceee485\" data-element_type=\"widget\" data-e-type=\"widget\" data-widget_type=\"text-editor.default\">\n\t\t\t\t<div class=\"elementor-widget-container\">\n\t\t\t\t\t\t\t\t\t<h1>Avis aux directions des \u00e9coles de Modave :<\/h1>\n<p>1) V\u00e9rifier la disponibilit\u00e9 du car \u00e0 la date souhait\u00e9e<\/p>\n<p>2) En cas d&rsquo;occupation d\u00e9j\u00e0 pr\u00e9vue, prendre arrangements avec l&rsquo;\u00e9cole qui a fait la r\u00e9servation<\/p>\n<p>3) Pour toutes nouvelles demandes ou pour toutes modifications, introduire votre requ\u00eate aupr\u00e8s de&nbsp;<span style=\"background-color: rgba(255, 255, 255, 0); color: var(--the7-base-color); letter-spacing: var(--the7-base-letter-spacing); text-transform: var(--the7-base-text-transform); word-spacing: normal;\">Patricia Lambotte par mail<\/span><span id=\"cloak6b93ba62d50bacb0cef8969eecfd8865\" style=\"background-color: rgba(255, 255, 255, 0); color: var(--the7-base-color); letter-spacing: var(--the7-base-letter-spacing); text-transform: var(--the7-base-text-transform); word-spacing: normal;\"> <a href=\"mailto:extrascolaire@modave.be\">extrascolaire@modave.be<\/a><\/span><span style=\"background-color: rgba(255, 255, 255, 0); color: var(--the7-base-color); letter-spacing: var(--the7-base-letter-spacing); text-transform: var(--the7-base-text-transform); word-spacing: normal;\">&nbsp;et en copie \u00e0 Fr\u00e9d\u00e9ric Legrand&nbsp;&nbsp;<\/span><span id=\"cloakee9fc346d8c80afbdc08eab6aeed57a3\" style=\"background-color: rgba(255, 255, 255, 0); color: var(--the7-base-color); letter-spacing: var(--the7-base-letter-spacing); text-transform: var(--the7-base-text-transform); word-spacing: normal;\"><a href=\"mailto:marchespublics.enseignement@modave.be\">marchespublics.enseignement@modave.be<\/a><\/span><\/p>\t\t\t\t\t\t\t\t<\/div>\n\t\t\t\t<\/div>\n\t\t\t\t\t<\/div>\n\t\t<\/div>\n\t\t\t\t\t<\/div>\n\t\t<\/section>\n\t\t\t\t<section class=\"elementor-section elementor-top-section elementor-element elementor-element-f4c0983 elementor-section-boxed elementor-section-height-default elementor-section-height-default\" data-id=\"f4c0983\" data-element_type=\"section\" data-e-type=\"section\">\n\t\t\t\t\t\t<div class=\"elementor-container elementor-column-gap-default\">\n\t\t\t\t\t<div class=\"elementor-column elementor-col-100 elementor-top-column elementor-element elementor-element-69020f3\" data-id=\"69020f3\" data-element_type=\"column\" data-e-type=\"column\">\n\t\t\t<div class=\"elementor-widget-wrap elementor-element-populated\">\n\t\t\t\t\t\t<div class=\"elementor-element elementor-element-f127cd3 elementor-widget elementor-widget-html\" data-id=\"f127cd3\" data-element_type=\"widget\" data-e-type=\"widget\" data-widget_type=\"html.default\">\n\t\t\t\t<div class=\"elementor-widget-container\">\n\t\t\t\t\t<iframe src=\"https:\/\/calendar.google.com\/calendar\/embed?src=ava9pk3qglrgbe9balmv9libfo%40group.calendar.google.com&ctz=Europe\/Brussels\" style=\"border: 0\" width=\"800\" height=\"600\" frameborder=\"0\" scrolling=\"no\"><\/iframe>\t\t\t\t<\/div>\n\t\t\t\t<\/div>\n\t\t\t\t\t<\/div>\n\t\t<\/div>\n\t\t\t\t\t<\/div>\n\t\t<\/section>\n\t\t\t\t<\/div>\n\t\t","protected":false},"excerpt":{"rendered":"<p>Avis aux directions des \u00e9coles de Modave : 1) V\u00e9rifier la disponibilit\u00e9 du car \u00e0 la date souhait\u00e9e 2) En cas d&rsquo;occupation d\u00e9j\u00e0 pr\u00e9vue, prendre arrangements avec l&rsquo;\u00e9cole qui a fait la r\u00e9servation 3) Pour toutes nouvelles demandes ou pour toutes modifications, introduire votre requ\u00eate aupr\u00e8s de&nbsp;Patricia Lambotte par mail extrascolaire@modave.be&nbsp;et en copie \u00e0 Fr\u00e9d\u00e9ric&hellip;<\/p>\n","protected":false},"author":1,"featured_media":12624,"parent":0,"menu_order":0,"comment_status":"closed","ping_status":"closed","template":"","meta":{"footnotes":""},"class_list":["post-11458","page","type-page","status-publish","has-post-thumbnail","hentry"],"yoast_head":"<!-- This site is optimized with the Yoast SEO plugin v27.2 - https:\/\/yoast.com\/product\/yoast-seo-wordpress\/ -->\n<title>Occupation du car scolaire - Commune de Modave<\/title>\n<meta name=\"robots\" content=\"index, follow, max-snippet:-1, max-image-preview:large, max-video-preview:-1\" \/>\n<link rel=\"canonical\" href=\"https:\/\/www.modave.be\/index.php\/occupation-du-car-scolaire\/\" \/>\n<meta property=\"og:locale\" content=\"fr_FR\" \/>\n<meta property=\"og:type\" content=\"article\" \/>\n<meta property=\"og:title\" content=\"Occupation du car scolaire - Commune de Modave\" \/>\n<meta property=\"og:description\" content=\"Avis aux directions des \u00e9coles de Modave : 1) V\u00e9rifier la disponibilit\u00e9 du car \u00e0 la date souhait\u00e9e 2) En cas d&rsquo;occupation d\u00e9j\u00e0 pr\u00e9vue, prendre arrangements avec l&rsquo;\u00e9cole qui a fait la r\u00e9servation 3) Pour toutes nouvelles demandes ou pour toutes modifications, introduire votre requ\u00eate aupr\u00e8s de&nbsp;Patricia Lambotte par mail extrascolaire@modave.be&nbsp;et en copie \u00e0 Fr\u00e9d\u00e9ric&hellip;\" \/>\n<meta property=\"og:url\" content=\"https:\/\/www.modave.be\/index.php\/occupation-du-car-scolaire\/\" \/>\n<meta property=\"og:site_name\" content=\"Commune de Modave\" \/>\n<meta property=\"article:modified_time\" content=\"2023-09-06T10:03:13+00:00\" \/>\n<meta property=\"og:image\" content=\"https:\/\/www.modave.be\/wp-content\/uploads\/2023\/09\/375214156_761132945782447_3740944743793415255_n.jpg\" \/>\n\t<meta property=\"og:image:width\" content=\"2048\" \/>\n\t<meta property=\"og:image:height\" content=\"1536\" \/>\n\t<meta property=\"og:image:type\" content=\"image\/jpeg\" \/>\n<meta name=\"twitter:card\" content=\"summary_large_image\" \/>\n<script type=\"application\/ld+json\" class=\"yoast-schema-graph\">{\"@context\":\"https:\/\/schema.org\",\"@graph\":[{\"@type\":\"WebPage\",\"@id\":\"https:\/\/www.modave.be\/index.php\/occupation-du-car-scolaire\/\",\"url\":\"https:\/\/www.modave.be\/index.php\/occupation-du-car-scolaire\/\",\"name\":\"Occupation du car scolaire - Commune de Modave\",\"isPartOf\":{\"@id\":\"https:\/\/www.modave.be\/#website\"},\"primaryImageOfPage\":{\"@id\":\"https:\/\/www.modave.be\/index.php\/occupation-du-car-scolaire\/#primaryimage\"},\"image\":{\"@id\":\"https:\/\/www.modave.be\/index.php\/occupation-du-car-scolaire\/#primaryimage\"},\"thumbnailUrl\":\"https:\/\/www.modave.be\/wp-content\/uploads\/2023\/09\/375214156_761132945782447_3740944743793415255_n.jpg\",\"datePublished\":\"2023-03-01T15:32:49+00:00\",\"dateModified\":\"2023-09-06T10:03:13+00:00\",\"breadcrumb\":{\"@id\":\"https:\/\/www.modave.be\/index.php\/occupation-du-car-scolaire\/#breadcrumb\"},\"inLanguage\":\"fr-FR\",\"potentialAction\":[{\"@type\":\"ReadAction\",\"target\":[\"https:\/\/www.modave.be\/index.php\/occupation-du-car-scolaire\/\"]}]},{\"@type\":\"ImageObject\",\"inLanguage\":\"fr-FR\",\"@id\":\"https:\/\/www.modave.be\/index.php\/occupation-du-car-scolaire\/#primaryimage\",\"url\":\"https:\/\/www.modave.be\/wp-content\/uploads\/2023\/09\/375214156_761132945782447_3740944743793415255_n.jpg\",\"contentUrl\":\"https:\/\/www.modave.be\/wp-content\/uploads\/2023\/09\/375214156_761132945782447_3740944743793415255_n.jpg\",\"width\":2048,\"height\":1536},{\"@type\":\"BreadcrumbList\",\"@id\":\"https:\/\/www.modave.be\/index.php\/occupation-du-car-scolaire\/#breadcrumb\",\"itemListElement\":[{\"@type\":\"ListItem\",\"position\":1,\"name\":\"Accueil\",\"item\":\"https:\/\/www.modave.be\/\"},{\"@type\":\"ListItem\",\"position\":2,\"name\":\"Occupation du car scolaire\"}]},{\"@type\":\"WebSite\",\"@id\":\"https:\/\/www.modave.be\/#website\",\"url\":\"https:\/\/www.modave.be\/\",\"name\":\"Commune de Modave\",\"description\":\"Commune de Modave\",\"publisher\":{\"@id\":\"https:\/\/www.modave.be\/#organization\"},\"potentialAction\":[{\"@type\":\"SearchAction\",\"target\":{\"@type\":\"EntryPoint\",\"urlTemplate\":\"https:\/\/www.modave.be\/?s={search_term_string}\"},\"query-input\":{\"@type\":\"PropertyValueSpecification\",\"valueRequired\":true,\"valueName\":\"search_term_string\"}}],\"inLanguage\":\"fr-FR\"},{\"@type\":\"Organization\",\"@id\":\"https:\/\/www.modave.be\/#organization\",\"name\":\"Commune de Modave\",\"url\":\"https:\/\/www.modave.be\/\",\"logo\":{\"@type\":\"ImageObject\",\"inLanguage\":\"fr-FR\",\"@id\":\"https:\/\/www.modave.be\/#\/schema\/logo\/image\/\",\"url\":\"https:\/\/www.modave.be\/wp-content\/uploads\/2021\/12\/MODAVE_LOGO_HORIZONTAL_QUADRI_RVB.png\",\"contentUrl\":\"https:\/\/www.modave.be\/wp-content\/uploads\/2021\/12\/MODAVE_LOGO_HORIZONTAL_QUADRI_RVB.png\",\"width\":1200,\"height\":501,\"caption\":\"Commune de Modave\"},\"image\":{\"@id\":\"https:\/\/www.modave.be\/#\/schema\/logo\/image\/\"}}]}<\/script>\n<!-- \/ Yoast SEO plugin. -->","yoast_head_json":{"title":"Occupation du car scolaire - Commune de Modave","robots":{"index":"index","follow":"follow","max-snippet":"max-snippet:-1","max-image-preview":"max-image-preview:large","max-video-preview":"max-video-preview:-1"},"canonical":"https:\/\/www.modave.be\/index.php\/occupation-du-car-scolaire\/","og_locale":"fr_FR","og_type":"article","og_title":"Occupation du car scolaire - Commune de Modave","og_description":"Avis aux directions des \u00e9coles de Modave : 1) V\u00e9rifier la disponibilit\u00e9 du car \u00e0 la date souhait\u00e9e 2) En cas d&rsquo;occupation d\u00e9j\u00e0 pr\u00e9vue, prendre arrangements avec l&rsquo;\u00e9cole qui a fait la r\u00e9servation 3) Pour toutes nouvelles demandes ou pour toutes modifications, introduire votre requ\u00eate aupr\u00e8s de&nbsp;Patricia Lambotte par mail extrascolaire@modave.be&nbsp;et en copie \u00e0 Fr\u00e9d\u00e9ric&hellip;","og_url":"https:\/\/www.modave.be\/index.php\/occupation-du-car-scolaire\/","og_site_name":"Commune de Modave","article_modified_time":"2023-09-06T10:03:13+00:00","og_image":[{"width":2048,"height":1536,"url":"https:\/\/www.modave.be\/wp-content\/uploads\/2023\/09\/375214156_761132945782447_3740944743793415255_n.jpg","type":"image\/jpeg"}],"twitter_card":"summary_large_image","schema":{"@context":"https:\/\/schema.org","@graph":[{"@type":"WebPage","@id":"https:\/\/www.modave.be\/index.php\/occupation-du-car-scolaire\/","url":"https:\/\/www.modave.be\/index.php\/occupation-du-car-scolaire\/","name":"Occupation du car scolaire - Commune de Modave","isPartOf":{"@id":"https:\/\/www.modave.be\/#website"},"primaryImageOfPage":{"@id":"https:\/\/www.modave.be\/index.php\/occupation-du-car-scolaire\/#primaryimage"},"image":{"@id":"https:\/\/www.modave.be\/index.php\/occupation-du-car-scolaire\/#primaryimage"},"thumbnailUrl":"https:\/\/www.modave.be\/wp-content\/uploads\/2023\/09\/375214156_761132945782447_3740944743793415255_n.jpg","datePublished":"2023-03-01T15:32:49+00:00","dateModified":"2023-09-06T10:03:13+00:00","breadcrumb":{"@id":"https:\/\/www.modave.be\/index.php\/occupation-du-car-scolaire\/#breadcrumb"},"inLanguage":"fr-FR","potentialAction":[{"@type":"ReadAction","target":["https:\/\/www.modave.be\/index.php\/occupation-du-car-scolaire\/"]}]},{"@type":"ImageObject","inLanguage":"fr-FR","@id":"https:\/\/www.modave.be\/index.php\/occupation-du-car-scolaire\/#primaryimage","url":"https:\/\/www.modave.be\/wp-content\/uploads\/2023\/09\/375214156_761132945782447_3740944743793415255_n.jpg","contentUrl":"https:\/\/www.modave.be\/wp-content\/uploads\/2023\/09\/375214156_761132945782447_3740944743793415255_n.jpg","width":2048,"height":1536},{"@type":"BreadcrumbList","@id":"https:\/\/www.modave.be\/index.php\/occupation-du-car-scolaire\/#breadcrumb","itemListElement":[{"@type":"ListItem","position":1,"name":"Accueil","item":"https:\/\/www.modave.be\/"},{"@type":"ListItem","position":2,"name":"Occupation du car scolaire"}]},{"@type":"WebSite","@id":"https:\/\/www.modave.be\/#website","url":"https:\/\/www.modave.be\/","name":"Commune de Modave","description":"Commune de Modave","publisher":{"@id":"https:\/\/www.modave.be\/#organization"},"potentialAction":[{"@type":"SearchAction","target":{"@type":"EntryPoint","urlTemplate":"https:\/\/www.modave.be\/?s={search_term_string}"},"query-input":{"@type":"PropertyValueSpecification","valueRequired":true,"valueName":"search_term_string"}}],"inLanguage":"fr-FR"},{"@type":"Organization","@id":"https:\/\/www.modave.be\/#organization","name":"Commune de Modave","url":"https:\/\/www.modave.be\/","logo":{"@type":"ImageObject","inLanguage":"fr-FR","@id":"https:\/\/www.modave.be\/#\/schema\/logo\/image\/","url":"https:\/\/www.modave.be\/wp-content\/uploads\/2021\/12\/MODAVE_LOGO_HORIZONTAL_QUADRI_RVB.png","contentUrl":"https:\/\/www.modave.be\/wp-content\/uploads\/2021\/12\/MODAVE_LOGO_HORIZONTAL_QUADRI_RVB.png","width":1200,"height":501,"caption":"Commune de Modave"},"image":{"@id":"https:\/\/www.modave.be\/#\/schema\/logo\/image\/"}}]}},"_links":{"self":[{"href":"https:\/\/www.modave.be\/index.php\/wp-json\/wp\/v2\/pages\/11458","targetHints":{"allow":["GET"]}}],"collection":[{"href":"https:\/\/www.modave.be\/index.php\/wp-json\/wp\/v2\/pages"}],"about":[{"href":"https:\/\/www.modave.be\/index.php\/wp-json\/wp\/v2\/types\/page"}],"author":[{"embeddable":true,"href":"https:\/\/www.modave.be\/index.php\/wp-json\/wp\/v2\/users\/1"}],"replies":[{"embeddable":true,"href":"https:\/\/www.modave.be\/index.php\/wp-json\/wp\/v2\/comments?post=11458"}],"version-history":[{"count":0,"href":"https:\/\/www.modave.be\/index.php\/wp-json\/wp\/v2\/pages\/11458\/revisions"}],"wp:featuredmedia":[{"embeddable":true,"href":"https:\/\/www.modave.be\/index.php\/wp-json\/wp\/v2\/media\/12624"}],"wp:attachment":[{"href":"https:\/\/www.modave.be\/index.php\/wp-json\/wp\/v2\/media?parent=11458"}],"curies":[{"name":"wp","href":"https:\/\/api.w.org\/{rel}","templated":true}]}}