{"id":11941,"date":"2023-03-08T10:43:06","date_gmt":"2023-03-08T09:43:06","guid":{"rendered":"http:\/\/217.182.142.226\/?page_id=11941"},"modified":"2023-03-08T10:44:55","modified_gmt":"2023-03-08T09:44:55","slug":"halte-aux-dechets-sauvages","status":"publish","type":"page","link":"https:\/\/www.modave.be\/index.php\/halte-aux-dechets-sauvages\/","title":{"rendered":"Halte aux d\u00e9chets sauvages"},"content":{"rendered":"\t\t<div data-elementor-type=\"wp-page\" data-elementor-id=\"11941\" class=\"elementor elementor-11941\" wpc-filter-elementor-widget=\"1\" data-elementor-post-type=\"page\">\n\t\t\t\t\t\t<section class=\"elementor-section elementor-top-section elementor-element elementor-element-a3dc224 elementor-section-boxed elementor-section-height-default elementor-section-height-default\" data-id=\"a3dc224\" data-element_type=\"section\" data-e-type=\"section\">\n\t\t\t\t\t\t<div class=\"elementor-container elementor-column-gap-default\">\n\t\t\t\t\t<div class=\"elementor-column elementor-col-100 elementor-top-column elementor-element elementor-element-4704824\" data-id=\"4704824\" data-element_type=\"column\" data-e-type=\"column\">\n\t\t\t<div class=\"elementor-widget-wrap elementor-element-populated\">\n\t\t\t\t\t\t<div class=\"elementor-element elementor-element-8b56d96 elementor-widget elementor-widget-image\" data-id=\"8b56d96\" data-element_type=\"widget\" data-e-type=\"widget\" data-widget_type=\"image.default\">\n\t\t\t\t<div class=\"elementor-widget-container\">\n\t\t\t\t\t\t\t\t\t\t\t\t\t\t\t<img fetchpriority=\"high\" decoding=\"async\" width=\"400\" height=\"565\" src=\"https:\/\/www.modave.be\/wp-content\/uploads\/2023\/03\/Condroz-Propre.jpg\" class=\"attachment-large size-large wp-image-11943\" alt=\"\" srcset=\"https:\/\/www.modave.be\/wp-content\/uploads\/2023\/03\/Condroz-Propre.jpg 400w, https:\/\/www.modave.be\/wp-content\/uploads\/2023\/03\/Condroz-Propre-212x300.jpg 212w\" sizes=\"(max-width: 400px) 100vw, 400px\" \/>\t\t\t\t\t\t\t\t\t\t\t\t\t\t\t<\/div>\n\t\t\t\t<\/div>\n\t\t\t\t\t<\/div>\n\t\t<\/div>\n\t\t\t\t\t<\/div>\n\t\t<\/section>\n\t\t\t\t<section class=\"elementor-section elementor-top-section elementor-element elementor-element-1c993ab elementor-section-boxed elementor-section-height-default elementor-section-height-default\" data-id=\"1c993ab\" data-element_type=\"section\" data-e-type=\"section\">\n\t\t\t\t\t\t<div class=\"elementor-container elementor-column-gap-default\">\n\t\t\t\t\t<div class=\"elementor-column elementor-col-100 elementor-top-column elementor-element elementor-element-79303ee\" data-id=\"79303ee\" data-element_type=\"column\" data-e-type=\"column\">\n\t\t\t<div class=\"elementor-widget-wrap elementor-element-populated\">\n\t\t\t\t\t\t<div class=\"elementor-element elementor-element-a12e629 icon-box-vertical-align-top img-align-left image-vertical-align-start slide-h-position-left elementor-widget elementor-widget-the7-elements-simple-posts\" data-id=\"a12e629\" data-element_type=\"widget\" data-e-type=\"widget\" data-widget_type=\"the7-elements-simple-posts.default\">\n\t\t\t\t<div class=\"elementor-widget-container\">\n\t\t\t\t\t<div class=\"the7-simple-widget-posts the7-elementor-widget the7-elements-simple-posts-a12e629 jquery-filter jquery-filter\" data-post-limit=\"-1\" data-pagination-mode=\"none\" data-scroll-offset=\"\" aria-live=\"assertive\">\t\t\t<div class=\"dt-css-grid custom-pagination-handler\" data-columns=\"{&quot;d&quot;:1,&quot;t&quot;:1,&quot;p&quot;:1,&quot;wd&quot;:&quot;&quot;}\">\n\t\t\t\t\t\t\t\t\t<div class=\"wf-cell visible \">\n\t\t\t\t\t\t<article class=\"post visible wrapper post-11948 services_communaux type-services_communaux status-publish has-post-thumbnail hentry category-dechets_sauvages description-off\">\n\n\t\t\t\t\t\t\t<div class=\"post-content-wrapper\">\n\t\t\t\t\t\t\t\t\t\t\t\t\t\t\t\t\t<div class=\"the7-simple-post-thumb\">\n\t\t\t\t\t\t\t\t\t\t<a class=\"post-thumbnail-rollover layzr-bg img-css-resize-wrapper\" aria-label=\"Image article\" href=\"https:\/\/www.modave.be\/index.php\/services_communaux\/be-wapp-2023-inscrivez-vous-pour-le-grand-nettoyage-de-printemps\/\"><img decoding=\"async\" width=\"2560\" height=\"1707\" src=\"data:image\/svg+xml,%3Csvg%20xmlns%3D&#039;http%3A%2F%2Fwww.w3.org%2F2000%2Fsvg&#039;%20viewBox%3D&#039;0%200%202560%201707&#039;%2F%3E\" class=\"attachment-full size-full preload-me aspect lazy lazy-load\" alt=\"\" sizes=\"(max-width: 2560px) 100vw, 2560px\" style=\"--ratio: 2560 \/ 1707;\" data-src=\"https:\/\/www.modave.be\/wp-content\/uploads\/2023\/03\/BE-WAPP-scaled.jpg\" loading=\"eager\" data-srcset=\"https:\/\/www.modave.be\/wp-content\/uploads\/2023\/03\/BE-WAPP-scaled.jpg 2560w, https:\/\/www.modave.be\/wp-content\/uploads\/2023\/03\/BE-WAPP-300x200.jpg 300w, https:\/\/www.modave.be\/wp-content\/uploads\/2023\/03\/BE-WAPP-1024x683.jpg 1024w, https:\/\/www.modave.be\/wp-content\/uploads\/2023\/03\/BE-WAPP-768x512.jpg 768w, https:\/\/www.modave.be\/wp-content\/uploads\/2023\/03\/BE-WAPP-1536x1024.jpg 1536w, https:\/\/www.modave.be\/wp-content\/uploads\/2023\/03\/BE-WAPP-2048x1365.jpg 2048w\" \/><span class=\"the7-hover-icon\"><\/span><\/a>\t\t\t\t\t\t\t\t\t<\/div>\n\t\t\t\t\t\t\t\t\t\t\t\t\t\t\t\t<div class=\"post-entry-content\">\n\t\t\t\t\t\t\t\t\t<h5 class=\"heading\"><a href=\"https:\/\/www.modave.be\/index.php\/services_communaux\/be-wapp-2023-inscrivez-vous-pour-le-grand-nettoyage-de-printemps\/\" rel=\"bookmark\" title=\"BE WAPP 2023 &#8211; Inscrivez-vous pour le grand nettoyage de printemps\" class=\"post-title\">BE WAPP 2023 &#8211; Inscrivez-vous pour le grand nettoyage de printemps<\/a><\/h5><div class=\"entry-meta\"><span class=\"meta-item data-link\"><time class=\"entry-date updated\" datetime=\"2023-02-09T10:48:02+01:00\">9 f\u00e9vrier 2023<\/time><\/span><\/div><p class=\"short-description\">Participez \u00e0 la&nbsp;9\u00e8me \u00e9dition du Grand Nettoyage&nbsp;qui aura lieu du&nbsp;23 au 26 mars ! Comme chaque ann\u00e9e, toutes les inscriptions se font via le site internet\u00a0www.bewapp.be.\u00a0Les participants sont invit\u00e9s \u00e0 former des \u00e9quipes, \u00e0 indiquer leur parcours sur une carte et \u00e0 commander leur mat\u00e9riel.\u00a0 Les\u202finscriptions\u202fofficielles&nbsp;au Grand Nettoyage&nbsp;se d\u00e9rouleront&nbsp;du 13 f\u00e9vrier\u202fau 16 mars 2023 \u00e0&hellip;<\/p><a href=\"https:\/\/www.modave.be\/index.php\/services_communaux\/be-wapp-2023-inscrivez-vous-pour-le-grand-nettoyage-de-printemps\/\" target=\"\" aria-label=\"En savoir plus sur BE WAPP 2023 &#8211; Inscrivez-vous pour le grand nettoyage de printemps\" class=\"box-button elementor-button elementor-size-xs\">En savoir plus<i aria-hidden=\"true\" class=\"elementor-button-icon dt-icon-the7-arrow-552\"><\/i><\/a>\t\t\t\t\t\t\t\t<\/div>\n\t\t\t\t\t\t\t<\/div>\n\t\t\t\t\t\t<\/article>\n\t\t\t\t\t<\/div>\t\t\t\t\t\t\t\t\t\t<div class=\"wf-cell visible \">\n\t\t\t\t\t\t<article class=\"post visible wrapper post-11950 services_communaux type-services_communaux status-publish has-post-thumbnail hentry category-dechets_sauvages description-off\">\n\n\t\t\t\t\t\t\t<div class=\"post-content-wrapper\">\n\t\t\t\t\t\t\t\t\t\t\t\t\t\t\t\t\t<div class=\"the7-simple-post-thumb\">\n\t\t\t\t\t\t\t\t\t\t<a class=\"post-thumbnail-rollover layzr-bg img-css-resize-wrapper\" aria-label=\"Image article\" href=\"https:\/\/www.modave.be\/index.php\/services_communaux\/be-wapp-grands-nettoyages-de-printemps\/\"><img decoding=\"async\" width=\"2560\" height=\"1707\" src=\"data:image\/svg+xml,%3Csvg%20xmlns%3D&#039;http%3A%2F%2Fwww.w3.org%2F2000%2Fsvg&#039;%20viewBox%3D&#039;0%200%202560%201707&#039;%2F%3E\" class=\"attachment-full size-full preload-me aspect lazy lazy-load\" alt=\"\" sizes=\"(max-width: 2560px) 100vw, 2560px\" style=\"--ratio: 2560 \/ 1707;\" data-src=\"https:\/\/www.modave.be\/wp-content\/uploads\/2023\/03\/BE-WAPP-scaled.jpg\" loading=\"eager\" data-srcset=\"https:\/\/www.modave.be\/wp-content\/uploads\/2023\/03\/BE-WAPP-scaled.jpg 2560w, https:\/\/www.modave.be\/wp-content\/uploads\/2023\/03\/BE-WAPP-300x200.jpg 300w, https:\/\/www.modave.be\/wp-content\/uploads\/2023\/03\/BE-WAPP-1024x683.jpg 1024w, https:\/\/www.modave.be\/wp-content\/uploads\/2023\/03\/BE-WAPP-768x512.jpg 768w, https:\/\/www.modave.be\/wp-content\/uploads\/2023\/03\/BE-WAPP-1536x1024.jpg 1536w, https:\/\/www.modave.be\/wp-content\/uploads\/2023\/03\/BE-WAPP-2048x1365.jpg 2048w\" \/><span class=\"the7-hover-icon\"><\/span><\/a>\t\t\t\t\t\t\t\t\t<\/div>\n\t\t\t\t\t\t\t\t\t\t\t\t\t\t\t\t<div class=\"post-entry-content\">\n\t\t\t\t\t\t\t\t\t<h5 class=\"heading\"><a href=\"https:\/\/www.modave.be\/index.php\/services_communaux\/be-wapp-grands-nettoyages-de-printemps\/\" rel=\"bookmark\" title=\"BE WAPP grands nettoyages de printemps\" class=\"post-title\">BE WAPP grands nettoyages de printemps<\/a><\/h5><div class=\"entry-meta\"><span class=\"meta-item data-link\"><time class=\"entry-date updated\" datetime=\"2022-03-04T10:50:14+01:00\">4 mars 2022<\/time><\/span><\/div><p class=\"short-description\">Be WaPP, Ensemble pour une Wallonie plus propre\u00a0 \u21d2&nbsp;\u21d2&nbsp;https:\/\/youtu.be\/bqxMB96kWSI&nbsp;<\/p><a href=\"https:\/\/www.modave.be\/index.php\/services_communaux\/be-wapp-grands-nettoyages-de-printemps\/\" target=\"\" aria-label=\"En savoir plus sur BE WAPP grands nettoyages de printemps\" class=\"box-button elementor-button elementor-size-xs\">En savoir plus<i aria-hidden=\"true\" class=\"elementor-button-icon dt-icon-the7-arrow-552\"><\/i><\/a>\t\t\t\t\t\t\t\t<\/div>\n\t\t\t\t\t\t\t<\/div>\n\t\t\t\t\t\t<\/article>\n\t\t\t\t\t<\/div>\t\t\t\t\t\t\t\t\t\t<div class=\"wf-cell visible \">\n\t\t\t\t\t\t<article class=\"post visible wrapper post-11951 services_communaux type-services_communaux status-publish has-post-thumbnail hentry category-dechets_sauvages description-off\">\n\n\t\t\t\t\t\t\t<div class=\"post-content-wrapper\">\n\t\t\t\t\t\t\t\t\t\t\t\t\t\t\t\t\t<div class=\"the7-simple-post-thumb\">\n\t\t\t\t\t\t\t\t\t\t<a class=\"post-thumbnail-rollover layzr-bg img-css-resize-wrapper\" aria-label=\"Image article\" href=\"https:\/\/www.modave.be\/index.php\/services_communaux\/inscrivez-votre-equipe-avant-le-13-9-be-wapp-du-24-au-27-septembre-2021\/\"><img decoding=\"async\" width=\"2560\" height=\"1707\" src=\"data:image\/svg+xml,%3Csvg%20xmlns%3D&#039;http%3A%2F%2Fwww.w3.org%2F2000%2Fsvg&#039;%20viewBox%3D&#039;0%200%202560%201707&#039;%2F%3E\" class=\"attachment-full size-full preload-me aspect lazy lazy-load\" alt=\"\" sizes=\"(max-width: 2560px) 100vw, 2560px\" style=\"--ratio: 2560 \/ 1707;\" data-src=\"https:\/\/www.modave.be\/wp-content\/uploads\/2023\/03\/BE-WAPP-scaled.jpg\" loading=\"eager\" data-srcset=\"https:\/\/www.modave.be\/wp-content\/uploads\/2023\/03\/BE-WAPP-scaled.jpg 2560w, https:\/\/www.modave.be\/wp-content\/uploads\/2023\/03\/BE-WAPP-300x200.jpg 300w, https:\/\/www.modave.be\/wp-content\/uploads\/2023\/03\/BE-WAPP-1024x683.jpg 1024w, https:\/\/www.modave.be\/wp-content\/uploads\/2023\/03\/BE-WAPP-768x512.jpg 768w, https:\/\/www.modave.be\/wp-content\/uploads\/2023\/03\/BE-WAPP-1536x1024.jpg 1536w, https:\/\/www.modave.be\/wp-content\/uploads\/2023\/03\/BE-WAPP-2048x1365.jpg 2048w\" \/><span class=\"the7-hover-icon\"><\/span><\/a>\t\t\t\t\t\t\t\t\t<\/div>\n\t\t\t\t\t\t\t\t\t\t\t\t\t\t\t\t<div class=\"post-entry-content\">\n\t\t\t\t\t\t\t\t\t<h5 class=\"heading\"><a href=\"https:\/\/www.modave.be\/index.php\/services_communaux\/inscrivez-votre-equipe-avant-le-13-9-be-wapp-du-24-au-27-septembre-2021\/\" rel=\"bookmark\" title=\"Inscrivez votre \u00e9quipe avant le 13\/9 &#8211; BE WAPP du 24 au 27 septembre 2021\" class=\"post-title\">Inscrivez votre \u00e9quipe avant le 13\/9 &#8211; BE WAPP du 24 au 27 septembre 2021<\/a><\/h5><div class=\"entry-meta\"><span class=\"meta-item data-link\"><time class=\"entry-date updated\" datetime=\"2021-09-07T10:51:27+02:00\">7 septembre 2021<\/time><\/span><\/div><p class=\"short-description\">La commune de Modave a d\u00e9cid\u00e9 de participer \u00e0 l\u2019op\u00e9ration \u00ab Grand nettoyage Bewapp \u00bb.L\u2019objectif est d\u2019inviter les citoyens qui le souhaitent \u00e0 prendre part \u00e0 l\u2019embellissement des diff\u00e9rents quartiers du territoire ! &nbsp;Que faire concr\u00e8tement &nbsp;s\u2019inscrire pr\u00e9alablement sur&nbsp;www.bewapp.be, du 2 ao\u00fbt au 13 septembre 2021; &nbsp;former des \u00e9quipes ; &nbsp;indiquer le parcours choisi sur&hellip;<\/p><a href=\"https:\/\/www.modave.be\/index.php\/services_communaux\/inscrivez-votre-equipe-avant-le-13-9-be-wapp-du-24-au-27-septembre-2021\/\" target=\"\" aria-label=\"En savoir plus sur Inscrivez votre \u00e9quipe avant le 13\/9 &#8211; BE WAPP du 24 au 27 septembre 2021\" class=\"box-button elementor-button elementor-size-xs\">En savoir plus<i aria-hidden=\"true\" class=\"elementor-button-icon dt-icon-the7-arrow-552\"><\/i><\/a>\t\t\t\t\t\t\t\t<\/div>\n\t\t\t\t\t\t\t<\/div>\n\t\t\t\t\t\t<\/article>\n\t\t\t\t\t<\/div>\t\t\t\t\t\t\t\t<\/div>\n\t\t<\/div>\t\t\t\t<\/div>\n\t\t\t\t<\/div>\n\t\t\t\t\t<\/div>\n\t\t<\/div>\n\t\t\t\t\t<\/div>\n\t\t<\/section>\n\t\t\t\t<\/div>\n\t\t","protected":false},"excerpt":{"rendered":"<p>La commune de Modave a d\u00e9cid\u00e9 de participer \u00e0 l\u2019op\u00e9ration \u00ab Grand nettoyage Bewapp \u00bb.L\u2019objectif est d\u2019inviter les citoyens qui le souhaitent \u00e0 prendre part \u00e0 l\u2019embellissement des diff\u00e9rents quartiers du territoire ! &nbsp;Que faire concr\u00e8tement &nbsp;s\u2019inscrire pr\u00e9alablement sur&nbsp;www.bewapp.be, du 2 ao\u00fbt au 13 septembre 2021; &nbsp;former des \u00e9quipes ; &nbsp;indiquer le parcours choisi sur&hellip;<\/p>\n","protected":false},"author":1,"featured_media":11286,"parent":0,"menu_order":0,"comment_status":"closed","ping_status":"closed","template":"","meta":{"footnotes":""},"class_list":["post-11941","page","type-page","status-publish","has-post-thumbnail","hentry","description-off"],"yoast_head":"<!-- This site is optimized with the Yoast SEO plugin v27.5 - https:\/\/yoast.com\/product\/yoast-seo-wordpress\/ -->\n<title>Halte aux d\u00e9chets sauvages - Commune de Modave<\/title>\n<meta name=\"robots\" content=\"index, follow, max-snippet:-1, max-image-preview:large, max-video-preview:-1\" \/>\n<link rel=\"canonical\" href=\"https:\/\/www.modave.be\/index.php\/halte-aux-dechets-sauvages\/\" \/>\n<meta property=\"og:locale\" content=\"fr_FR\" \/>\n<meta property=\"og:type\" content=\"article\" \/>\n<meta property=\"og:title\" content=\"Halte aux d\u00e9chets sauvages - Commune de Modave\" \/>\n<meta property=\"og:url\" content=\"https:\/\/www.modave.be\/index.php\/halte-aux-dechets-sauvages\/\" \/>\n<meta property=\"og:site_name\" content=\"Commune de Modave\" \/>\n<meta property=\"article:modified_time\" content=\"2023-03-08T09:44:55+00:00\" \/>\n<meta property=\"og:image\" content=\"https:\/\/www.modave.be\/wp-content\/uploads\/2023\/02\/Dechets.jpg\" \/>\n\t<meta property=\"og:image:width\" content=\"1920\" \/>\n\t<meta property=\"og:image:height\" content=\"1257\" \/>\n\t<meta property=\"og:image:type\" content=\"image\/jpeg\" \/>\n<meta name=\"twitter:card\" content=\"summary_large_image\" \/>\n<script type=\"application\/ld+json\" class=\"yoast-schema-graph\">{\"@context\":\"https:\\\/\\\/schema.org\",\"@graph\":[{\"@type\":\"WebPage\",\"@id\":\"https:\\\/\\\/www.modave.be\\\/index.php\\\/halte-aux-dechets-sauvages\\\/\",\"url\":\"https:\\\/\\\/www.modave.be\\\/index.php\\\/halte-aux-dechets-sauvages\\\/\",\"name\":\"Halte aux d\u00e9chets sauvages - Commune de Modave\",\"isPartOf\":{\"@id\":\"https:\\\/\\\/www.modave.be\\\/#website\"},\"primaryImageOfPage\":{\"@id\":\"https:\\\/\\\/www.modave.be\\\/index.php\\\/halte-aux-dechets-sauvages\\\/#primaryimage\"},\"image\":{\"@id\":\"https:\\\/\\\/www.modave.be\\\/index.php\\\/halte-aux-dechets-sauvages\\\/#primaryimage\"},\"thumbnailUrl\":\"https:\\\/\\\/www.modave.be\\\/wp-content\\\/uploads\\\/2023\\\/02\\\/Dechets.jpg\",\"datePublished\":\"2023-03-08T09:43:06+00:00\",\"dateModified\":\"2023-03-08T09:44:55+00:00\",\"breadcrumb\":{\"@id\":\"https:\\\/\\\/www.modave.be\\\/index.php\\\/halte-aux-dechets-sauvages\\\/#breadcrumb\"},\"inLanguage\":\"fr-FR\",\"potentialAction\":[{\"@type\":\"ReadAction\",\"target\":[\"https:\\\/\\\/www.modave.be\\\/index.php\\\/halte-aux-dechets-sauvages\\\/\"]}]},{\"@type\":\"ImageObject\",\"inLanguage\":\"fr-FR\",\"@id\":\"https:\\\/\\\/www.modave.be\\\/index.php\\\/halte-aux-dechets-sauvages\\\/#primaryimage\",\"url\":\"https:\\\/\\\/www.modave.be\\\/wp-content\\\/uploads\\\/2023\\\/02\\\/Dechets.jpg\",\"contentUrl\":\"https:\\\/\\\/www.modave.be\\\/wp-content\\\/uploads\\\/2023\\\/02\\\/Dechets.jpg\",\"width\":1920,\"height\":1257},{\"@type\":\"BreadcrumbList\",\"@id\":\"https:\\\/\\\/www.modave.be\\\/index.php\\\/halte-aux-dechets-sauvages\\\/#breadcrumb\",\"itemListElement\":[{\"@type\":\"ListItem\",\"position\":1,\"name\":\"Accueil\",\"item\":\"https:\\\/\\\/www.modave.be\\\/\"},{\"@type\":\"ListItem\",\"position\":2,\"name\":\"Halte aux d\u00e9chets sauvages\"}]},{\"@type\":\"WebSite\",\"@id\":\"https:\\\/\\\/www.modave.be\\\/#website\",\"url\":\"https:\\\/\\\/www.modave.be\\\/\",\"name\":\"Commune de Modave\",\"description\":\"Commune de Modave\",\"publisher\":{\"@id\":\"https:\\\/\\\/www.modave.be\\\/#organization\"},\"potentialAction\":[{\"@type\":\"SearchAction\",\"target\":{\"@type\":\"EntryPoint\",\"urlTemplate\":\"https:\\\/\\\/www.modave.be\\\/?s={search_term_string}\"},\"query-input\":{\"@type\":\"PropertyValueSpecification\",\"valueRequired\":true,\"valueName\":\"search_term_string\"}}],\"inLanguage\":\"fr-FR\"},{\"@type\":\"Organization\",\"@id\":\"https:\\\/\\\/www.modave.be\\\/#organization\",\"name\":\"Commune de Modave\",\"url\":\"https:\\\/\\\/www.modave.be\\\/\",\"logo\":{\"@type\":\"ImageObject\",\"inLanguage\":\"fr-FR\",\"@id\":\"https:\\\/\\\/www.modave.be\\\/#\\\/schema\\\/logo\\\/image\\\/\",\"url\":\"https:\\\/\\\/www.modave.be\\\/wp-content\\\/uploads\\\/2021\\\/12\\\/MODAVE_LOGO_HORIZONTAL_QUADRI_RVB.png\",\"contentUrl\":\"https:\\\/\\\/www.modave.be\\\/wp-content\\\/uploads\\\/2021\\\/12\\\/MODAVE_LOGO_HORIZONTAL_QUADRI_RVB.png\",\"width\":1200,\"height\":501,\"caption\":\"Commune de Modave\"},\"image\":{\"@id\":\"https:\\\/\\\/www.modave.be\\\/#\\\/schema\\\/logo\\\/image\\\/\"}}]}<\/script>\n<!-- \/ Yoast SEO plugin. -->","yoast_head_json":{"title":"Halte aux d\u00e9chets sauvages - Commune de Modave","robots":{"index":"index","follow":"follow","max-snippet":"max-snippet:-1","max-image-preview":"max-image-preview:large","max-video-preview":"max-video-preview:-1"},"canonical":"https:\/\/www.modave.be\/index.php\/halte-aux-dechets-sauvages\/","og_locale":"fr_FR","og_type":"article","og_title":"Halte aux d\u00e9chets sauvages - Commune de Modave","og_url":"https:\/\/www.modave.be\/index.php\/halte-aux-dechets-sauvages\/","og_site_name":"Commune de Modave","article_modified_time":"2023-03-08T09:44:55+00:00","og_image":[{"width":1920,"height":1257,"url":"https:\/\/www.modave.be\/wp-content\/uploads\/2023\/02\/Dechets.jpg","type":"image\/jpeg"}],"twitter_card":"summary_large_image","schema":{"@context":"https:\/\/schema.org","@graph":[{"@type":"WebPage","@id":"https:\/\/www.modave.be\/index.php\/halte-aux-dechets-sauvages\/","url":"https:\/\/www.modave.be\/index.php\/halte-aux-dechets-sauvages\/","name":"Halte aux d\u00e9chets sauvages - Commune de Modave","isPartOf":{"@id":"https:\/\/www.modave.be\/#website"},"primaryImageOfPage":{"@id":"https:\/\/www.modave.be\/index.php\/halte-aux-dechets-sauvages\/#primaryimage"},"image":{"@id":"https:\/\/www.modave.be\/index.php\/halte-aux-dechets-sauvages\/#primaryimage"},"thumbnailUrl":"https:\/\/www.modave.be\/wp-content\/uploads\/2023\/02\/Dechets.jpg","datePublished":"2023-03-08T09:43:06+00:00","dateModified":"2023-03-08T09:44:55+00:00","breadcrumb":{"@id":"https:\/\/www.modave.be\/index.php\/halte-aux-dechets-sauvages\/#breadcrumb"},"inLanguage":"fr-FR","potentialAction":[{"@type":"ReadAction","target":["https:\/\/www.modave.be\/index.php\/halte-aux-dechets-sauvages\/"]}]},{"@type":"ImageObject","inLanguage":"fr-FR","@id":"https:\/\/www.modave.be\/index.php\/halte-aux-dechets-sauvages\/#primaryimage","url":"https:\/\/www.modave.be\/wp-content\/uploads\/2023\/02\/Dechets.jpg","contentUrl":"https:\/\/www.modave.be\/wp-content\/uploads\/2023\/02\/Dechets.jpg","width":1920,"height":1257},{"@type":"BreadcrumbList","@id":"https:\/\/www.modave.be\/index.php\/halte-aux-dechets-sauvages\/#breadcrumb","itemListElement":[{"@type":"ListItem","position":1,"name":"Accueil","item":"https:\/\/www.modave.be\/"},{"@type":"ListItem","position":2,"name":"Halte aux d\u00e9chets sauvages"}]},{"@type":"WebSite","@id":"https:\/\/www.modave.be\/#website","url":"https:\/\/www.modave.be\/","name":"Commune de Modave","description":"Commune de Modave","publisher":{"@id":"https:\/\/www.modave.be\/#organization"},"potentialAction":[{"@type":"SearchAction","target":{"@type":"EntryPoint","urlTemplate":"https:\/\/www.modave.be\/?s={search_term_string}"},"query-input":{"@type":"PropertyValueSpecification","valueRequired":true,"valueName":"search_term_string"}}],"inLanguage":"fr-FR"},{"@type":"Organization","@id":"https:\/\/www.modave.be\/#organization","name":"Commune de Modave","url":"https:\/\/www.modave.be\/","logo":{"@type":"ImageObject","inLanguage":"fr-FR","@id":"https:\/\/www.modave.be\/#\/schema\/logo\/image\/","url":"https:\/\/www.modave.be\/wp-content\/uploads\/2021\/12\/MODAVE_LOGO_HORIZONTAL_QUADRI_RVB.png","contentUrl":"https:\/\/www.modave.be\/wp-content\/uploads\/2021\/12\/MODAVE_LOGO_HORIZONTAL_QUADRI_RVB.png","width":1200,"height":501,"caption":"Commune de Modave"},"image":{"@id":"https:\/\/www.modave.be\/#\/schema\/logo\/image\/"}}]}},"_links":{"self":[{"href":"https:\/\/www.modave.be\/index.php\/wp-json\/wp\/v2\/pages\/11941","targetHints":{"allow":["GET"]}}],"collection":[{"href":"https:\/\/www.modave.be\/index.php\/wp-json\/wp\/v2\/pages"}],"about":[{"href":"https:\/\/www.modave.be\/index.php\/wp-json\/wp\/v2\/types\/page"}],"author":[{"embeddable":true,"href":"https:\/\/www.modave.be\/index.php\/wp-json\/wp\/v2\/users\/1"}],"replies":[{"embeddable":true,"href":"https:\/\/www.modave.be\/index.php\/wp-json\/wp\/v2\/comments?post=11941"}],"version-history":[{"count":0,"href":"https:\/\/www.modave.be\/index.php\/wp-json\/wp\/v2\/pages\/11941\/revisions"}],"wp:featuredmedia":[{"embeddable":true,"href":"https:\/\/www.modave.be\/index.php\/wp-json\/wp\/v2\/media\/11286"}],"wp:attachment":[{"href":"https:\/\/www.modave.be\/index.php\/wp-json\/wp\/v2\/media?parent=11941"}],"curies":[{"name":"wp","href":"https:\/\/api.w.org\/{rel}","templated":true}]}}