{"id":14921,"date":"2025-02-26T10:24:26","date_gmt":"2025-02-26T09:24:26","guid":{"rendered":"https:\/\/www.modave.be\/?page_id=14921"},"modified":"2025-11-06T23:47:24","modified_gmt":"2025-11-06T22:47:24","slug":"politique-de-confidentialite-copy","status":"publish","type":"page","link":"https:\/\/www.modave.be\/index.php\/politique-de-confidentialite-copy\/","title":{"rendered":"Utilisation des cookies"},"content":{"rendered":"\t\t<div data-elementor-type=\"wp-page\" data-elementor-id=\"14921\" class=\"elementor elementor-14921\" wpc-filter-elementor-widget=\"1\" data-elementor-post-type=\"page\">\n\t\t\t\t\t\t<section class=\"elementor-section elementor-top-section elementor-element elementor-element-a84ef73 elementor-section-boxed elementor-section-height-default elementor-section-height-default\" data-id=\"a84ef73\" data-element_type=\"section\" data-e-type=\"section\">\n\t\t\t\t\t\t<div class=\"elementor-container elementor-column-gap-default\">\n\t\t\t\t\t<div class=\"elementor-column elementor-col-100 elementor-top-column elementor-element elementor-element-5b44d012\" data-id=\"5b44d012\" data-element_type=\"column\" data-e-type=\"column\">\n\t\t\t<div class=\"elementor-widget-wrap elementor-element-populated\">\n\t\t\t\t\t\t<div class=\"elementor-element elementor-element-7bef4af7 elementor-widget elementor-widget-text-editor\" data-id=\"7bef4af7\" data-element_type=\"widget\" data-e-type=\"widget\" data-widget_type=\"text-editor.default\">\n\t\t\t\t<div class=\"elementor-widget-container\">\n\t\t\t\t\t\t\t\t\t\n<h2 class=\"wp-block-heading\">Utilisation des cookies<\/h2>\n\n<p>Lorsque vous consultez des sites Internet, des petits fichiers sont d\u00e9pos\u00e9s sur votre ordinateur, t\u00e9l\u00e9phone ou tablette. Ces cookies permettent au site visit\u00e9 de recevoir quelques informations qui seront utilis\u00e9es afin d&rsquo;am\u00e9liorer votre exp\u00e9rience de navigation.<\/p>\n\n<p>Sur ce site Internet, les cookies sont notamment utilis\u00e9s afin d&rsquo;am\u00e9liorer l&rsquo;affichage de certains modules en le personnalisant par rapport \u00e0 votre navigateur, ils acc\u00e9l\u00e8rent l&rsquo;acc\u00e8s au moteur de recherche et permettent aussi de produire des statistiques anonymes sur les diff\u00e9rentes pages visit\u00e9es, sans permettre de vous identifier personnellement.<\/p>\n\n<p>Ces cookies ne sont accessibles que par le site Internet qui les a \u00e9mis et aucun acc\u00e8s n&rsquo;est possible aux autres fichiers de votre ordinateur.<\/p>\n\n<h5 class=\"wp-block-heading\">Nous vous offrons la possibilit\u00e9 de refuser l&rsquo;utilisation des cookies, cela pourrait cependant alt\u00e9rer le fonctionnement de certains modules. Il est aussi possible de bloquer automatiquement tous les cookies dans les options de votre navigateur.\u00a0<\/h5>\n\t\t\t\t\t\t\t\t<\/div>\n\t\t\t\t<\/div>\n\t\t\t\t\t<\/div>\n\t\t<\/div>\n\t\t\t\t\t<\/div>\n\t\t<\/section>\n\t\t\t\t<\/div>\n\t\t","protected":false},"excerpt":{"rendered":"<p>Utilisation des cookies Lorsque vous consultez des sites Internet, des petits fichiers sont d\u00e9pos\u00e9s sur votre ordinateur, t\u00e9l\u00e9phone ou tablette. Ces cookies permettent au site visit\u00e9 de recevoir quelques informations qui seront utilis\u00e9es afin d&rsquo;am\u00e9liorer votre exp\u00e9rience de navigation. Sur ce site Internet, les cookies sont notamment utilis\u00e9s afin d&rsquo;am\u00e9liorer l&rsquo;affichage de certains modules en&hellip;<\/p>\n","protected":false},"author":9,"featured_media":15109,"parent":0,"menu_order":0,"comment_status":"closed","ping_status":"open","template":"","meta":{"footnotes":""},"class_list":["post-14921","page","type-page","status-publish","has-post-thumbnail","hentry"],"yoast_head":"<!-- This site is optimized with the Yoast SEO plugin v27.6 - https:\/\/yoast.com\/product\/yoast-seo-wordpress\/ -->\n<title>Utilisation des cookies - Commune de Modave<\/title>\n<meta name=\"robots\" content=\"index, follow, max-snippet:-1, max-image-preview:large, max-video-preview:-1\" \/>\n<link rel=\"canonical\" href=\"https:\/\/www.modave.be\/index.php\/politique-de-confidentialite-copy\/\" \/>\n<meta property=\"og:locale\" content=\"fr_FR\" \/>\n<meta property=\"og:type\" content=\"article\" \/>\n<meta property=\"og:title\" content=\"Utilisation des cookies - Commune de Modave\" \/>\n<meta property=\"og:description\" content=\"Utilisation des cookies Lorsque vous consultez des sites Internet, des petits fichiers sont d\u00e9pos\u00e9s sur votre ordinateur, t\u00e9l\u00e9phone ou tablette. Ces cookies permettent au site visit\u00e9 de recevoir quelques informations qui seront utilis\u00e9es afin d&rsquo;am\u00e9liorer votre exp\u00e9rience de navigation. Sur ce site Internet, les cookies sont notamment utilis\u00e9s afin d&rsquo;am\u00e9liorer l&rsquo;affichage de certains modules en&hellip;\" \/>\n<meta property=\"og:url\" content=\"https:\/\/www.modave.be\/index.php\/politique-de-confidentialite-copy\/\" \/>\n<meta property=\"og:site_name\" content=\"Commune de Modave\" \/>\n<meta property=\"article:modified_time\" content=\"2025-11-06T22:47:24+00:00\" \/>\n<meta property=\"og:image\" content=\"https:\/\/www.modave.be\/wp-content\/uploads\/2025\/02\/RGPD-e1740576942124.jpg\" \/>\n\t<meta property=\"og:image:width\" content=\"1200\" \/>\n\t<meta property=\"og:image:height\" content=\"600\" \/>\n\t<meta property=\"og:image:type\" content=\"image\/jpeg\" \/>\n<meta name=\"twitter:card\" content=\"summary_large_image\" \/>\n<meta name=\"twitter:label1\" content=\"Dur\u00e9e de lecture estim\u00e9e\" \/>\n\t<meta name=\"twitter:data1\" content=\"1 minute\" \/>\n<script type=\"application\/ld+json\" class=\"yoast-schema-graph\">{\"@context\":\"https:\\\/\\\/schema.org\",\"@graph\":[{\"@type\":\"WebPage\",\"@id\":\"https:\\\/\\\/www.modave.be\\\/index.php\\\/politique-de-confidentialite-copy\\\/\",\"url\":\"https:\\\/\\\/www.modave.be\\\/index.php\\\/politique-de-confidentialite-copy\\\/\",\"name\":\"Utilisation des cookies - Commune de Modave\",\"isPartOf\":{\"@id\":\"https:\\\/\\\/www.modave.be\\\/#website\"},\"primaryImageOfPage\":{\"@id\":\"https:\\\/\\\/www.modave.be\\\/index.php\\\/politique-de-confidentialite-copy\\\/#primaryimage\"},\"image\":{\"@id\":\"https:\\\/\\\/www.modave.be\\\/index.php\\\/politique-de-confidentialite-copy\\\/#primaryimage\"},\"thumbnailUrl\":\"https:\\\/\\\/www.modave.be\\\/wp-content\\\/uploads\\\/2025\\\/02\\\/RGPD-e1740576942124.jpg\",\"datePublished\":\"2025-02-26T09:24:26+00:00\",\"dateModified\":\"2025-11-06T22:47:24+00:00\",\"breadcrumb\":{\"@id\":\"https:\\\/\\\/www.modave.be\\\/index.php\\\/politique-de-confidentialite-copy\\\/#breadcrumb\"},\"inLanguage\":\"fr-FR\",\"potentialAction\":[{\"@type\":\"ReadAction\",\"target\":[\"https:\\\/\\\/www.modave.be\\\/index.php\\\/politique-de-confidentialite-copy\\\/\"]}]},{\"@type\":\"ImageObject\",\"inLanguage\":\"fr-FR\",\"@id\":\"https:\\\/\\\/www.modave.be\\\/index.php\\\/politique-de-confidentialite-copy\\\/#primaryimage\",\"url\":\"https:\\\/\\\/www.modave.be\\\/wp-content\\\/uploads\\\/2025\\\/02\\\/RGPD-e1740576942124.jpg\",\"contentUrl\":\"https:\\\/\\\/www.modave.be\\\/wp-content\\\/uploads\\\/2025\\\/02\\\/RGPD-e1740576942124.jpg\",\"width\":1200,\"height\":600},{\"@type\":\"BreadcrumbList\",\"@id\":\"https:\\\/\\\/www.modave.be\\\/index.php\\\/politique-de-confidentialite-copy\\\/#breadcrumb\",\"itemListElement\":[{\"@type\":\"ListItem\",\"position\":1,\"name\":\"Accueil\",\"item\":\"https:\\\/\\\/www.modave.be\\\/\"},{\"@type\":\"ListItem\",\"position\":2,\"name\":\"Utilisation des cookies\"}]},{\"@type\":\"WebSite\",\"@id\":\"https:\\\/\\\/www.modave.be\\\/#website\",\"url\":\"https:\\\/\\\/www.modave.be\\\/\",\"name\":\"Commune de Modave\",\"description\":\"Commune de Modave\",\"publisher\":{\"@id\":\"https:\\\/\\\/www.modave.be\\\/#organization\"},\"potentialAction\":[{\"@type\":\"SearchAction\",\"target\":{\"@type\":\"EntryPoint\",\"urlTemplate\":\"https:\\\/\\\/www.modave.be\\\/?s={search_term_string}\"},\"query-input\":{\"@type\":\"PropertyValueSpecification\",\"valueRequired\":true,\"valueName\":\"search_term_string\"}}],\"inLanguage\":\"fr-FR\"},{\"@type\":\"Organization\",\"@id\":\"https:\\\/\\\/www.modave.be\\\/#organization\",\"name\":\"Commune de Modave\",\"url\":\"https:\\\/\\\/www.modave.be\\\/\",\"logo\":{\"@type\":\"ImageObject\",\"inLanguage\":\"fr-FR\",\"@id\":\"https:\\\/\\\/www.modave.be\\\/#\\\/schema\\\/logo\\\/image\\\/\",\"url\":\"https:\\\/\\\/www.modave.be\\\/wp-content\\\/uploads\\\/2021\\\/12\\\/MODAVE_LOGO_HORIZONTAL_QUADRI_RVB.png\",\"contentUrl\":\"https:\\\/\\\/www.modave.be\\\/wp-content\\\/uploads\\\/2021\\\/12\\\/MODAVE_LOGO_HORIZONTAL_QUADRI_RVB.png\",\"width\":1200,\"height\":501,\"caption\":\"Commune de Modave\"},\"image\":{\"@id\":\"https:\\\/\\\/www.modave.be\\\/#\\\/schema\\\/logo\\\/image\\\/\"}}]}<\/script>\n<!-- \/ Yoast SEO plugin. -->","yoast_head_json":{"title":"Utilisation des cookies - Commune de Modave","robots":{"index":"index","follow":"follow","max-snippet":"max-snippet:-1","max-image-preview":"max-image-preview:large","max-video-preview":"max-video-preview:-1"},"canonical":"https:\/\/www.modave.be\/index.php\/politique-de-confidentialite-copy\/","og_locale":"fr_FR","og_type":"article","og_title":"Utilisation des cookies - Commune de Modave","og_description":"Utilisation des cookies Lorsque vous consultez des sites Internet, des petits fichiers sont d\u00e9pos\u00e9s sur votre ordinateur, t\u00e9l\u00e9phone ou tablette. Ces cookies permettent au site visit\u00e9 de recevoir quelques informations qui seront utilis\u00e9es afin d&rsquo;am\u00e9liorer votre exp\u00e9rience de navigation. Sur ce site Internet, les cookies sont notamment utilis\u00e9s afin d&rsquo;am\u00e9liorer l&rsquo;affichage de certains modules en&hellip;","og_url":"https:\/\/www.modave.be\/index.php\/politique-de-confidentialite-copy\/","og_site_name":"Commune de Modave","article_modified_time":"2025-11-06T22:47:24+00:00","og_image":[{"width":1200,"height":600,"url":"https:\/\/www.modave.be\/wp-content\/uploads\/2025\/02\/RGPD-e1740576942124.jpg","type":"image\/jpeg"}],"twitter_card":"summary_large_image","twitter_misc":{"Dur\u00e9e de lecture estim\u00e9e":"1 minute"},"schema":{"@context":"https:\/\/schema.org","@graph":[{"@type":"WebPage","@id":"https:\/\/www.modave.be\/index.php\/politique-de-confidentialite-copy\/","url":"https:\/\/www.modave.be\/index.php\/politique-de-confidentialite-copy\/","name":"Utilisation des cookies - Commune de Modave","isPartOf":{"@id":"https:\/\/www.modave.be\/#website"},"primaryImageOfPage":{"@id":"https:\/\/www.modave.be\/index.php\/politique-de-confidentialite-copy\/#primaryimage"},"image":{"@id":"https:\/\/www.modave.be\/index.php\/politique-de-confidentialite-copy\/#primaryimage"},"thumbnailUrl":"https:\/\/www.modave.be\/wp-content\/uploads\/2025\/02\/RGPD-e1740576942124.jpg","datePublished":"2025-02-26T09:24:26+00:00","dateModified":"2025-11-06T22:47:24+00:00","breadcrumb":{"@id":"https:\/\/www.modave.be\/index.php\/politique-de-confidentialite-copy\/#breadcrumb"},"inLanguage":"fr-FR","potentialAction":[{"@type":"ReadAction","target":["https:\/\/www.modave.be\/index.php\/politique-de-confidentialite-copy\/"]}]},{"@type":"ImageObject","inLanguage":"fr-FR","@id":"https:\/\/www.modave.be\/index.php\/politique-de-confidentialite-copy\/#primaryimage","url":"https:\/\/www.modave.be\/wp-content\/uploads\/2025\/02\/RGPD-e1740576942124.jpg","contentUrl":"https:\/\/www.modave.be\/wp-content\/uploads\/2025\/02\/RGPD-e1740576942124.jpg","width":1200,"height":600},{"@type":"BreadcrumbList","@id":"https:\/\/www.modave.be\/index.php\/politique-de-confidentialite-copy\/#breadcrumb","itemListElement":[{"@type":"ListItem","position":1,"name":"Accueil","item":"https:\/\/www.modave.be\/"},{"@type":"ListItem","position":2,"name":"Utilisation des cookies"}]},{"@type":"WebSite","@id":"https:\/\/www.modave.be\/#website","url":"https:\/\/www.modave.be\/","name":"Commune de Modave","description":"Commune de Modave","publisher":{"@id":"https:\/\/www.modave.be\/#organization"},"potentialAction":[{"@type":"SearchAction","target":{"@type":"EntryPoint","urlTemplate":"https:\/\/www.modave.be\/?s={search_term_string}"},"query-input":{"@type":"PropertyValueSpecification","valueRequired":true,"valueName":"search_term_string"}}],"inLanguage":"fr-FR"},{"@type":"Organization","@id":"https:\/\/www.modave.be\/#organization","name":"Commune de Modave","url":"https:\/\/www.modave.be\/","logo":{"@type":"ImageObject","inLanguage":"fr-FR","@id":"https:\/\/www.modave.be\/#\/schema\/logo\/image\/","url":"https:\/\/www.modave.be\/wp-content\/uploads\/2021\/12\/MODAVE_LOGO_HORIZONTAL_QUADRI_RVB.png","contentUrl":"https:\/\/www.modave.be\/wp-content\/uploads\/2021\/12\/MODAVE_LOGO_HORIZONTAL_QUADRI_RVB.png","width":1200,"height":501,"caption":"Commune de Modave"},"image":{"@id":"https:\/\/www.modave.be\/#\/schema\/logo\/image\/"}}]}},"_links":{"self":[{"href":"https:\/\/www.modave.be\/index.php\/wp-json\/wp\/v2\/pages\/14921","targetHints":{"allow":["GET"]}}],"collection":[{"href":"https:\/\/www.modave.be\/index.php\/wp-json\/wp\/v2\/pages"}],"about":[{"href":"https:\/\/www.modave.be\/index.php\/wp-json\/wp\/v2\/types\/page"}],"author":[{"embeddable":true,"href":"https:\/\/www.modave.be\/index.php\/wp-json\/wp\/v2\/users\/9"}],"replies":[{"embeddable":true,"href":"https:\/\/www.modave.be\/index.php\/wp-json\/wp\/v2\/comments?post=14921"}],"version-history":[{"count":0,"href":"https:\/\/www.modave.be\/index.php\/wp-json\/wp\/v2\/pages\/14921\/revisions"}],"wp:featuredmedia":[{"embeddable":true,"href":"https:\/\/www.modave.be\/index.php\/wp-json\/wp\/v2\/media\/15109"}],"wp:attachment":[{"href":"https:\/\/www.modave.be\/index.php\/wp-json\/wp\/v2\/media?parent=14921"}],"curies":[{"name":"wp","href":"https:\/\/api.w.org\/{rel}","templated":true}]}}