{"id":3,"date":"2022-12-27T12:11:04","date_gmt":"2022-12-27T11:11:04","guid":{"rendered":"http:\/\/217.182.142.226\/?page_id=3"},"modified":"2025-02-26T15:07:48","modified_gmt":"2025-02-26T14:07:48","slug":"politique-de-confidentialite","status":"publish","type":"page","link":"https:\/\/www.modave.be\/index.php\/politique-de-confidentialite\/","title":{"rendered":"Politique de confidentialit\u00e9"},"content":{"rendered":"\t\t<div data-elementor-type=\"wp-page\" data-elementor-id=\"3\" class=\"elementor elementor-3\" wpc-filter-elementor-widget=\"1\" data-elementor-post-type=\"page\">\n\t\t\t\t\t\t<section class=\"elementor-section elementor-top-section elementor-element elementor-element-a84ef73 elementor-section-boxed elementor-section-height-default elementor-section-height-default\" data-id=\"a84ef73\" data-element_type=\"section\" data-e-type=\"section\">\n\t\t\t\t\t\t<div class=\"elementor-container elementor-column-gap-default\">\n\t\t\t\t\t<div class=\"elementor-column elementor-col-100 elementor-top-column elementor-element elementor-element-5b44d012\" data-id=\"5b44d012\" data-element_type=\"column\" data-e-type=\"column\">\n\t\t\t<div class=\"elementor-widget-wrap elementor-element-populated\">\n\t\t\t\t\t\t<div class=\"elementor-element elementor-element-7bef4af7 elementor-widget elementor-widget-text-editor\" data-id=\"7bef4af7\" data-element_type=\"widget\" data-e-type=\"widget\" data-widget_type=\"text-editor.default\">\n\t\t\t\t<div class=\"elementor-widget-container\">\n\t\t\t\t\t\t\t\t\t<h4>La Commune de Modave respecte le R\u00e8glement G\u00e9n\u00e9ral sur la protection des donn\u00e9es.<\/h4>\n<p><!-- \/wp:heading --><!-- wp:paragraph --><\/p>\n<p>Les donn\u00e9es que vous fournissez dans nos formulaires en ligne sont trait\u00e9es par l&rsquo;Administration Communale de Modave, dont l&rsquo;adresse est situ\u00e9e Place Georges Hubin 1-3 \u00e0 4577 Modave.\u00a0<span style=\"background-color: rgba(255, 255, 255, 0); color: var(--the7-base-color); letter-spacing: var(--the7-base-letter-spacing); text-transform: var(--the7-base-text-transform); word-spacing: normal;\">Ces donn\u00e9es sont r\u00e9colt\u00e9es via les formulaires que vous pouvez remplir dans la section \u00ab\u00a0Guichet en ligne\u00a0\u00bb et exclusivement destin\u00e9es \u00e0 permettre la gestion de votre demande.\u00a0<\/span><span style=\"background-color: rgba(255, 255, 255, 0); color: var(--the7-base-color); letter-spacing: var(--the7-base-letter-spacing); text-transform: var(--the7-base-text-transform); word-spacing: normal;\">Une fois votre demande trait\u00e9e, les donn\u00e9es sont supprim\u00e9es imm\u00e9diatement.<\/span><\/p>\n<p><!-- \/wp:paragraph --><!-- wp:paragraph --><\/p>\n<p><strong>Vous pouvez \u00e0 tout moment demander \u00e0 consulter, faire rectifier et faire supprimer vos donn\u00e9es personnelles aupr\u00e8s du service responsable du traitement de ces informations en remplissant ce formulaire ou en prenant contact par courrier ou par t\u00e9l\u00e9phone avec nos services :<\/strong><\/p>\n<p><!-- \/wp:paragraph --><!-- wp:paragraph --><\/p>\n<p style=\"text-align: center;\"><strong>Lorenz MOYAERS<\/strong><br \/>D\u00e9l\u00e9gu\u00e9 \u00e0 la protection des donn\u00e9es<br \/>GSM : 0471\/923.666<br \/>Mail : <a href=\"mailto:lorenz.moyaers@aideactionmediation.org\">lorenz.moyaers@aideactionmediation.org<\/a><\/p>\n<p><!-- \/wp:paragraph --><!-- wp:heading --><\/p>\n<p><!-- \/wp:heading --><\/p>\t\t\t\t\t\t\t\t<\/div>\n\t\t\t\t<\/div>\n\t\t\t\t\t<\/div>\n\t\t<\/div>\n\t\t\t\t\t<\/div>\n\t\t<\/section>\n\t\t\t\t<\/div>\n\t\t","protected":false},"excerpt":{"rendered":"<p>La Commune de Modave respecte le R\u00e8glement G\u00e9n\u00e9ral sur la protection des donn\u00e9es. Les donn\u00e9es que vous fournissez dans nos formulaires en ligne sont trait\u00e9es par l&rsquo;Administration Communale de Modave, dont l&rsquo;adresse est situ\u00e9e Place Georges Hubin 1-3 \u00e0 4577 Modave.\u00a0Ces donn\u00e9es sont r\u00e9colt\u00e9es via les formulaires que vous pouvez remplir dans la section \u00ab\u00a0Guichet&hellip;<\/p>\n","protected":false},"author":1,"featured_media":15123,"parent":0,"menu_order":0,"comment_status":"closed","ping_status":"open","template":"","meta":{"footnotes":""},"class_list":["post-3","page","type-page","status-publish","has-post-thumbnail","hentry"],"yoast_head":"<!-- This site is optimized with the Yoast SEO plugin v27.4 - https:\/\/yoast.com\/product\/yoast-seo-wordpress\/ -->\n<title>Politique de confidentialit\u00e9 - Commune de Modave<\/title>\n<meta name=\"robots\" content=\"index, follow, max-snippet:-1, max-image-preview:large, max-video-preview:-1\" \/>\n<link rel=\"canonical\" href=\"https:\/\/www.modave.be\/index.php\/politique-de-confidentialite\/\" \/>\n<meta property=\"og:locale\" content=\"fr_FR\" \/>\n<meta property=\"og:type\" content=\"article\" \/>\n<meta property=\"og:title\" content=\"Politique de confidentialit\u00e9 - Commune de Modave\" \/>\n<meta property=\"og:description\" content=\"La Commune de Modave respecte le R\u00e8glement G\u00e9n\u00e9ral sur la protection des donn\u00e9es. Les donn\u00e9es que vous fournissez dans nos formulaires en ligne sont trait\u00e9es par l&rsquo;Administration Communale de Modave, dont l&rsquo;adresse est situ\u00e9e Place Georges Hubin 1-3 \u00e0 4577 Modave.\u00a0Ces donn\u00e9es sont r\u00e9colt\u00e9es via les formulaires que vous pouvez remplir dans la section \u00ab\u00a0Guichet&hellip;\" \/>\n<meta property=\"og:url\" content=\"https:\/\/www.modave.be\/index.php\/politique-de-confidentialite\/\" \/>\n<meta property=\"og:site_name\" content=\"Commune de Modave\" \/>\n<meta property=\"article:modified_time\" content=\"2025-02-26T14:07:48+00:00\" \/>\n<meta property=\"og:image\" content=\"https:\/\/www.modave.be\/wp-content\/uploads\/2025\/02\/Confidentialite.jpg\" \/>\n\t<meta property=\"og:image:width\" content=\"1200\" \/>\n\t<meta property=\"og:image:height\" content=\"628\" \/>\n\t<meta property=\"og:image:type\" content=\"image\/jpeg\" \/>\n<meta name=\"twitter:card\" content=\"summary_large_image\" \/>\n<meta name=\"twitter:label1\" content=\"Dur\u00e9e de lecture estim\u00e9e\" \/>\n\t<meta name=\"twitter:data1\" content=\"1 minute\" \/>\n<script type=\"application\/ld+json\" class=\"yoast-schema-graph\">{\"@context\":\"https:\\\/\\\/schema.org\",\"@graph\":[{\"@type\":\"WebPage\",\"@id\":\"https:\\\/\\\/www.modave.be\\\/index.php\\\/politique-de-confidentialite\\\/\",\"url\":\"https:\\\/\\\/www.modave.be\\\/index.php\\\/politique-de-confidentialite\\\/\",\"name\":\"Politique de confidentialit\u00e9 - Commune de Modave\",\"isPartOf\":{\"@id\":\"https:\\\/\\\/www.modave.be\\\/#website\"},\"primaryImageOfPage\":{\"@id\":\"https:\\\/\\\/www.modave.be\\\/index.php\\\/politique-de-confidentialite\\\/#primaryimage\"},\"image\":{\"@id\":\"https:\\\/\\\/www.modave.be\\\/index.php\\\/politique-de-confidentialite\\\/#primaryimage\"},\"thumbnailUrl\":\"https:\\\/\\\/www.modave.be\\\/wp-content\\\/uploads\\\/2025\\\/02\\\/Confidentialite.jpg\",\"datePublished\":\"2022-12-27T11:11:04+00:00\",\"dateModified\":\"2025-02-26T14:07:48+00:00\",\"breadcrumb\":{\"@id\":\"https:\\\/\\\/www.modave.be\\\/index.php\\\/politique-de-confidentialite\\\/#breadcrumb\"},\"inLanguage\":\"fr-FR\",\"potentialAction\":[{\"@type\":\"ReadAction\",\"target\":[\"https:\\\/\\\/www.modave.be\\\/index.php\\\/politique-de-confidentialite\\\/\"]}]},{\"@type\":\"ImageObject\",\"inLanguage\":\"fr-FR\",\"@id\":\"https:\\\/\\\/www.modave.be\\\/index.php\\\/politique-de-confidentialite\\\/#primaryimage\",\"url\":\"https:\\\/\\\/www.modave.be\\\/wp-content\\\/uploads\\\/2025\\\/02\\\/Confidentialite.jpg\",\"contentUrl\":\"https:\\\/\\\/www.modave.be\\\/wp-content\\\/uploads\\\/2025\\\/02\\\/Confidentialite.jpg\",\"width\":1200,\"height\":628},{\"@type\":\"BreadcrumbList\",\"@id\":\"https:\\\/\\\/www.modave.be\\\/index.php\\\/politique-de-confidentialite\\\/#breadcrumb\",\"itemListElement\":[{\"@type\":\"ListItem\",\"position\":1,\"name\":\"Accueil\",\"item\":\"https:\\\/\\\/www.modave.be\\\/\"},{\"@type\":\"ListItem\",\"position\":2,\"name\":\"Politique de confidentialit\u00e9\"}]},{\"@type\":\"WebSite\",\"@id\":\"https:\\\/\\\/www.modave.be\\\/#website\",\"url\":\"https:\\\/\\\/www.modave.be\\\/\",\"name\":\"Commune de Modave\",\"description\":\"Commune de Modave\",\"publisher\":{\"@id\":\"https:\\\/\\\/www.modave.be\\\/#organization\"},\"potentialAction\":[{\"@type\":\"SearchAction\",\"target\":{\"@type\":\"EntryPoint\",\"urlTemplate\":\"https:\\\/\\\/www.modave.be\\\/?s={search_term_string}\"},\"query-input\":{\"@type\":\"PropertyValueSpecification\",\"valueRequired\":true,\"valueName\":\"search_term_string\"}}],\"inLanguage\":\"fr-FR\"},{\"@type\":\"Organization\",\"@id\":\"https:\\\/\\\/www.modave.be\\\/#organization\",\"name\":\"Commune de Modave\",\"url\":\"https:\\\/\\\/www.modave.be\\\/\",\"logo\":{\"@type\":\"ImageObject\",\"inLanguage\":\"fr-FR\",\"@id\":\"https:\\\/\\\/www.modave.be\\\/#\\\/schema\\\/logo\\\/image\\\/\",\"url\":\"https:\\\/\\\/www.modave.be\\\/wp-content\\\/uploads\\\/2021\\\/12\\\/MODAVE_LOGO_HORIZONTAL_QUADRI_RVB.png\",\"contentUrl\":\"https:\\\/\\\/www.modave.be\\\/wp-content\\\/uploads\\\/2021\\\/12\\\/MODAVE_LOGO_HORIZONTAL_QUADRI_RVB.png\",\"width\":1200,\"height\":501,\"caption\":\"Commune de Modave\"},\"image\":{\"@id\":\"https:\\\/\\\/www.modave.be\\\/#\\\/schema\\\/logo\\\/image\\\/\"}}]}<\/script>\n<!-- \/ Yoast SEO plugin. -->","yoast_head_json":{"title":"Politique de confidentialit\u00e9 - Commune de Modave","robots":{"index":"index","follow":"follow","max-snippet":"max-snippet:-1","max-image-preview":"max-image-preview:large","max-video-preview":"max-video-preview:-1"},"canonical":"https:\/\/www.modave.be\/index.php\/politique-de-confidentialite\/","og_locale":"fr_FR","og_type":"article","og_title":"Politique de confidentialit\u00e9 - Commune de Modave","og_description":"La Commune de Modave respecte le R\u00e8glement G\u00e9n\u00e9ral sur la protection des donn\u00e9es. Les donn\u00e9es que vous fournissez dans nos formulaires en ligne sont trait\u00e9es par l&rsquo;Administration Communale de Modave, dont l&rsquo;adresse est situ\u00e9e Place Georges Hubin 1-3 \u00e0 4577 Modave.\u00a0Ces donn\u00e9es sont r\u00e9colt\u00e9es via les formulaires que vous pouvez remplir dans la section \u00ab\u00a0Guichet&hellip;","og_url":"https:\/\/www.modave.be\/index.php\/politique-de-confidentialite\/","og_site_name":"Commune de Modave","article_modified_time":"2025-02-26T14:07:48+00:00","og_image":[{"width":1200,"height":628,"url":"https:\/\/www.modave.be\/wp-content\/uploads\/2025\/02\/Confidentialite.jpg","type":"image\/jpeg"}],"twitter_card":"summary_large_image","twitter_misc":{"Dur\u00e9e de lecture estim\u00e9e":"1 minute"},"schema":{"@context":"https:\/\/schema.org","@graph":[{"@type":"WebPage","@id":"https:\/\/www.modave.be\/index.php\/politique-de-confidentialite\/","url":"https:\/\/www.modave.be\/index.php\/politique-de-confidentialite\/","name":"Politique de confidentialit\u00e9 - Commune de Modave","isPartOf":{"@id":"https:\/\/www.modave.be\/#website"},"primaryImageOfPage":{"@id":"https:\/\/www.modave.be\/index.php\/politique-de-confidentialite\/#primaryimage"},"image":{"@id":"https:\/\/www.modave.be\/index.php\/politique-de-confidentialite\/#primaryimage"},"thumbnailUrl":"https:\/\/www.modave.be\/wp-content\/uploads\/2025\/02\/Confidentialite.jpg","datePublished":"2022-12-27T11:11:04+00:00","dateModified":"2025-02-26T14:07:48+00:00","breadcrumb":{"@id":"https:\/\/www.modave.be\/index.php\/politique-de-confidentialite\/#breadcrumb"},"inLanguage":"fr-FR","potentialAction":[{"@type":"ReadAction","target":["https:\/\/www.modave.be\/index.php\/politique-de-confidentialite\/"]}]},{"@type":"ImageObject","inLanguage":"fr-FR","@id":"https:\/\/www.modave.be\/index.php\/politique-de-confidentialite\/#primaryimage","url":"https:\/\/www.modave.be\/wp-content\/uploads\/2025\/02\/Confidentialite.jpg","contentUrl":"https:\/\/www.modave.be\/wp-content\/uploads\/2025\/02\/Confidentialite.jpg","width":1200,"height":628},{"@type":"BreadcrumbList","@id":"https:\/\/www.modave.be\/index.php\/politique-de-confidentialite\/#breadcrumb","itemListElement":[{"@type":"ListItem","position":1,"name":"Accueil","item":"https:\/\/www.modave.be\/"},{"@type":"ListItem","position":2,"name":"Politique de confidentialit\u00e9"}]},{"@type":"WebSite","@id":"https:\/\/www.modave.be\/#website","url":"https:\/\/www.modave.be\/","name":"Commune de Modave","description":"Commune de Modave","publisher":{"@id":"https:\/\/www.modave.be\/#organization"},"potentialAction":[{"@type":"SearchAction","target":{"@type":"EntryPoint","urlTemplate":"https:\/\/www.modave.be\/?s={search_term_string}"},"query-input":{"@type":"PropertyValueSpecification","valueRequired":true,"valueName":"search_term_string"}}],"inLanguage":"fr-FR"},{"@type":"Organization","@id":"https:\/\/www.modave.be\/#organization","name":"Commune de Modave","url":"https:\/\/www.modave.be\/","logo":{"@type":"ImageObject","inLanguage":"fr-FR","@id":"https:\/\/www.modave.be\/#\/schema\/logo\/image\/","url":"https:\/\/www.modave.be\/wp-content\/uploads\/2021\/12\/MODAVE_LOGO_HORIZONTAL_QUADRI_RVB.png","contentUrl":"https:\/\/www.modave.be\/wp-content\/uploads\/2021\/12\/MODAVE_LOGO_HORIZONTAL_QUADRI_RVB.png","width":1200,"height":501,"caption":"Commune de Modave"},"image":{"@id":"https:\/\/www.modave.be\/#\/schema\/logo\/image\/"}}]}},"_links":{"self":[{"href":"https:\/\/www.modave.be\/index.php\/wp-json\/wp\/v2\/pages\/3","targetHints":{"allow":["GET"]}}],"collection":[{"href":"https:\/\/www.modave.be\/index.php\/wp-json\/wp\/v2\/pages"}],"about":[{"href":"https:\/\/www.modave.be\/index.php\/wp-json\/wp\/v2\/types\/page"}],"author":[{"embeddable":true,"href":"https:\/\/www.modave.be\/index.php\/wp-json\/wp\/v2\/users\/1"}],"replies":[{"embeddable":true,"href":"https:\/\/www.modave.be\/index.php\/wp-json\/wp\/v2\/comments?post=3"}],"version-history":[{"count":0,"href":"https:\/\/www.modave.be\/index.php\/wp-json\/wp\/v2\/pages\/3\/revisions"}],"wp:featuredmedia":[{"embeddable":true,"href":"https:\/\/www.modave.be\/index.php\/wp-json\/wp\/v2\/media\/15123"}],"wp:attachment":[{"href":"https:\/\/www.modave.be\/index.php\/wp-json\/wp\/v2\/media?parent=3"}],"curies":[{"name":"wp","href":"https:\/\/api.w.org\/{rel}","templated":true}]}}